{"id":10,"date":"2022-06-17T19:46:52","date_gmt":"2022-06-17T17:46:52","guid":{"rendered":"https:\/\/grinon.wordcamp.org\/2022\/sponsors\/"},"modified":"2022-10-26T01:42:52","modified_gmt":"2022-10-25T23:42:52","slug":"patrocinadores","status":"publish","type":"page","link":"https:\/\/grinon.wordcamp.org\/2022\/patrocinadores\/","title":{"rendered":"Patrocinadores"},"content":{"rendered":"\n<div class=\"wp-block-columns is-layout-flex wp-container-core-columns-is-layout-f56f613f wp-block-columns-is-layout-flex\">\n<div class=\"wp-block-column is-layout-flow wp-block-column-is-layout-flow\">\n<h1 class=\"wp-block-heading\">Patrocinadores<\/h1>\n\n\n\n<p class=\"wp-block-paragraph\">Porque ellos son la sal del Himalaya de nuestros platos.&nbsp;<\/p>\n\n\n\n<p class=\"wp-block-paragraph\">Porque sin su colaboraci\u00f3n la WordCamp Gri\u00f1\u00f3n 2022 no habr\u00eda pasado de ser un bonito sue\u00f1o.<\/p>\n\n\n\n<p class=\"wp-block-paragraph\">Queremos <strong>dar p\u00fablicamente las gracias a nuestros patrocinadores<\/strong>. Y tambi\u00e9n que no te quedes sin saber qui\u00e9n va a estar acompa\u00f1\u00e1ndonos y puedas planificar desde ya tus visitas para <strong>conocer sus productos y servicios<\/strong>.<\/p>\n\n\n\n<p class=\"wp-block-paragraph\">No los pierdas de vista, porque adem\u00e1s de conseguir que este \u201csarao\u201d sea viable econ\u00f3micamente, <strong>vienen dispuestos a darlo todo <\/strong>para que sea un \u00e9xito.<\/p>\n\n\n\n<p class=\"wp-block-paragraph\">Si <a href=\"https:\/\/grinon.wordcamp.org\/2022\/blog\/llamada-a-patrocinadores\/\">quieres ser patrocinador<\/a> revisa esta informaci\u00f3n.<\/p>\n<\/div>\n<\/div>\n\n\n<div class=\"wp-block-template-part\">\n<h3 class=\"wp-block-heading\">Con el apoyo y la colaboraci\u00f3n del<\/h3>\n\n\n\n<figure class=\"wp-block-image aligncenter size-medium is-resized\"><a href=\"https:\/\/www.grinon.es\/\"><img loading=\"lazy\" decoding=\"async\" src=\"https:\/\/grinon.wordcamp.org\/2022\/files\/2022\/09\/logo-ayuntamiento-grinon-2022-3-300x113.jpg\" alt=\"Ayuntamiento de Gri\u00f1\u00f3n\" class=\"wp-image-2351\" width=\"300\" height=\"113\" srcset=\"https:\/\/grinon.wordcamp.org\/2022\/files\/2022\/09\/logo-ayuntamiento-grinon-2022-3-300x113.jpg 300w, https:\/\/grinon.wordcamp.org\/2022\/files\/2022\/09\/logo-ayuntamiento-grinon-2022-3-768x288.jpg 768w, https:\/\/grinon.wordcamp.org\/2022\/files\/2022\/09\/logo-ayuntamiento-grinon-2022-3-500x188.jpg 500w, https:\/\/grinon.wordcamp.org\/2022\/files\/2022\/09\/logo-ayuntamiento-grinon-2022-3.jpg 800w\" sizes=\"auto, (max-width: 300px) 100vw, 300px\" \/><\/a><figcaption class=\"wp-element-caption\">Ayuntamiento de Gri\u00f1\u00f3n<\/figcaption><\/figure>\n\n\n\n<h2 class=\"has-text-align-left wp-block-heading\">Globales<\/h2>\n\n\n\n<div class=\"wp-block-columns is-layout-flex wp-container-core-columns-is-layout-f56f613f wp-block-columns-is-layout-flex\">\n<div class=\"wp-block-column is-layout-flow wp-block-column-is-layout-flow\">\n<figure class=\"wp-block-image aligncenter size-full is-resized\"><a href=\"https:\/\/grinon.wordcamp.org\/2022\/patrocinadores\/bluehost\/\"><img loading=\"lazy\" decoding=\"async\" src=\"https:\/\/grinon.wordcamp.org\/2022\/files\/2022\/08\/pt-global-bluehost.jpg\" alt=\"\" class=\"wp-image-1901\" width=\"528\" height=\"198\" srcset=\"https:\/\/grinon.wordcamp.org\/2022\/files\/2022\/08\/pt-global-bluehost.jpg 800w, https:\/\/grinon.wordcamp.org\/2022\/files\/2022\/08\/pt-global-bluehost-300x113.jpg 300w, https:\/\/grinon.wordcamp.org\/2022\/files\/2022\/08\/pt-global-bluehost-768x288.jpg 768w, https:\/\/grinon.wordcamp.org\/2022\/files\/2022\/08\/pt-global-bluehost-500x188.jpg 500w\" sizes=\"auto, (max-width: 528px) 100vw, 528px\" \/><\/a><\/figure>\n\n\n\n<figure class=\"wp-block-image aligncenter size-full is-resized\"><a href=\"https:\/\/grinon.wordcamp.org\/2022\/patrocinadores\/weglot\/\"><img loading=\"lazy\" decoding=\"async\" src=\"https:\/\/grinon.wordcamp.org\/2022\/files\/2022\/08\/pt-global-weglot.jpg\" alt=\"\" class=\"wp-image-1903\" width=\"528\" height=\"198\" srcset=\"https:\/\/grinon.wordcamp.org\/2022\/files\/2022\/08\/pt-global-weglot.jpg 800w, https:\/\/grinon.wordcamp.org\/2022\/files\/2022\/08\/pt-global-weglot-300x113.jpg 300w, https:\/\/grinon.wordcamp.org\/2022\/files\/2022\/08\/pt-global-weglot-768x288.jpg 768w, https:\/\/grinon.wordcamp.org\/2022\/files\/2022\/08\/pt-global-weglot-500x188.jpg 500w\" sizes=\"auto, (max-width: 528px) 100vw, 528px\" \/><\/a><\/figure>\n<\/div>\n\n\n\n<div class=\"wp-block-column is-layout-flow wp-block-column-is-layout-flow\">\n<figure class=\"wp-block-image aligncenter size-full is-resized\"><a href=\"https:\/\/grinon.wordcamp.org\/2022\/patrocinadores\/jetpack\/\"><img loading=\"lazy\" decoding=\"async\" src=\"https:\/\/grinon.wordcamp.org\/2022\/files\/2022\/08\/jetpack.jpg\" alt=\"\" class=\"wp-image-1900\" width=\"528\" height=\"198\" srcset=\"https:\/\/grinon.wordcamp.org\/2022\/files\/2022\/08\/jetpack.jpg 800w, https:\/\/grinon.wordcamp.org\/2022\/files\/2022\/08\/jetpack-300x113.jpg 300w, https:\/\/grinon.wordcamp.org\/2022\/files\/2022\/08\/jetpack-768x288.jpg 768w, https:\/\/grinon.wordcamp.org\/2022\/files\/2022\/08\/jetpack-500x188.jpg 500w\" sizes=\"auto, (max-width: 528px) 100vw, 528px\" \/><\/a><\/figure>\n\n\n\n<figure class=\"wp-block-image aligncenter size-full is-resized\"><a href=\"https:\/\/grinon.wordcamp.org\/2022\/patrocinadores\/wordpress-com\/\"><img loading=\"lazy\" decoding=\"async\" src=\"https:\/\/grinon.wordcamp.org\/2022\/files\/2022\/11\/wordpress-com-3.png\" alt=\"\" class=\"wp-image-4739\" width=\"528\" height=\"198\" srcset=\"https:\/\/grinon.wordcamp.org\/2022\/files\/2022\/11\/wordpress-com-3.png 800w, https:\/\/grinon.wordcamp.org\/2022\/files\/2022\/11\/wordpress-com-3-300x113.png 300w, https:\/\/grinon.wordcamp.org\/2022\/files\/2022\/11\/wordpress-com-3-768x288.png 768w, https:\/\/grinon.wordcamp.org\/2022\/files\/2022\/11\/wordpress-com-3-500x188.png 500w\" sizes=\"auto, (max-width: 528px) 100vw, 528px\" \/><\/a><\/figure>\n<\/div>\n\n\n\n<div class=\"wp-block-column is-layout-flow wp-block-column-is-layout-flow\">\n<figure class=\"wp-block-image aligncenter size-full is-resized\"><a href=\"https:\/\/grinon.wordcamp.org\/2022\/patrocinadores\/nexcess\/\"><img loading=\"lazy\" decoding=\"async\" src=\"https:\/\/grinon.wordcamp.org\/2022\/files\/2022\/08\/pt-global-nexcess.jpg\" alt=\"\" class=\"wp-image-1902\" width=\"528\" height=\"198\" srcset=\"https:\/\/grinon.wordcamp.org\/2022\/files\/2022\/08\/pt-global-nexcess.jpg 800w, https:\/\/grinon.wordcamp.org\/2022\/files\/2022\/08\/pt-global-nexcess-300x113.jpg 300w, https:\/\/grinon.wordcamp.org\/2022\/files\/2022\/08\/pt-global-nexcess-768x288.jpg 768w, https:\/\/grinon.wordcamp.org\/2022\/files\/2022\/08\/pt-global-nexcess-500x188.jpg 500w\" sizes=\"auto, (max-width: 528px) 100vw, 528px\" \/><\/a><\/figure>\n\n\n\n<figure class=\"wp-block-image aligncenter size-full is-resized\"><a href=\"https:\/\/grinon.wordcamp.org\/2022\/patrocinadores\/woocommerce\/\"><img loading=\"lazy\" decoding=\"async\" src=\"https:\/\/grinon.wordcamp.org\/2022\/files\/2022\/08\/pt-global-woocommerce.jpg\" alt=\"\" class=\"wp-image-1904\" width=\"528\" height=\"198\" srcset=\"https:\/\/grinon.wordcamp.org\/2022\/files\/2022\/08\/pt-global-woocommerce.jpg 800w, https:\/\/grinon.wordcamp.org\/2022\/files\/2022\/08\/pt-global-woocommerce-300x113.jpg 300w, https:\/\/grinon.wordcamp.org\/2022\/files\/2022\/08\/pt-global-woocommerce-768x288.jpg 768w, https:\/\/grinon.wordcamp.org\/2022\/files\/2022\/08\/pt-global-woocommerce-500x188.jpg 500w\" sizes=\"auto, (max-width: 528px) 100vw, 528px\" \/><\/a><\/figure>\n<\/div>\n<\/div>\n\n\n\n<h2 class=\"has-text-align-left wp-block-heading\">After Party<\/h2>\n\n\n\n<div class=\"wp-block-columns is-layout-flex wp-container-core-columns-is-layout-f56f613f wp-block-columns-is-layout-flex\">\n<div class=\"wp-block-column is-layout-flow wp-block-column-is-layout-flow\">\n<figure class=\"wp-block-image aligncenter size-full\"><a href=\"https:\/\/grinon.wordcamp.org\/2022\/patrocinadores\/raiola-networks\/\"><img loading=\"lazy\" decoding=\"async\" width=\"800\" height=\"300\" src=\"https:\/\/grinon.wordcamp.org\/2022\/files\/2022\/10\/Raiola-new.png\" alt=\"\" class=\"wp-image-4040\" srcset=\"https:\/\/grinon.wordcamp.org\/2022\/files\/2022\/10\/Raiola-new.png 800w, https:\/\/grinon.wordcamp.org\/2022\/files\/2022\/10\/Raiola-new-300x113.png 300w, https:\/\/grinon.wordcamp.org\/2022\/files\/2022\/10\/Raiola-new-768x288.png 768w, https:\/\/grinon.wordcamp.org\/2022\/files\/2022\/10\/Raiola-new-500x188.png 500w\" sizes=\"auto, (max-width: 800px) 100vw, 800px\" \/><\/a><\/figure>\n<\/div>\n<\/div>\n\n\n\n<h2 class=\"has-text-align-left wp-block-heading\">Oro<\/h2>\n\n\n\n<div class=\"wp-block-columns is-layout-flex wp-container-core-columns-is-layout-f56f613f wp-block-columns-is-layout-flex\">\n<div class=\"wp-block-column is-layout-flow wp-block-column-is-layout-flow\">\n<figure class=\"wp-block-image aligncenter size-full\"><a href=\"https:\/\/grinon.wordcamp.org\/2022\/patrocinadores\/elementor\/\"><img loading=\"lazy\" decoding=\"async\" width=\"800\" height=\"300\" src=\"https:\/\/grinon.wordcamp.org\/2022\/files\/2022\/10\/elementor-logo.png\" alt=\"\" class=\"wp-image-3408\" srcset=\"https:\/\/grinon.wordcamp.org\/2022\/files\/2022\/10\/elementor-logo.png 800w, https:\/\/grinon.wordcamp.org\/2022\/files\/2022\/10\/elementor-logo-300x113.png 300w, https:\/\/grinon.wordcamp.org\/2022\/files\/2022\/10\/elementor-logo-768x288.png 768w, https:\/\/grinon.wordcamp.org\/2022\/files\/2022\/10\/elementor-logo-500x188.png 500w\" sizes=\"auto, (max-width: 800px) 100vw, 800px\" \/><\/a><\/figure>\n\n\n\n<figure class=\"wp-block-image aligncenter size-full\"><a href=\"https:\/\/grinon.wordcamp.org\/2022\/patrocinadores\/yith\/\"><img loading=\"lazy\" decoding=\"async\" width=\"800\" height=\"300\" src=\"https:\/\/grinon.wordcamp.org\/2022\/files\/2022\/10\/yith.jpg\" alt=\"\" class=\"wp-image-3251\" srcset=\"https:\/\/grinon.wordcamp.org\/2022\/files\/2022\/10\/yith.jpg 800w, https:\/\/grinon.wordcamp.org\/2022\/files\/2022\/10\/yith-300x113.jpg 300w, https:\/\/grinon.wordcamp.org\/2022\/files\/2022\/10\/yith-768x288.jpg 768w, https:\/\/grinon.wordcamp.org\/2022\/files\/2022\/10\/yith-500x188.jpg 500w\" sizes=\"auto, (max-width: 800px) 100vw, 800px\" \/><\/a><\/figure>\n<\/div>\n\n\n\n<div class=\"wp-block-column is-layout-flow wp-block-column-is-layout-flow\">\n<figure class=\"wp-block-image aligncenter size-full\"><a href=\"https:\/\/grinon.wordcamp.org\/2022\/patrocinadores\/siteground\/\"><img loading=\"lazy\" decoding=\"async\" width=\"800\" height=\"300\" src=\"https:\/\/grinon.wordcamp.org\/2022\/files\/2022\/10\/siteground-logo.png\" alt=\"\" class=\"wp-image-3407\" srcset=\"https:\/\/grinon.wordcamp.org\/2022\/files\/2022\/10\/siteground-logo.png 800w, https:\/\/grinon.wordcamp.org\/2022\/files\/2022\/10\/siteground-logo-300x113.png 300w, https:\/\/grinon.wordcamp.org\/2022\/files\/2022\/10\/siteground-logo-768x288.png 768w, https:\/\/grinon.wordcamp.org\/2022\/files\/2022\/10\/siteground-logo-500x188.png 500w\" sizes=\"auto, (max-width: 800px) 100vw, 800px\" \/><\/a><\/figure>\n\n\n\n<figure class=\"wp-block-image aligncenter size-full\"><a href=\"https:\/\/grinon.wordcamp.org\/2022\/patrocinadores\/lucushost\/\"><img loading=\"lazy\" decoding=\"async\" width=\"800\" height=\"300\" src=\"https:\/\/grinon.wordcamp.org\/2022\/files\/2022\/10\/lucushost-logo.png\" alt=\"\" class=\"wp-image-3416\" srcset=\"https:\/\/grinon.wordcamp.org\/2022\/files\/2022\/10\/lucushost-logo.png 800w, https:\/\/grinon.wordcamp.org\/2022\/files\/2022\/10\/lucushost-logo-300x113.png 300w, https:\/\/grinon.wordcamp.org\/2022\/files\/2022\/10\/lucushost-logo-768x288.png 768w, https:\/\/grinon.wordcamp.org\/2022\/files\/2022\/10\/lucushost-logo-500x188.png 500w\" sizes=\"auto, (max-width: 800px) 100vw, 800px\" \/><\/a><\/figure>\n<\/div>\n<\/div>\n\n\n\n<h2 class=\"has-text-align-left wp-block-heading\">Plata<\/h2>\n\n\n\n<div class=\"wp-block-columns is-layout-flex wp-container-core-columns-is-layout-f56f613f wp-block-columns-is-layout-flex\">\n<div class=\"wp-block-column is-layout-flow wp-block-column-is-layout-flow\">\n<figure class=\"wp-block-image aligncenter size-medium\"><a href=\"https:\/\/grinon.wordcamp.org\/2022\/patrocinadores\/piensasolutions\/\"><img loading=\"lazy\" decoding=\"async\" width=\"300\" height=\"113\" src=\"https:\/\/grinon.wordcamp.org\/2022\/files\/2022\/10\/piensa-solutions-300x113.jpg\" alt=\"\" class=\"wp-image-3247\" srcset=\"https:\/\/grinon.wordcamp.org\/2022\/files\/2022\/10\/piensa-solutions-300x113.jpg 300w, https:\/\/grinon.wordcamp.org\/2022\/files\/2022\/10\/piensa-solutions-768x288.jpg 768w, https:\/\/grinon.wordcamp.org\/2022\/files\/2022\/10\/piensa-solutions-500x188.jpg 500w, https:\/\/grinon.wordcamp.org\/2022\/files\/2022\/10\/piensa-solutions.jpg 800w\" sizes=\"auto, (max-width: 300px) 100vw, 300px\" \/><\/a><\/figure>\n\n\n\n<figure class=\"wp-block-image aligncenter size-medium\"><a href=\"https:\/\/grinon.wordcamp.org\/2022\/patrocinadores\/yoast\/\"><img loading=\"lazy\" decoding=\"async\" width=\"300\" height=\"113\" src=\"https:\/\/grinon.wordcamp.org\/2022\/files\/2022\/10\/yoast-logo-1-300x113.png\" alt=\"\" class=\"wp-image-3428\" srcset=\"https:\/\/grinon.wordcamp.org\/2022\/files\/2022\/10\/yoast-logo-1-300x113.png 300w, https:\/\/grinon.wordcamp.org\/2022\/files\/2022\/10\/yoast-logo-1-768x288.png 768w, https:\/\/grinon.wordcamp.org\/2022\/files\/2022\/10\/yoast-logo-1-500x188.png 500w, https:\/\/grinon.wordcamp.org\/2022\/files\/2022\/10\/yoast-logo-1.png 800w\" sizes=\"auto, (max-width: 300px) 100vw, 300px\" \/><\/a><\/figure>\n\n\n\n<figure class=\"wp-block-image aligncenter size-medium\"><a href=\"https:\/\/grinon.wordcamp.org\/2022\/patrocinadores\/sered\/\"><img loading=\"lazy\" decoding=\"async\" width=\"300\" height=\"113\" src=\"https:\/\/grinon.wordcamp.org\/2022\/files\/2022\/10\/sered-logo-1-300x113.png\" alt=\"\" class=\"wp-image-3409\" srcset=\"https:\/\/grinon.wordcamp.org\/2022\/files\/2022\/10\/sered-logo-1-300x113.png 300w, https:\/\/grinon.wordcamp.org\/2022\/files\/2022\/10\/sered-logo-1-768x288.png 768w, https:\/\/grinon.wordcamp.org\/2022\/files\/2022\/10\/sered-logo-1-500x188.png 500w, https:\/\/grinon.wordcamp.org\/2022\/files\/2022\/10\/sered-logo-1.png 800w\" sizes=\"auto, (max-width: 300px) 100vw, 300px\" \/><\/a><\/figure>\n<\/div>\n\n\n\n<div class=\"wp-block-column is-layout-flow wp-block-column-is-layout-flow\">\n<figure class=\"wp-block-image aligncenter size-medium\"><a href=\"https:\/\/grinon.wordcamp.org\/2022\/patrocinadores\/doofinder\/\"><img loading=\"lazy\" decoding=\"async\" width=\"300\" height=\"113\" src=\"https:\/\/grinon.wordcamp.org\/2022\/files\/2022\/10\/doofinder-300x113.jpg\" alt=\"\" class=\"wp-image-3244\" srcset=\"https:\/\/grinon.wordcamp.org\/2022\/files\/2022\/10\/doofinder-300x113.jpg 300w, https:\/\/grinon.wordcamp.org\/2022\/files\/2022\/10\/doofinder-768x288.jpg 768w, https:\/\/grinon.wordcamp.org\/2022\/files\/2022\/10\/doofinder-500x188.jpg 500w, https:\/\/grinon.wordcamp.org\/2022\/files\/2022\/10\/doofinder.jpg 800w\" sizes=\"auto, (max-width: 300px) 100vw, 300px\" \/><\/a><\/figure>\n\n\n\n<figure class=\"wp-block-image aligncenter size-medium\"><a href=\"https:\/\/grinon.wordcamp.org\/2022\/patrocinadores\/arsys\/\"><img loading=\"lazy\" decoding=\"async\" width=\"300\" height=\"113\" src=\"https:\/\/grinon.wordcamp.org\/2022\/files\/2022\/10\/arsys-logo-1-300x113.png\" alt=\"\" class=\"wp-image-3430\" srcset=\"https:\/\/grinon.wordcamp.org\/2022\/files\/2022\/10\/arsys-logo-1-300x113.png 300w, https:\/\/grinon.wordcamp.org\/2022\/files\/2022\/10\/arsys-logo-1-768x288.png 768w, https:\/\/grinon.wordcamp.org\/2022\/files\/2022\/10\/arsys-logo-1-500x188.png 500w, https:\/\/grinon.wordcamp.org\/2022\/files\/2022\/10\/arsys-logo-1.png 800w\" sizes=\"auto, (max-width: 300px) 100vw, 300px\" \/><\/a><\/figure>\n<\/div>\n<\/div>\n\n\n\n<h2 class=\"has-text-align-left wp-block-heading\">Colaborador<\/h2>\n\n\n\n<div class=\"wp-block-columns is-layout-flex wp-container-core-columns-is-layout-f56f613f wp-block-columns-is-layout-flex\">\n<div class=\"wp-block-column is-layout-flow wp-block-column-is-layout-flow\">\n<figure class=\"wp-block-image aligncenter size-medium is-resized\"><a href=\"https:\/\/grinon.wordcamp.org\/2022\/patrocinadores\/pambly-2\/\"><img loading=\"lazy\" decoding=\"async\" src=\"https:\/\/grinon.wordcamp.org\/2022\/files\/2022\/10\/pambly-300x113.png\" alt=\"\" class=\"wp-image-3307\" width=\"225\" height=\"85\" srcset=\"https:\/\/grinon.wordcamp.org\/2022\/files\/2022\/10\/pambly-300x113.png 300w, https:\/\/grinon.wordcamp.org\/2022\/files\/2022\/10\/pambly-768x288.png 768w, https:\/\/grinon.wordcamp.org\/2022\/files\/2022\/10\/pambly-500x188.png 500w, https:\/\/grinon.wordcamp.org\/2022\/files\/2022\/10\/pambly.png 800w\" sizes=\"auto, (max-width: 225px) 100vw, 225px\" \/><\/a><\/figure>\n<\/div>\n<\/div>\n\n\n\n<h2 class=\"has-text-align-left wp-block-heading\">Local<\/h2>\n\n\n\n<div class=\"wp-block-columns is-layout-flex wp-container-core-columns-is-layout-f56f613f wp-block-columns-is-layout-flex\">\n<div class=\"wp-block-column is-layout-flow wp-block-column-is-layout-flow\">\n<figure class=\"wp-block-image aligncenter size-full is-resized\"><a href=\"https:\/\/grinon.wordcamp.org\/2022\/patrocinadores\/graficas-la-paz\/\"><img loading=\"lazy\" decoding=\"async\" src=\"https:\/\/grinon.wordcamp.org\/2022\/files\/2022\/11\/GLP.png\" alt=\"\" class=\"wp-image-4383\" width=\"164\" height=\"117\" srcset=\"https:\/\/grinon.wordcamp.org\/2022\/files\/2022\/11\/GLP.png 593w, https:\/\/grinon.wordcamp.org\/2022\/files\/2022\/11\/GLP-300x213.png 300w, https:\/\/grinon.wordcamp.org\/2022\/files\/2022\/11\/GLP-423x300.png 423w\" sizes=\"auto, (max-width: 164px) 100vw, 164px\" \/><\/a><\/figure>\n<\/div>\n<\/div>\n\n\n\n<h2 class=\"wp-block-heading\">En especie<\/h2>\n\n\n\n<div class=\"wp-block-columns is-layout-flex wp-container-core-columns-is-layout-f56f613f wp-block-columns-is-layout-flex\">\n<div class=\"wp-block-column is-layout-flow wp-block-column-is-layout-flow\">\n<figure class=\"wp-block-image aligncenter size-medium is-resized\"><a href=\"https:\/\/grinon.wordcamp.org\/2022\/patrocinadores\/todo-por-un-podcast\/\"><img loading=\"lazy\" decoding=\"async\" src=\"https:\/\/grinon.wordcamp.org\/2022\/files\/2022\/09\/logo-todo-por-un-podcast-3-300x113.jpg\" alt=\"Todo por Un Podcast\" class=\"wp-image-2577\" width=\"225\" height=\"85\" srcset=\"https:\/\/grinon.wordcamp.org\/2022\/files\/2022\/09\/logo-todo-por-un-podcast-3-300x113.jpg 300w, https:\/\/grinon.wordcamp.org\/2022\/files\/2022\/09\/logo-todo-por-un-podcast-3-768x288.jpg 768w, https:\/\/grinon.wordcamp.org\/2022\/files\/2022\/09\/logo-todo-por-un-podcast-3-500x188.jpg 500w, https:\/\/grinon.wordcamp.org\/2022\/files\/2022\/09\/logo-todo-por-un-podcast-3.jpg 800w\" sizes=\"auto, (max-width: 225px) 100vw, 225px\" \/><\/a><\/figure>\n\n\n\n<figure class=\"wp-block-image aligncenter size-medium is-resized\"><a href=\"https:\/\/grinon.wordcamp.org\/2022\/patrocinadores\/sabandijers\/\"><img loading=\"lazy\" decoding=\"async\" src=\"https:\/\/grinon.wordcamp.org\/2022\/files\/2022\/10\/sabandijers-logo-300x113.png\" alt=\"\" class=\"wp-image-3448\" width=\"225\" height=\"85\" srcset=\"https:\/\/grinon.wordcamp.org\/2022\/files\/2022\/10\/sabandijers-logo-300x113.png 300w, https:\/\/grinon.wordcamp.org\/2022\/files\/2022\/10\/sabandijers-logo-768x288.png 768w, https:\/\/grinon.wordcamp.org\/2022\/files\/2022\/10\/sabandijers-logo-500x188.png 500w, https:\/\/grinon.wordcamp.org\/2022\/files\/2022\/10\/sabandijers-logo.png 800w\" sizes=\"auto, (max-width: 225px) 100vw, 225px\" \/><\/a><\/figure>\n\n\n\n<figure class=\"wp-block-image aligncenter size-medium is-resized\"><a href=\"https:\/\/grinon.wordcamp.org\/2022\/patrocinadores\/parlanchines\/\"><img loading=\"lazy\" decoding=\"async\" src=\"https:\/\/grinon.wordcamp.org\/2022\/files\/2022\/11\/Parlanchines-300x113.png\" alt=\"\" class=\"wp-image-4188\" width=\"225\" height=\"85\" srcset=\"https:\/\/grinon.wordcamp.org\/2022\/files\/2022\/11\/Parlanchines-300x113.png 300w, https:\/\/grinon.wordcamp.org\/2022\/files\/2022\/11\/Parlanchines-768x288.png 768w, https:\/\/grinon.wordcamp.org\/2022\/files\/2022\/11\/Parlanchines-500x188.png 500w, https:\/\/grinon.wordcamp.org\/2022\/files\/2022\/11\/Parlanchines.png 800w\" sizes=\"auto, (max-width: 225px) 100vw, 225px\" \/><\/a><\/figure>\n<\/div>\n\n\n\n<div class=\"wp-block-column is-layout-flow wp-block-column-is-layout-flow\">\n<figure class=\"wp-block-image aligncenter size-medium is-resized\"><a href=\"https:\/\/grinon.wordcamp.org\/2022\/patrocinadores\/sticker-mule\/\"><img loading=\"lazy\" decoding=\"async\" src=\"https:\/\/grinon.wordcamp.org\/2022\/files\/2022\/09\/02-sticker-mule-logo-light-300x102.png\" alt=\"sticker mule\" class=\"wp-image-2803\" width=\"225\" height=\"77\" srcset=\"https:\/\/grinon.wordcamp.org\/2022\/files\/2022\/09\/02-sticker-mule-logo-light-300x102.png 300w, https:\/\/grinon.wordcamp.org\/2022\/files\/2022\/09\/02-sticker-mule-logo-light-1024x349.png 1024w, https:\/\/grinon.wordcamp.org\/2022\/files\/2022\/09\/02-sticker-mule-logo-light-768x262.png 768w, https:\/\/grinon.wordcamp.org\/2022\/files\/2022\/09\/02-sticker-mule-logo-light-500x170.png 500w, https:\/\/grinon.wordcamp.org\/2022\/files\/2022\/09\/02-sticker-mule-logo-light.png 1320w\" sizes=\"auto, (max-width: 225px) 100vw, 225px\" \/><\/a><\/figure>\n\n\n\n<figure class=\"wp-block-image aligncenter size-medium is-resized\"><a href=\"https:\/\/grinon.wordcamp.org\/2022\/patrocinadores\/cursos-podcast\/\"><img loading=\"lazy\" decoding=\"async\" src=\"https:\/\/grinon.wordcamp.org\/2022\/files\/2022\/10\/cursos-podcast-1-300x113.png\" alt=\"Cursos Podcast\" class=\"wp-image-3819\" width=\"225\" height=\"85\" srcset=\"https:\/\/grinon.wordcamp.org\/2022\/files\/2022\/10\/cursos-podcast-1-300x113.png 300w, https:\/\/grinon.wordcamp.org\/2022\/files\/2022\/10\/cursos-podcast-1-768x288.png 768w, https:\/\/grinon.wordcamp.org\/2022\/files\/2022\/10\/cursos-podcast-1-500x188.png 500w, https:\/\/grinon.wordcamp.org\/2022\/files\/2022\/10\/cursos-podcast-1.png 800w\" sizes=\"auto, (max-width: 225px) 100vw, 225px\" \/><\/a><\/figure>\n\n\n\n<figure class=\"wp-block-image aligncenter size-medium is-resized\"><a href=\"https:\/\/grinon.wordcamp.org\/2022\/patrocinadores\/metricool\/\"><img loading=\"lazy\" decoding=\"async\" src=\"https:\/\/grinon.wordcamp.org\/2022\/files\/2022\/11\/logo-metricool-1-300x113.jpg\" alt=\"Metricool\" class=\"wp-image-4444\" width=\"225\" height=\"85\" srcset=\"https:\/\/grinon.wordcamp.org\/2022\/files\/2022\/11\/logo-metricool-1-300x113.jpg 300w, https:\/\/grinon.wordcamp.org\/2022\/files\/2022\/11\/logo-metricool-1-768x288.jpg 768w, https:\/\/grinon.wordcamp.org\/2022\/files\/2022\/11\/logo-metricool-1-500x188.jpg 500w, https:\/\/grinon.wordcamp.org\/2022\/files\/2022\/11\/logo-metricool-1.jpg 800w\" sizes=\"auto, (max-width: 225px) 100vw, 225px\" \/><\/a><\/figure>\n<\/div>\n\n\n\n<div class=\"wp-block-column is-layout-flow wp-block-column-is-layout-flow\">\n<figure class=\"wp-block-image aligncenter size-medium is-resized\"><a href=\"https:\/\/grinon.wordcamp.org\/2022\/patrocinadores\/desafio-digital\/\"><img loading=\"lazy\" decoding=\"async\" src=\"https:\/\/grinon.wordcamp.org\/2022\/files\/2022\/10\/desafio-digital-logo-300x113.png\" alt=\"\" class=\"wp-image-3423\" width=\"225\" height=\"85\" srcset=\"https:\/\/grinon.wordcamp.org\/2022\/files\/2022\/10\/desafio-digital-logo-300x113.png 300w, https:\/\/grinon.wordcamp.org\/2022\/files\/2022\/10\/desafio-digital-logo-768x288.png 768w, https:\/\/grinon.wordcamp.org\/2022\/files\/2022\/10\/desafio-digital-logo-500x188.png 500w, https:\/\/grinon.wordcamp.org\/2022\/files\/2022\/10\/desafio-digital-logo.png 800w\" sizes=\"auto, (max-width: 225px) 100vw, 225px\" \/><\/a><\/figure>\n\n\n\n<figure class=\"wp-block-image aligncenter size-medium is-resized\"><a href=\"https:\/\/grinon.wordcamp.org\/2022\/patrocinadores\/marketing-4-ecommerce\/\"><img loading=\"lazy\" decoding=\"async\" src=\"https:\/\/grinon.wordcamp.org\/2022\/files\/2022\/11\/marketing4-1-300x113.png\" alt=\"\" class=\"wp-image-4130\" width=\"225\" height=\"85\" srcset=\"https:\/\/grinon.wordcamp.org\/2022\/files\/2022\/11\/marketing4-1-300x113.png 300w, https:\/\/grinon.wordcamp.org\/2022\/files\/2022\/11\/marketing4-1-768x288.png 768w, https:\/\/grinon.wordcamp.org\/2022\/files\/2022\/11\/marketing4-1-500x188.png 500w, https:\/\/grinon.wordcamp.org\/2022\/files\/2022\/11\/marketing4-1.png 800w\" sizes=\"auto, (max-width: 225px) 100vw, 225px\" \/><\/a><\/figure>\n<\/div>\n<\/div>\n<\/div>","protected":false},"excerpt":{"rendered":"<p>Patrocinadores Porque ellos son la sal del Himalaya de nuestros platos.&nbsp; Porque sin su colaboraci\u00f3n la WordCamp Gri\u00f1\u00f3n 2022 no habr\u00eda pasado de ser un bonito sue\u00f1o. Queremos dar p\u00fablicamente las gracias a nuestros patrocinadores. Y tambi\u00e9n que no te quedes sin saber qui\u00e9n va a estar acompa\u00f1\u00e1ndonos y puedas planificar desde ya tus visitas [&hellip;]<\/p>\n","protected":false},"author":13980965,"featured_media":0,"parent":0,"menu_order":0,"comment_status":"closed","ping_status":"closed","template":"page-large-header","meta":{"_crdt_document":"","jetpack_post_was_ever_published":false,"footnotes":""},"class_list":["post-10","page","type-page","status-publish","hentry"],"jetpack_sharing_enabled":true,"_links":{"self":[{"href":"https:\/\/grinon.wordcamp.org\/2022\/wp-json\/wp\/v2\/pages\/10","targetHints":{"allow":["GET"]}}],"collection":[{"href":"https:\/\/grinon.wordcamp.org\/2022\/wp-json\/wp\/v2\/pages"}],"about":[{"href":"https:\/\/grinon.wordcamp.org\/2022\/wp-json\/wp\/v2\/types\/page"}],"author":[{"embeddable":true,"href":"https:\/\/grinon.wordcamp.org\/2022\/wp-json\/wp\/v2\/users\/13980965"}],"replies":[{"embeddable":true,"href":"https:\/\/grinon.wordcamp.org\/2022\/wp-json\/wp\/v2\/comments?post=10"}],"version-history":[{"count":80,"href":"https:\/\/grinon.wordcamp.org\/2022\/wp-json\/wp\/v2\/pages\/10\/revisions"}],"predecessor-version":[{"id":4736,"href":"https:\/\/grinon.wordcamp.org\/2022\/wp-json\/wp\/v2\/pages\/10\/revisions\/4736"}],"wp:attachment":[{"href":"https:\/\/grinon.wordcamp.org\/2022\/wp-json\/wp\/v2\/media?parent=10"}],"curies":[{"name":"wp","href":"https:\/\/api.w.org\/{rel}","templated":true}]}}