{"id":11,"date":"2022-06-17T19:46:52","date_gmt":"2022-06-17T17:46:52","guid":{"rendered":"https:\/\/grinon.wordcamp.org\/2022\/location\/"},"modified":"2022-09-05T00:33:30","modified_gmt":"2022-09-04T22:33:30","slug":"como-llegar-wordcamp-grinon","status":"publish","type":"page","link":"https:\/\/grinon.wordcamp.org\/2022\/como-llegar-wordcamp-grinon\/","title":{"rendered":"Ubicaci\u00f3n"},"content":{"rendered":"\n<div class=\"wp-block-columns is-layout-flex wp-container-core-columns-is-layout-28f84493 wp-block-columns-is-layout-flex\">\n<div class=\"wp-block-column is-layout-flow wp-block-column-is-layout-flow\">\n<h1 class=\"wp-block-heading\">D\u00f3nde est\u00e1 WordCamp Gri\u00f1\u00f3n<\/h1>\n\n\n\n<p>Gri\u00f1\u00f3n es un peque\u00f1o gran municipio (unos 10.000 habitantes aproximadamente) de la comarca de La Sagra, a unos 25 kil\u00f3metros de la capital mirando hacia el suroeste.<\/p>\n\n\n\n<h3 class=\"wp-block-heading\">\u00bfTe imaginas un restaurante en el que puedas elegir el men\u00fa?<\/h3>\n\n\n\n<p>Pues as\u00ed es la WordCamp Gri\u00f1\u00f3n 2022. Y por eso quer\u00edamos un lugar para celebrarla donde poder tenerlo todo\u2026 junto, pero no revuelto.<\/p>\n\n\n\n<p>Para conseguirlo hemos elegido los edificios de el Centro Cultural, el Teatro Municipal de Gri\u00f1\u00f3n y su plaza, en la <a href=\"https:\/\/goo.gl\/maps\/W2X7VaztMUabfjis6\"><strong>Calle Fuente de la Salud, 31-33<\/strong><\/a><strong>, <\/strong>&nbsp;como sede de operaciones de la WordCamp.<\/p>\n\n\n\n<figure class=\"wp-block-image aligncenter size-full is-resized\"><a href=\"https:\/\/grinon.wordcamp.org\/2022\/files\/2022\/08\/localizacion2.jpg\" target=\"_blank\" rel=\"noreferrer noopener\"><img decoding=\"async\" src=\"https:\/\/grinon.wordcamp.org\/2022\/files\/2022\/08\/localizacion2.jpg\" alt=\"\" class=\"wp-image-1669\" width=\"750\" srcset=\"https:\/\/grinon.wordcamp.org\/2022\/files\/2022\/08\/localizacion2.jpg 1000w, https:\/\/grinon.wordcamp.org\/2022\/files\/2022\/08\/localizacion2-300x179.jpg 300w, https:\/\/grinon.wordcamp.org\/2022\/files\/2022\/08\/localizacion2-768x458.jpg 768w, https:\/\/grinon.wordcamp.org\/2022\/files\/2022\/08\/localizacion2-500x300.jpg 500w\" sizes=\"(max-width: 1000px) 100vw, 1000px\" \/><\/a><\/figure>\n\n\n\n<p>Al tratarse de <strong>varios edificios anexos, comunicados entre s\u00ed<\/strong> por una gran explanada y situados <strong>junto al centro neur\u00e1lgico del municipio<\/strong> son una ubicaci\u00f3n ideal para poder pasarlo en grande aprendiendo, haciendo networking, conociendo proveedores y creando sinergias.<br><br><\/p>\n<\/div>\n<\/div>\n\n\n\n<div class=\"wp-block-jetpack-slideshow aligncenter\" data-effect=\"slide\"><div class=\"wp-block-jetpack-slideshow_container swiper-container\"><ul class=\"wp-block-jetpack-slideshow_swiper-wrapper swiper-wrapper\"><li class=\"wp-block-jetpack-slideshow_slide swiper-slide\"><figure><img loading=\"lazy\" decoding=\"async\" width=\"1024\" height=\"521\" alt=\"Centrol Cultural de Gri\u00f1\u00f3n\" class=\"wp-block-jetpack-slideshow_image wp-image-1154\" data-id=\"1154\" src=\"https:\/\/grinon.wordcamp.org\/2022\/files\/2022\/08\/centro-cultural-de-grinon-wordcamp-grinon-2022-1-1024x521.jpg\" srcset=\"https:\/\/grinon.wordcamp.org\/2022\/files\/2022\/08\/centro-cultural-de-grinon-wordcamp-grinon-2022-1-1024x521.jpg 1024w, https:\/\/grinon.wordcamp.org\/2022\/files\/2022\/08\/centro-cultural-de-grinon-wordcamp-grinon-2022-1-300x153.jpg 300w, https:\/\/grinon.wordcamp.org\/2022\/files\/2022\/08\/centro-cultural-de-grinon-wordcamp-grinon-2022-1-768x391.jpg 768w, https:\/\/grinon.wordcamp.org\/2022\/files\/2022\/08\/centro-cultural-de-grinon-wordcamp-grinon-2022-1-500x254.jpg 500w, https:\/\/grinon.wordcamp.org\/2022\/files\/2022\/08\/centro-cultural-de-grinon-wordcamp-grinon-2022-1.jpg 1091w\" sizes=\"(max-width: 1024px) 100vw, 1024px\" \/><figcaption class=\"wp-block-jetpack-slideshow_caption gallery-caption\">Centrol Cultural de Gri\u00f1\u00f3n<\/figcaption><\/figure><\/li><li class=\"wp-block-jetpack-slideshow_slide swiper-slide\"><figure><img loading=\"lazy\" decoding=\"async\" width=\"1024\" height=\"674\" alt=\"Teatro Municipal\" class=\"wp-block-jetpack-slideshow_image wp-image-953\" data-id=\"953\" src=\"https:\/\/grinon.wordcamp.org\/2022\/files\/2022\/08\/20220708_125143-scaled-e1661669315181-1024x674.jpg\" srcset=\"https:\/\/grinon.wordcamp.org\/2022\/files\/2022\/08\/20220708_125143-scaled-e1661669315181-1024x674.jpg 1024w, https:\/\/grinon.wordcamp.org\/2022\/files\/2022\/08\/20220708_125143-scaled-e1661669315181-300x197.jpg 300w, https:\/\/grinon.wordcamp.org\/2022\/files\/2022\/08\/20220708_125143-scaled-e1661669315181-768x505.jpg 768w, https:\/\/grinon.wordcamp.org\/2022\/files\/2022\/08\/20220708_125143-scaled-e1661669315181-456x300.jpg 456w, https:\/\/grinon.wordcamp.org\/2022\/files\/2022\/08\/20220708_125143-scaled-e1661669315181-1536x1011.jpg 1536w, https:\/\/grinon.wordcamp.org\/2022\/files\/2022\/08\/20220708_125143-scaled-e1661669315181-2048x1348.jpg 2048w\" sizes=\"(max-width: 1024px) 100vw, 1024px\" \/><figcaption class=\"wp-block-jetpack-slideshow_caption gallery-caption\">Teatro Municipal<\/figcaption><\/figure><\/li><li class=\"wp-block-jetpack-slideshow_slide swiper-slide\"><figure><img loading=\"lazy\" decoding=\"async\" width=\"1024\" height=\"577\" alt=\"Teatro Municipal\" class=\"wp-block-jetpack-slideshow_image wp-image-954\" data-id=\"954\" src=\"https:\/\/grinon.wordcamp.org\/2022\/files\/2022\/08\/20220708_125219-1024x577.jpg\" srcset=\"https:\/\/grinon.wordcamp.org\/2022\/files\/2022\/08\/20220708_125219-1024x577.jpg 1024w, https:\/\/grinon.wordcamp.org\/2022\/files\/2022\/08\/20220708_125219-300x169.jpg 300w, https:\/\/grinon.wordcamp.org\/2022\/files\/2022\/08\/20220708_125219-768x432.jpg 768w, https:\/\/grinon.wordcamp.org\/2022\/files\/2022\/08\/20220708_125219-500x282.jpg 500w, https:\/\/grinon.wordcamp.org\/2022\/files\/2022\/08\/20220708_125219-1536x865.jpg 1536w, https:\/\/grinon.wordcamp.org\/2022\/files\/2022\/08\/20220708_125219-2048x1153.jpg 2048w\" sizes=\"(max-width: 1024px) 100vw, 1024px\" \/><figcaption class=\"wp-block-jetpack-slideshow_caption gallery-caption\">Teatro Municipal<\/figcaption><\/figure><\/li><li class=\"wp-block-jetpack-slideshow_slide swiper-slide\"><figure><img loading=\"lazy\" decoding=\"async\" width=\"1024\" height=\"672\" alt=\"Sala A del Centro Cultural\" class=\"wp-block-jetpack-slideshow_image wp-image-951\" data-id=\"951\" src=\"https:\/\/grinon.wordcamp.org\/2022\/files\/2022\/08\/20220708_124327-scaled-e1661669382384-1024x672.jpg\" srcset=\"https:\/\/grinon.wordcamp.org\/2022\/files\/2022\/08\/20220708_124327-scaled-e1661669382384-1024x672.jpg 1024w, https:\/\/grinon.wordcamp.org\/2022\/files\/2022\/08\/20220708_124327-scaled-e1661669382384-300x197.jpg 300w, https:\/\/grinon.wordcamp.org\/2022\/files\/2022\/08\/20220708_124327-scaled-e1661669382384-768x504.jpg 768w, https:\/\/grinon.wordcamp.org\/2022\/files\/2022\/08\/20220708_124327-scaled-e1661669382384-457x300.jpg 457w, https:\/\/grinon.wordcamp.org\/2022\/files\/2022\/08\/20220708_124327-scaled-e1661669382384-1536x1008.jpg 1536w, https:\/\/grinon.wordcamp.org\/2022\/files\/2022\/08\/20220708_124327-scaled-e1661669382384-2048x1344.jpg 2048w\" sizes=\"(max-width: 1024px) 100vw, 1024px\" \/><figcaption class=\"wp-block-jetpack-slideshow_caption gallery-caption\">Sala A del Centro Cultural<\/figcaption><\/figure><\/li><li class=\"wp-block-jetpack-slideshow_slide swiper-slide\"><figure><img loading=\"lazy\" decoding=\"async\" width=\"1024\" height=\"577\" alt=\"Acceso a los edificios\" class=\"wp-block-jetpack-slideshow_image wp-image-950\" data-id=\"950\" src=\"https:\/\/grinon.wordcamp.org\/2022\/files\/2022\/08\/20220708_123134-1024x577.jpg\" srcset=\"https:\/\/grinon.wordcamp.org\/2022\/files\/2022\/08\/20220708_123134-1024x577.jpg 1024w, https:\/\/grinon.wordcamp.org\/2022\/files\/2022\/08\/20220708_123134-300x169.jpg 300w, https:\/\/grinon.wordcamp.org\/2022\/files\/2022\/08\/20220708_123134-768x432.jpg 768w, https:\/\/grinon.wordcamp.org\/2022\/files\/2022\/08\/20220708_123134-500x282.jpg 500w, https:\/\/grinon.wordcamp.org\/2022\/files\/2022\/08\/20220708_123134-1536x865.jpg 1536w, https:\/\/grinon.wordcamp.org\/2022\/files\/2022\/08\/20220708_123134-2048x1153.jpg 2048w\" sizes=\"(max-width: 1024px) 100vw, 1024px\" \/><figcaption class=\"wp-block-jetpack-slideshow_caption gallery-caption\">Acceso a los edificios<\/figcaption><\/figure><\/li><\/ul><a class=\"wp-block-jetpack-slideshow_button-prev swiper-button-prev swiper-button-white\" role=\"button\"><\/a><a class=\"wp-block-jetpack-slideshow_button-next swiper-button-next swiper-button-white\" role=\"button\"><\/a><a aria-label=\"Pause Slideshow\" class=\"wp-block-jetpack-slideshow_button-pause\" role=\"button\"><\/a><div class=\"wp-block-jetpack-slideshow_pagination swiper-pagination swiper-pagination-white\"><\/div><\/div><\/div>\n","protected":false},"excerpt":{"rendered":"<p>D\u00f3nde est\u00e1 WordCamp Gri\u00f1\u00f3n Gri\u00f1\u00f3n es un peque\u00f1o gran municipio (unos 10.000 habitantes aproximadamente) de la comarca de La Sagra, a unos 25 kil\u00f3metros de la capital mirando hacia el suroeste. \u00bfTe imaginas un restaurante en el que puedas elegir el men\u00fa? Pues as\u00ed es la WordCamp Gri\u00f1\u00f3n 2022. Y por eso quer\u00edamos un lugar [&hellip;]<\/p>\n","protected":false},"author":13980965,"featured_media":0,"parent":0,"menu_order":0,"comment_status":"closed","ping_status":"closed","template":"page-large-header","meta":{"jetpack_post_was_ever_published":false,"footnotes":""},"class_list":["post-11","page","type-page","status-publish","hentry"],"jetpack_sharing_enabled":true,"_links":{"self":[{"href":"https:\/\/grinon.wordcamp.org\/2022\/wp-json\/wp\/v2\/pages\/11","targetHints":{"allow":["GET"]}}],"collection":[{"href":"https:\/\/grinon.wordcamp.org\/2022\/wp-json\/wp\/v2\/pages"}],"about":[{"href":"https:\/\/grinon.wordcamp.org\/2022\/wp-json\/wp\/v2\/types\/page"}],"author":[{"embeddable":true,"href":"https:\/\/grinon.wordcamp.org\/2022\/wp-json\/wp\/v2\/users\/13980965"}],"replies":[{"embeddable":true,"href":"https:\/\/grinon.wordcamp.org\/2022\/wp-json\/wp\/v2\/comments?post=11"}],"version-history":[{"count":27,"href":"https:\/\/grinon.wordcamp.org\/2022\/wp-json\/wp\/v2\/pages\/11\/revisions"}],"predecessor-version":[{"id":2620,"href":"https:\/\/grinon.wordcamp.org\/2022\/wp-json\/wp\/v2\/pages\/11\/revisions\/2620"}],"wp:attachment":[{"href":"https:\/\/grinon.wordcamp.org\/2022\/wp-json\/wp\/v2\/media?parent=11"}],"curies":[{"name":"wp","href":"https:\/\/api.w.org\/{rel}","templated":true}]}}