{"id":12,"date":"2022-06-17T19:46:52","date_gmt":"2022-06-17T17:46:52","guid":{"rendered":"https:\/\/grinon.wordcamp.org\/2022\/organizers\/"},"modified":"2022-11-10T01:54:12","modified_gmt":"2022-11-10T00:54:12","slug":"organizan","status":"publish","type":"page","link":"https:\/\/grinon.wordcamp.org\/2022\/organizan\/","title":{"rendered":"Organizadores y Voluntarios"},"content":{"rendered":"\n<div class=\"wp-block-columns is-layout-flex wp-container-core-columns-is-layout-28f84493 wp-block-columns-is-layout-flex\">\n<div class=\"wp-block-column is-layout-flow wp-block-column-is-layout-flow\">\n<h2 class=\"wp-block-heading\">Organizadores<\/h2>\n\n\n\n<p>Te presentamos al equipo de locos\u2026 por WordPress que est\u00e1 sudando la gota gorda para que despu\u00e9s del 18 y 19 de noviembre recuerdes la WordCamp Gri\u00f1\u00f3n 2022 con el mejor sabor de boca.<\/p>\n\n\n\n<p>Nos ha costado la torta reunir a todos estos cracks, pero lo hemos conseguido y aqu\u00ed est\u00e1n:<\/p>\n\n\n<ul class=\"wordcamp-block wordcamp-post-list has-layout-grid wordcamp-organizers has-grid-columns-2\"><li class=\"wordcamp-post-list__post wordcamp-clearfix\">\n<div class=\"wordcamp-organizer wordcamp-organizers__post slug-fernando-lopez\">\n\t<h3 class=\"wordcamp-block__item-title wordcamp-organizers__title\" style=\"text-align:left\">Fernando L\u00f3pez<\/h3>\n\t\t\t<div class=\"wordcamp-image__avatar-container align-none\">\n\t\t\t<img loading=\"lazy\" decoding=\"async\" width=\"150\" height=\"150\" src=\"https:\/\/grinon.wordcamp.org\/2022\/files\/2022\/08\/fernando-lopez-150x150.png\" class=\"attachment-150x150 size-150x150 wp-post-image\" alt=\"Avatar de Fernando L\u00f3pez\" srcset=\"https:\/\/grinon.wordcamp.org\/2022\/files\/2022\/08\/fernando-lopez-150x150.png 150w, https:\/\/grinon.wordcamp.org\/2022\/files\/2022\/08\/fernando-lopez-300x300.png 300w, https:\/\/grinon.wordcamp.org\/2022\/files\/2022\/08\/fernando-lopez.png 450w\" sizes=\"auto, (max-width: 150px) 100vw, 150px\" \/>\t\t<\/div>\n\t\n\t\t\t<div class=\"wordcamp-block__item-content wordcamp-organizers__content is-full\"><p>Soy Desarrollador Web desde 1998, apasionado de la inform\u00e1tica, el Marketing e Internet. Me gusta ayudar a empresas y sus p\u00e1ginas web con una mejor usabilidad y posicionamiento SEO desde mi agencia en Gri\u00f1\u00f3n <a href=\"https:\/\/snsdesigns.es\/\" target=\"_blank\" rel=\"noreferrer noopener\">SNS<\/a> y <a rel=\"noreferrer noopener\" href=\"https:\/\/acespack.es\/\" target=\"_blank\">Acespack<\/a> <\/p>\n<p>Soy Co Organizador de WordPress Gri\u00f1\u00f3n y apasionado de mi pueblo, Gri\u00f1\u00f3n. <\/p>\n<\/div>\t<\/div>\n\n<\/li><li class=\"wordcamp-post-list__post wordcamp-clearfix\">\n<div class=\"wordcamp-organizer wordcamp-organizers__post slug-david-plaza\">\n\t<h3 class=\"wordcamp-block__item-title wordcamp-organizers__title\" style=\"text-align:left\">David Plaza<\/h3>\n\t\t\t<div class=\"wordcamp-image__avatar-container align-none\">\n\t\t\t<img loading=\"lazy\" decoding=\"async\" width=\"150\" height=\"150\" src=\"https:\/\/grinon.wordcamp.org\/2022\/files\/2022\/08\/david-plaza-150x150.png\" class=\"attachment-150x150 size-150x150 wp-post-image\" alt=\"Avatar de David Plaza\" srcset=\"https:\/\/grinon.wordcamp.org\/2022\/files\/2022\/08\/david-plaza-150x150.png 150w, https:\/\/grinon.wordcamp.org\/2022\/files\/2022\/08\/david-plaza-300x300.png 300w, https:\/\/grinon.wordcamp.org\/2022\/files\/2022\/08\/david-plaza.png 450w\" sizes=\"auto, (max-width: 150px) 100vw, 150px\" \/>\t\t<\/div>\n\t\n\t\t\t<div class=\"wordcamp-block__item-content wordcamp-organizers__content is-full\"><p>Padre de una pareja que me vuelve loco en todos los sentidos. Junto a mi esposa gestionamos una <a rel=\"noreferrer noopener\" href=\"https:\/\/tododezombie.com\/\" target=\"_blank\">comunidad de m\u00e1s de 90.000 zombielovers<\/a>, con un podcast quincenal sobre el g\u00e9nero zombie.<\/p>\n<p>En 2015 empec\u00e9 a trabajar m\u00e1s asiduamente con WordPress y descubr\u00ed todo el potencial que brindaba tanto el software como su potente comunidad.<\/p>\n<p>Actualmente lidero un equipo estrat\u00e9gico que gestiona los portales web de MAPFRE, coordino la <a rel=\"noreferrer noopener\" href=\"https:\/\/www.meetup.com\/es-ES\/Wordpress-Grinon\/\" target=\"_blank\">Meetup WordPress de Gri\u00f1\u00f3n<\/a> y member del clab Sabandijers.<\/p>\n<\/div>\t<\/div>\n\n<\/li><li class=\"wordcamp-post-list__post wordcamp-clearfix\">\n<div class=\"wordcamp-organizer wordcamp-organizers__post slug-claudia-marcano\">\n\t<h3 class=\"wordcamp-block__item-title wordcamp-organizers__title\" style=\"text-align:left\">Claudia Marcano<\/h3>\n\t\t\t<div class=\"wordcamp-image__avatar-container align-none\">\n\t\t\t<img decoding=\"async\" src=\"https:\/\/secure.gravatar.com\/avatar\/4f28d23eaf27ed4b1b94a9b20daa9d8b518408bd9d18fa71140d1006abb3e225?s=150&amp;d=mm&amp;r=g\" alt=\"Avatar de Claudia Marcano\" \/>\t\t<\/div>\n\t\n\t\t\t<div class=\"wordcamp-block__item-content wordcamp-organizers__content is-full\"><p>Mi centro de especializaci\u00f3n consiste en acompa\u00f1ar a profesionales y empresas a conseguir visibilidad \ud83d\ude80 y alcanzar sus objetivos mediante acciones de marketing digital, SEO, redes sociales y herramientas digitales con consultor\u00edas personalizadas.<\/p>\n<p>Me encanta aprender, compartir, organizar, crecer y juntarme con buena gente, por eso estoy aqu\u00ed y a veces en muchos sitios a la vez \ud83e\udd29. Soy Learnaholic y multitasking.<\/p>\n<p>Me puedes encontrar en \ud83e\udd29<a href=\"https:\/\/www.tiktok.com\/@claudia.marcano\" target=\"_blank\" rel=\"noreferrer noopener\">TikTok<\/a>, \ud83d\udcf1<a href=\"https:\/\/www.linkedin.com\/in\/claudiamarcano\/\" target=\"_blank\" rel=\"noreferrer noopener\">LinkedIn<\/a>, \u2b50<a href=\"https:\/\/www.instagram.com\/claudiamarcanocm\/\" target=\"_blank\" rel=\"noreferrer noopener\">Instagram<\/a> y \u26a1<a href=\"https:\/\/x.com\/ClaudiaMarcanoC\" target=\"_blank\" rel=\"noreferrer noopener\">X<\/a><\/p>\n<\/div>\t<\/div>\n\n<\/li><li class=\"wordcamp-post-list__post wordcamp-clearfix\">\n<div class=\"wordcamp-organizer wordcamp-organizers__post slug-angel-zinsel\">\n\t<h3 class=\"wordcamp-block__item-title wordcamp-organizers__title\" style=\"text-align:left\">Angel Zinsel<\/h3>\n\t\t\t<div class=\"wordcamp-image__avatar-container align-none\">\n\t\t\t<img decoding=\"async\" src=\"https:\/\/secure.gravatar.com\/avatar\/c67f2b3c1299bd5e3e5bb3f38b25191ca95f572bc9b0c1f96f2bc0a5cbe2ad7c?s=150&amp;d=mm&amp;r=g\" alt=\"Avatar de Angel Zinsel\" \/>\t\t<\/div>\n\t\n\t\t\t<div class=\"wordcamp-block__item-content wordcamp-organizers__content is-full\"><p>Creo y mantengo comunidades vivas. Creo (pocos) sitios web con WordPress y Elementor para ayudar a otros a cumplir sus objetivos.&nbsp;<\/p>\n<p>Trabajo en <a href=\"https:\/\/elementor.com\" data-type=\"URL\" data-id=\"https:\/\/elementor.com\" rel=\"nofollow\">Elementor<\/a> como Community Lead para Espa\u00f1a.<\/p>\n<p>Viajo cuanto puedo, trabajando en remoto. Culo inquieto, aprendiz de mucho y maestro de poco. Feliz padre de dos criaturas maravillosas. <\/p>\n<p>Estoy en  \ud83d\udc26 <a href=\"https:\/\/twitter.com\/angelzinsel\">Twitter<\/a> \ud83d\udcf2 <a href=\"https:\/\/linkedin.com\/in\/angel-zinsel\">LinkedIn<\/a> \ud83e\udd33 <a href=\"https:\/\/instagram.com\/angelzinsel\">Instagram<\/a><\/p>\n<\/div>\t<\/div>\n\n<\/li><li class=\"wordcamp-post-list__post wordcamp-clearfix\">\n<div class=\"wordcamp-organizer wordcamp-organizers__post slug-maylen-garcia\">\n\t<h3 class=\"wordcamp-block__item-title wordcamp-organizers__title\" style=\"text-align:left\">Maylen Garc\u00eda<\/h3>\n\t\t\t<div class=\"wordcamp-image__avatar-container align-none\">\n\t\t\t<img loading=\"lazy\" decoding=\"async\" width=\"150\" height=\"150\" src=\"https:\/\/grinon.wordcamp.org\/2022\/files\/2022\/08\/maylen-garcia-150x150.png\" class=\"attachment-150x150 size-150x150 wp-post-image\" alt=\"Avatar de Maylen Garc\u00eda\" srcset=\"https:\/\/grinon.wordcamp.org\/2022\/files\/2022\/08\/maylen-garcia-150x150.png 150w, https:\/\/grinon.wordcamp.org\/2022\/files\/2022\/08\/maylen-garcia-300x300.png 300w, https:\/\/grinon.wordcamp.org\/2022\/files\/2022\/08\/maylen-garcia.png 450w\" sizes=\"auto, (max-width: 150px) 100vw, 150px\" \/>\t\t<\/div>\n\t\n\t\t\t<div class=\"wordcamp-block__item-content wordcamp-organizers__content is-full\"><p>Dise\u00f1adora web\ud83d\udc69\ud83c\udffb\u200d\ud83d\udcbby artista \ud83c\udfa8 amante de WordPress, Elementor y sus comunidades. Resuelvo problemas convirti\u00e9ndolos en un equilibrio creativo, funcional y \u00fanico.<\/p>\n<p>Me encanta ayudar a los dem\u00e1s, aprender, compartir conocimiento, dibujar, bailar y soy muy fan de los gatos grandes. \ud83e\udd81<\/p>\n<p>Feliz de ser la organizadora de voluntarios en WordCamp Gri\u00f1\u00f3n 2022 \ud83d\ude0a<\/p>\n<p>Encu\u00e9ntrame en: \ud83d\udcf2 <a href=\"https:\/\/www.linkedin.com\/in\/maylen-garcia\/\">LinkedIn <\/a>\ud83c\udf10 maylen.design<\/p><\/p>\n<\/div>\t<\/div>\n\n<\/li><li class=\"wordcamp-post-list__post wordcamp-clearfix\">\n<div class=\"wordcamp-organizer wordcamp-organizers__post slug-naza-megias\">\n\t<h3 class=\"wordcamp-block__item-title wordcamp-organizers__title\" style=\"text-align:left\">Naza Meg\u00edas<\/h3>\n\t\t\t<div class=\"wordcamp-image__avatar-container align-none\">\n\t\t\t<img loading=\"lazy\" decoding=\"async\" width=\"150\" height=\"150\" src=\"https:\/\/grinon.wordcamp.org\/2022\/files\/2022\/08\/naza-megijas-150x150.png\" class=\"attachment-150x150 size-150x150 wp-post-image\" alt=\"Avatar de Naza Meg\u00edas\" srcset=\"https:\/\/grinon.wordcamp.org\/2022\/files\/2022\/08\/naza-megijas-150x150.png 150w, https:\/\/grinon.wordcamp.org\/2022\/files\/2022\/08\/naza-megijas-300x300.png 300w, https:\/\/grinon.wordcamp.org\/2022\/files\/2022\/08\/naza-megijas.png 450w\" sizes=\"auto, (max-width: 150px) 100vw, 150px\" \/>\t\t<\/div>\n\t\n\t\t\t<div class=\"wordcamp-block__item-content wordcamp-organizers__content is-full\"><p>Hago p\u00e1ginas web \ud83d\udcbb (con WordPress, claro) y redacto textos \u270f\ufe0f sin tecnicismos ni dolores de cabeza \ud83d\udc86\u200d\u2640\ufe0f en <a href=\"http:\/\/nazaretlm.com\" target=\"_blank\" rel=\"noreferrer noopener\">nazaretlm.com<\/a><\/p>\n<p>Mi \u00absegundo\u00bb nombre es \u00abayudar\u00bb. Y el \u00abtercero\u00bb, \u00abaprender\u00bb.&nbsp;Y, adem\u00e1s, me apunto a un bombardeo con una facilidad pasmosa \ud83e\udd2a. <\/p>\n<p>Por eso dije s\u00ed cuando me invitaron a darle a la neurona para organizar la WordCamp Gri\u00f1\u00f3n. A\u00fan no ha muerto nadie del equipo, as\u00ed que igual no se me da tan mal \ud83d\ude02.<\/p>\n<p>Estoy en   \ud83e\udd33 <a href=\"https:\/\/instagram.com\/nazamegias\">Instagram<\/a>      \ud83d\udcf2 <a href=\"https:\/\/LinkedIn.com\/in\/nazamegias\">LinkedIn<\/a>      \ud83d\udc26 <a href=\"https:\/\/twitter.com\/nazamegias\">Twitter<\/a><\/p><\/p>\n<\/div>\t<\/div>\n\n<\/li><li class=\"wordcamp-post-list__post wordcamp-clearfix\">\n<div class=\"wordcamp-organizer wordcamp-organizers__post slug-santiago-becerra\">\n\t<h3 class=\"wordcamp-block__item-title wordcamp-organizers__title\" style=\"text-align:left\">Santiago Becerra<\/h3>\n\t\t\t<div class=\"wordcamp-image__avatar-container align-none\">\n\t\t\t<img loading=\"lazy\" decoding=\"async\" width=\"150\" height=\"150\" src=\"https:\/\/grinon.wordcamp.org\/2022\/files\/2022\/08\/santiago-becerra-150x150.png\" class=\"attachment-150x150 size-150x150 wp-post-image\" alt=\"Avatar de Santiago Becerra\" srcset=\"https:\/\/grinon.wordcamp.org\/2022\/files\/2022\/08\/santiago-becerra-150x150.png 150w, https:\/\/grinon.wordcamp.org\/2022\/files\/2022\/08\/santiago-becerra-300x300.png 300w, https:\/\/grinon.wordcamp.org\/2022\/files\/2022\/08\/santiago-becerra.png 450w\" sizes=\"auto, (max-width: 150px) 100vw, 150px\" \/>\t\t<\/div>\n\t\n\t\t\t<div class=\"wordcamp-block__item-content wordcamp-organizers__content is-full\"><p>De estudios, ingeniero de teleco. De experiencia laboral, desarrollador software. Con lo que disfruto, la educaci\u00f3n financiera, la oratoria, el desarrollo web y bailar tango. Mi principal fuente de ingresos, la inversi\u00f3n inmobiliaria.<\/p>\n<p>Conocedor en profundidad de html, css y PHP. Defensor del Software Libre. Enamorado de WordPress en general y de Elementor en particular. Socio de WordPress Combo, donde desarrollamos sitios webs que venden.<\/p>\n<p>Coorganizo y lidero la comunidad de Elementor Madrid. En las redes me puedes encontrar en \ud83d\udcf2 <a href=\"https:\/\/LinkedIn.com\/in\/sanbec\">LinkedIn<\/a> y \ud83d\udc26 <a href=\"https:\/\/twitter.com\/dinerologo_\">Twitter<\/a>.<\/p><\/p>\n<\/div>\t<\/div>\n\n<\/li><li class=\"wordcamp-post-list__post wordcamp-clearfix\">\n<div class=\"wordcamp-organizer wordcamp-organizers__post slug-ana\">\n\t<h3 class=\"wordcamp-block__item-title wordcamp-organizers__title\" style=\"text-align:left\">Ana M. Medina<\/h3>\n\t\t\t<div class=\"wordcamp-image__avatar-container align-none\">\n\t\t\t<img decoding=\"async\" src=\"https:\/\/secure.gravatar.com\/avatar\/fd564f65ba04ad2390f601641b6c4513fe0a741a83cfae8d041cf7fbfe02d4f9?s=150&amp;d=mm&amp;r=g\" alt=\"Avatar de Ana M. Medina\" \/>\t\t<\/div>\n\t\n\t\t\t<div class=\"wordcamp-block__item-content wordcamp-organizers__content is-full\"><p>Soy creadora de p\u00e1ginas Web desde cero, con WordPress, por supuesto. (Dise\u00f1o, Copy, Logos, SEO y todo lo que el cliente necesite).<\/p>\n<p>Lo compatibilizo con la docencia; doy cursos de WordPress y digitalizaci\u00f3n homologados por la Comunidad de Madrid y las Agencias de Empleo.<\/p>\n<p>Disfruto con ello, me apasiona ense\u00f1ar y conseguir nuevos adictos al mundo WordPress.<\/p>\n<p>No s\u00e9 ni como he terminado formando parte de la organizaci\u00f3n de este foll\u00f3n\u2026 ser\u00e1 porque no me gusta perderme nada.<\/p>\n<\/div>\t<\/div>\n\n<\/li><\/ul>\n\n\n<p>* En realidad, eso de que nos ha costado reunirlos, es broma. Ni para la foto.<\/p>\n\n\n\n<p>Todas las personas que formamos parte del equipo de organizaci\u00f3n nos hemos lanzado a esta piscina de cabeza, a sabiendas de que lo que nos llevamos es el amorcito de todos los que particip\u00e1is (\u00a1que no es poco!) y un par de neuronas menos, de tanto darle al coco \ud83d\ude02.<\/p>\n\n\n\n<h2 class=\"wp-block-heading\">Voluntarias y Voluntarios<\/h2>\n\n\n\n<p>Abarcando toda la sala (y tambi\u00e9n los pasillos). Controlando todas las mesas. No son p\u00e1jaros. No son aviones. Son nuestras voluntarias y voluntarios, que son los mejores.<\/p>\n\n\n\n<p>Dan hasta su \u00faltima gota de sudor para que no falte de nada, para que todo empiece a su hora, para que la WordCamp Gri\u00f1\u00f3n 2022 sea recordada como la mejor de los \u00faltimos milenios.<\/p>\n\n\n\n<p>Y adem\u00e1s han salido fenomenal en las fotos. \u00bfQuieres conocerlos?<\/p>\n\n\n\n<ul class=\"wordcamp-block wordcamp-post-list has-layout-grid wordcamp-organizers has-grid-columns-2\">\n<li><img decoding=\"async\" alt=\"\" src=\"https:\/\/secure.gravatar.com\/avatar\/7e6b4b920bc08a20b0701da30fe6618f?s=150&amp;d=mm&amp;r=g\" class=\"avatar avatar-96 photo\" loading=\"lazy\" width=\"150\" height=\"150\">\n\t\t\t\t\t\t<div class=\"tix-field tix-attendee-name\">\n\t\t\t\t\t\t\t<span class=\"tix-first\">ANDREA<\/span> <span class=\"tix-last\">CARO RODR\u00cdGUEZ<\/span>\t\t\t\t\t\t<\/div>\n\n\t\t\t\t\t\t\n\t\t\t\t\t\t<a class=\"tix-field tix-attendee-twitter\" href=\"http:\/\/twitter.com\/Anddrea30\">@Anddrea30<\/a><\/li>\n\n<li><img decoding=\"async\" alt=\"\" src=\"https:\/\/secure.gravatar.com\/avatar\/b9b598084623beb1ca3cbfa7f8bdc486?s=150&amp;d=mm&amp;r=g\" class=\"avatar avatar-96 photo\" loading=\"lazy\" width=\"150\" height=\"150\">\n\t\t\t\t\t\t<div class=\"tix-field tix-attendee-name\">\n\t\t\t\t\t\t\t<span class=\"tix-first\">CARLOTA<\/span> <span class=\"tix-last\">GALV\u00c1N RAMOS<\/span>\t\t\t\t\t\t<\/div>\n\n\t\t\t\t\t\t\n\t\t\t\t\t\t<a class=\"tix-field tix-attendee-twitter\" href=\"http:\/\/twitter.com\/carlotagalvan\">@carlotagalvan<\/a><\/li>\n<li><img decoding=\"async\" alt=\"\" src=\"https:\/\/secure.gravatar.com\/avatar\/0f878ac88f0510633a85bc1822419c04?s=150&amp;d=mm&amp;r=g\" class=\"avatar avatar-96 photo\" loading=\"lazy\" width=\"150\" height=\"150\">\n\t\t\t\t\t\t<div class=\"tix-field tix-attendee-name\">\n\t\t\t\t\t\t\t<span class=\"tix-first\">Jose Luis<\/span> <span class=\"tix-last\">Losada<\/span>\t\t\t\t\t\t<\/div>\n\n\t\t\t\t\t\t\n\t\t\t\t\t\t<\/li>\n<li>\n<img decoding=\"async\" alt=\"\" src=\"https:\/\/secure.gravatar.com\/avatar\/b9b9839605a363b2fedda674ea13dc0c?s=150&amp;d=mm&amp;r=g\" class=\"avatar avatar-96 photo\" loading=\"lazy\" width=\"150\" height=\"150\">\n<div class=\"tix-field tix-attendee-name\"><span class=\"tix-first\">Cristina<\/span> <span class=\"tix-last\">Virtus<\/span><\/div><a class=\"tix-field tix-attendee-twitter\" href=\"http:\/\/twitter.com\/cristivirtus\">@cristivirtus<\/a><\/li>\n\n<li><img decoding=\"async\" alt=\"\" src=\"https:\/\/secure.gravatar.com\/avatar\/7b05813323c9ba05d0f3fec47574b0d9?s=150&amp;d=mm&amp;r=g\" class=\"avatar avatar-96 photo\" loading=\"lazy\" width=\"150\" height=\"150\">\n\t\t\t\t\t\t<div class=\"tix-field tix-attendee-name\">\n\t\t\t\t\t\t\t<span class=\"tix-first\">Gustavo<\/span> <span class=\"tix-last\">Galati<\/span>\t\t\t\t\t\t<\/div>\n\n\t\t\t\t\t\t\n\t\t\t\t\t\t<a class=\"tix-field tix-attendee-twitter\" href=\"http:\/\/twitter.com\/GustavoGalati\">@GustavoGalati<\/a><\/li>\n\n\n<li><img decoding=\"async\" alt=\"\" src=\"https:\/\/secure.gravatar.com\/avatar\/058b1cdb2fa0675d61016efa23f1363d?s=150&amp;d=mm&amp;r=g\" class=\"avatar avatar-96 photo\" loading=\"lazy\" width=\"150\" height=\"150\">\n\t\t\t\t\t\t<div class=\"tix-field tix-attendee-name\">\n\t\t\t\t\t\t\t<span class=\"tix-first\">Marta<\/span> <span class=\"tix-last\">Cort\u00e9s F\u00e1bregas<\/span>\t\t\t\t\t\t<\/div>\n\n\t\t\t\t\t\t\n\t\t\t\t\t\t<a class=\"tix-field tix-attendee-twitter\" href=\"http:\/\/twitter.com\/martacortesfab\">@martacortesfab<\/a><\/li>\n<li><img decoding=\"async\" alt=\"\" src=\"https:\/\/secure.gravatar.com\/avatar\/82a67d2d011ae384612fe6441576cdf5?s=150&amp;d=mm&amp;r=g\" class=\"avatar avatar-96 photo\" loading=\"lazy\" width=\"150\" height=\"150\">\n\t\t\t\t\t\t<div class=\"tix-field tix-attendee-name\">\n\t\t\t\t\t\t\t<span class=\"tix-first\">Nilo<\/span> <span class=\"tix-last\">V\u00e9lez<\/span>\t\t\t\t\t\t<\/div>\n\n\t\t\t\t\t\t\n\t\t\t\t\t\t<a class=\"tix-field tix-attendee-twitter\" href=\"http:\/\/twitter.com\/NiloVelez\">@NiloVelez<\/a><\/li>\n<li><img decoding=\"async\" alt=\"\" src=\"https:\/\/secure.gravatar.com\/avatar\/2ea56b2dd2c543d5dd67a5a45810252e?s=150&amp;d=mm&amp;r=g\" class=\"avatar avatar-96 photo\" loading=\"lazy\" width=\"150\" height=\"150\">\n\t\t\t\t\t\t<div class=\"tix-field tix-attendee-name\">\n\t\t\t\t\t\t\t<span class=\"tix-first\">Gema<\/span> <span class=\"tix-last\">Mendoza Moya<\/span>\t\t\t\t\t\t<\/div>\n\n\t\t\t\t\t\t\n\t\t\t\t\t\t<\/li><li><img decoding=\"async\" alt=\"\" src=\"https:\/\/secure.gravatar.com\/avatar\/77971620a3e9c05f9a1a457091f735a4?s=150&amp;d=mm&amp;r=g\" class=\"avatar avatar-96 photo\" loading=\"lazy\" width=\"150\" height=\"150\">\n\t\t\t\t\t\t<div class=\"tix-field tix-attendee-name\">\n\t\t\t\t\t\t\t<span class=\"tix-first\">Irene<\/span> <span class=\"tix-last\">Posadas<\/span>\t\t\t\t\t\t<\/div>\n\n\t\t\t\t\t\t\n\t\t\t\t\t\t<a class=\"tix-field tix-attendee-twitter\" href=\"http:\/\/twitter.com\/ipavirtual\">@ipavirtual<\/a><div><\/div><\/li>\n<\/ul>\n<\/div>\n<\/div>\n","protected":false},"excerpt":{"rendered":"<p>Organizadores Te presentamos al equipo de locos\u2026 por WordPress que est\u00e1 sudando la gota gorda para que despu\u00e9s del 18 y 19 de noviembre recuerdes la WordCamp Gri\u00f1\u00f3n 2022 con el mejor sabor de boca. Nos ha costado la torta reunir a todos estos cracks, pero lo hemos conseguido y aqu\u00ed est\u00e1n: * En realidad, [&hellip;]<\/p>\n","protected":false},"author":13980965,"featured_media":0,"parent":0,"menu_order":0,"comment_status":"closed","ping_status":"closed","template":"page-large-header","meta":{"jetpack_post_was_ever_published":false,"footnotes":""},"class_list":["post-12","page","type-page","status-publish","hentry"],"jetpack_sharing_enabled":true,"_links":{"self":[{"href":"https:\/\/grinon.wordcamp.org\/2022\/wp-json\/wp\/v2\/pages\/12","targetHints":{"allow":["GET"]}}],"collection":[{"href":"https:\/\/grinon.wordcamp.org\/2022\/wp-json\/wp\/v2\/pages"}],"about":[{"href":"https:\/\/grinon.wordcamp.org\/2022\/wp-json\/wp\/v2\/types\/page"}],"author":[{"embeddable":true,"href":"https:\/\/grinon.wordcamp.org\/2022\/wp-json\/wp\/v2\/users\/13980965"}],"replies":[{"embeddable":true,"href":"https:\/\/grinon.wordcamp.org\/2022\/wp-json\/wp\/v2\/comments?post=12"}],"version-history":[{"count":15,"href":"https:\/\/grinon.wordcamp.org\/2022\/wp-json\/wp\/v2\/pages\/12\/revisions"}],"predecessor-version":[{"id":4399,"href":"https:\/\/grinon.wordcamp.org\/2022\/wp-json\/wp\/v2\/pages\/12\/revisions\/4399"}],"wp:attachment":[{"href":"https:\/\/grinon.wordcamp.org\/2022\/wp-json\/wp\/v2\/media?parent=12"}],"curies":[{"name":"wp","href":"https:\/\/api.w.org\/{rel}","templated":true}]}}