{"id":13,"date":"2022-08-10T13:25:50","date_gmt":"2022-08-10T11:25:50","guid":{"rendered":"https:\/\/grinon.wordcamp.org\/2022\/?page_id=13"},"modified":"2022-12-02T12:27:53","modified_gmt":"2022-12-02T11:27:53","slug":"tickets","status":"publish","type":"page","link":"https:\/\/grinon.wordcamp.org\/2022\/tickets\/","title":{"rendered":"Tickets"},"content":{"rendered":"\n<div class=\"wp-block-columns is-layout-flex wp-container-core-columns-is-layout-f56f613f wp-block-columns-is-layout-flex\">\n<div class=\"wp-block-column is-layout-flow wp-block-column-is-layout-flow\">\n<h1 class=\"wp-block-heading\">Por ahora no hay nueva WordCamp Gri\u00f1\u00f3n&#8230;<\/h1>\n\n\n\n<p class=\"wp-block-paragraph\">Pero mientras tanto te puedes apuntar a los <a rel=\"noreferrer noopener\" href=\"https:\/\/www.meetup.com\/es-ES\/wordpress-grinon\/events\/\" target=\"_blank\">eventos online y presenciale<\/a><a href=\"https:\/\/www.meetup.com\/es-ES\/wordpress-grinon\/events\/\" target=\"_blank\" rel=\"noreferrer noopener\">s<\/a><a rel=\"noreferrer noopener\" href=\"https:\/\/www.meetup.com\/es-ES\/wordpress-grinon\/events\/\" target=\"_blank\"> de la Meetup de WordPress Gri\u00f1\u00f3n<\/a>.<\/p>\n\n\n\n<p class=\"wp-block-paragraph\">Las <a href=\"https:\/\/wordpress.tv\/event\/wordcamp-grinon-2022\/\" target=\"_blank\" rel=\"noreferrer noopener\">charlas grabadas de WordCamp Gri\u00f1\u00f3n 2022<\/a> y las fotograf\u00edas de WordCamp Gri\u00f1\u00f3n.<\/p>\n\n\n\n<figure class=\"wp-block-embed is-type-rich is-provider-flickr wp-block-embed-flickr\"><div class=\"wp-block-embed__wrapper\">\n<a data-flickr-embed='true' href='https:\/\/www.flickr.com\/photos\/196960693@N05' title='WordCamp Gri\u00f1\u00f3n'><img src='https:\/\/live.staticflickr.com\/65535\/52515776199_973b1dfe7f.jpg' width='800' height='600' alt='WordCamp Gri\u00f1\u00f3n 2022'><\/a><script async src='https:\/\/embedr.flickr.com\/assets\/client-code.js' charset='utf-8'><\/script>\n<\/div><\/figure>\n<\/div>\n<\/div>\n","protected":false},"excerpt":{"rendered":"<p>Por ahora no hay nueva WordCamp Gri\u00f1\u00f3n&#8230; Pero mientras tanto te puedes apuntar a los eventos online y presenciales de la Meetup de WordPress Gri\u00f1\u00f3n. Las charlas grabadas de WordCamp Gri\u00f1\u00f3n 2022 y las fotograf\u00edas de WordCamp Gri\u00f1\u00f3n.<\/p>\n","protected":false},"author":13980965,"featured_media":0,"parent":0,"menu_order":0,"comment_status":"closed","ping_status":"closed","template":"page-large-header","meta":{"_crdt_document":"","jetpack_post_was_ever_published":false,"footnotes":""},"class_list":["post-13","page","type-page","status-publish","hentry"],"jetpack_sharing_enabled":true,"_links":{"self":[{"href":"https:\/\/grinon.wordcamp.org\/2022\/wp-json\/wp\/v2\/pages\/13","targetHints":{"allow":["GET"]}}],"collection":[{"href":"https:\/\/grinon.wordcamp.org\/2022\/wp-json\/wp\/v2\/pages"}],"about":[{"href":"https:\/\/grinon.wordcamp.org\/2022\/wp-json\/wp\/v2\/types\/page"}],"author":[{"embeddable":true,"href":"https:\/\/grinon.wordcamp.org\/2022\/wp-json\/wp\/v2\/users\/13980965"}],"replies":[{"embeddable":true,"href":"https:\/\/grinon.wordcamp.org\/2022\/wp-json\/wp\/v2\/comments?post=13"}],"version-history":[{"count":25,"href":"https:\/\/grinon.wordcamp.org\/2022\/wp-json\/wp\/v2\/pages\/13\/revisions"}],"predecessor-version":[{"id":4825,"href":"https:\/\/grinon.wordcamp.org\/2022\/wp-json\/wp\/v2\/pages\/13\/revisions\/4825"}],"wp:attachment":[{"href":"https:\/\/grinon.wordcamp.org\/2022\/wp-json\/wp\/v2\/media?parent=13"}],"curies":[{"name":"wp","href":"https:\/\/api.w.org\/{rel}","templated":true}]}}