{"id":2347,"date":"2022-09-03T21:26:55","date_gmt":"2022-09-03T19:26:55","guid":{"rendered":"https:\/\/grinon.wordcamp.org\/2022\/?page_id=2347"},"modified":"2022-10-30T18:03:22","modified_gmt":"2022-10-30T17:03:22","slug":"nexcess","status":"publish","type":"page","link":"https:\/\/grinon.wordcamp.org\/2022\/patrocinadores\/nexcess\/","title":{"rendered":"Nexcess"},"content":{"rendered":"\n<div class=\"wp-block-group is-nowrap is-layout-flex wp-container-core-group-is-layout-f56f613f wp-block-group-is-layout-flex\"><h1 class=\"wp-block-post-title\">Nexcess<\/h1>\n\n\n<figure class=\"wp-block-image size-medium imgpatro\"><img loading=\"lazy\" decoding=\"async\" width=\"300\" height=\"113\" src=\"https:\/\/grinon.wordcamp.org\/2022\/files\/2022\/08\/pt-global-nexcess-1-300x113.jpg\" alt=\"Nexcess\" class=\"wp-image-1921\" srcset=\"https:\/\/grinon.wordcamp.org\/2022\/files\/2022\/08\/pt-global-nexcess-1-300x113.jpg 300w, https:\/\/grinon.wordcamp.org\/2022\/files\/2022\/08\/pt-global-nexcess-1-768x288.jpg 768w, https:\/\/grinon.wordcamp.org\/2022\/files\/2022\/08\/pt-global-nexcess-1-500x188.jpg 500w, https:\/\/grinon.wordcamp.org\/2022\/files\/2022\/08\/pt-global-nexcess-1.jpg 800w\" sizes=\"auto, (max-width: 300px) 100vw, 300px\" \/><\/figure>\n<\/div>\n\n\n\n<p class=\"wp-block-paragraph\">Nexcess ofrece una soluci\u00f3n en la nube totalmente gestionada, de alto rendimiento y la mejor de su clase, creada para optimizar los sitios y las tiendas de WordPress y WooCommerce. Durante m\u00e1s de 20 a\u00f1os, nuestro enfoque hol\u00edstico y pr\u00e1ctico de los productos y soluciones gestionados ha proporcionado a los usuarios herramientas que les ayudan a crear mejores sitios web y tiendas de comercio electr\u00f3nico, junto con una asistencia experta y bajo demanda. Al eliminar el estr\u00e9s de la gesti\u00f3n de las operaciones diarias de su sitio o tienda, ofrecemos a nuestros clientes la posibilidad de avanzar y centrarse m\u00e1s en lo que les inspira.<\/p>\n\n\n\n<p class=\"wp-block-paragraph\">Tanto si es propietario de una peque\u00f1a empresa, dise\u00f1ador, desarrollador o una agencia de tama\u00f1o peque\u00f1o o mediano, <a href=\"https:\/\/www.nexcess.net\/wordpress\/\" rel=\"nofollow\">Nexcess<\/a> tiene una soluci\u00f3n para ayudarle a usted y a su negocio a tener \u00e9xito.<\/p>\n","protected":false},"excerpt":{"rendered":"<p>Nexcess ofrece una soluci\u00f3n en la nube totalmente gestionada, de alto rendimiento y la mejor de su clase, creada para optimizar los sitios y las tiendas de WordPress y WooCommerce. Durante m\u00e1s de 20 a\u00f1os, nuestro enfoque hol\u00edstico y pr\u00e1ctico de los productos y soluciones gestionados ha proporcionado a los usuarios herramientas que les ayudan [&hellip;]<\/p>\n","protected":false},"author":14297363,"featured_media":0,"parent":10,"menu_order":0,"comment_status":"closed","ping_status":"closed","template":"page-large-header","meta":{"_crdt_document":"","jetpack_post_was_ever_published":false,"footnotes":""},"class_list":["post-2347","page","type-page","status-publish","hentry"],"jetpack_sharing_enabled":true,"_links":{"self":[{"href":"https:\/\/grinon.wordcamp.org\/2022\/wp-json\/wp\/v2\/pages\/2347","targetHints":{"allow":["GET"]}}],"collection":[{"href":"https:\/\/grinon.wordcamp.org\/2022\/wp-json\/wp\/v2\/pages"}],"about":[{"href":"https:\/\/grinon.wordcamp.org\/2022\/wp-json\/wp\/v2\/types\/page"}],"author":[{"embeddable":true,"href":"https:\/\/grinon.wordcamp.org\/2022\/wp-json\/wp\/v2\/users\/14297363"}],"replies":[{"embeddable":true,"href":"https:\/\/grinon.wordcamp.org\/2022\/wp-json\/wp\/v2\/comments?post=2347"}],"version-history":[{"count":3,"href":"https:\/\/grinon.wordcamp.org\/2022\/wp-json\/wp\/v2\/pages\/2347\/revisions"}],"predecessor-version":[{"id":4027,"href":"https:\/\/grinon.wordcamp.org\/2022\/wp-json\/wp\/v2\/pages\/2347\/revisions\/4027"}],"up":[{"embeddable":true,"href":"https:\/\/grinon.wordcamp.org\/2022\/wp-json\/wp\/v2\/pages\/10"}],"wp:attachment":[{"href":"https:\/\/grinon.wordcamp.org\/2022\/wp-json\/wp\/v2\/media?parent=2347"}],"curies":[{"name":"wp","href":"https:\/\/api.w.org\/{rel}","templated":true}]}}