{"id":2349,"date":"2022-09-03T21:32:33","date_gmt":"2022-09-03T19:32:33","guid":{"rendered":"https:\/\/grinon.wordcamp.org\/2022\/?page_id=2349"},"modified":"2022-10-30T18:04:13","modified_gmt":"2022-10-30T17:04:13","slug":"weglot","status":"publish","type":"page","link":"https:\/\/grinon.wordcamp.org\/2022\/patrocinadores\/weglot\/","title":{"rendered":"WEGLOT"},"content":{"rendered":"\n<div class=\"wp-block-group is-nowrap is-layout-flex wp-container-core-group-is-layout-f56f613f wp-block-group-is-layout-flex\"><h1 class=\"wp-block-post-title\">WEGLOT<\/h1>\n\n\n<figure class=\"wp-block-image size-medium imgpatro\"><img loading=\"lazy\" decoding=\"async\" width=\"300\" height=\"113\" src=\"https:\/\/grinon.wordcamp.org\/2022\/files\/2022\/08\/pt-global-weglot-1-300x113.jpg\" alt=\"WEGLOT\" class=\"wp-image-1922\" srcset=\"https:\/\/grinon.wordcamp.org\/2022\/files\/2022\/08\/pt-global-weglot-1-300x113.jpg 300w, https:\/\/grinon.wordcamp.org\/2022\/files\/2022\/08\/pt-global-weglot-1-768x288.jpg 768w, https:\/\/grinon.wordcamp.org\/2022\/files\/2022\/08\/pt-global-weglot-1-500x188.jpg 500w, https:\/\/grinon.wordcamp.org\/2022\/files\/2022\/08\/pt-global-weglot-1.jpg 800w\" sizes=\"auto, (max-width: 300px) 100vw, 300px\" \/><\/figure>\n<\/div>\n\n\n\n<p class=\"wp-block-paragraph\"><a href=\"https:\/\/weglot.com\/integrations\/wordpress-translation-plugin\/\" rel=\"nofollow\">Weglot<\/a> es un plugin multiling\u00fce de WordPress para traducir y mostrar su sitio web en varios idiomas. Proporciona una primera capa r\u00e1pida de traducci\u00f3n autom\u00e1tica que puedes editar f\u00e1cilmente t\u00fa mismo o a\u00f1adiendo compa\u00f1eros de equipo, o colaborar con traductores profesionales a trav\u00e9s del panel de control de Weglot. Con la confianza de m\u00e1s de 50.000 propietarios y desarrolladores de sitios web y con una calificaci\u00f3n de 5 estrellas en el directorio de WordPress (m\u00e1s de 1.000 opiniones), puedes tener un sitio web multiling\u00fce en funcionamiento en cuesti\u00f3n de minutos. Las principales ventajas son:<\/p>\n\n\n\n<ul class=\"wp-block-list\">\n<li>Configuraci\u00f3n sencilla y r\u00e1pida<\/li>\n\n\n\n<li>Mejores pr\u00e1cticas de SEO multiling\u00fce (URLs y metadatos traducidos)<\/li>\n\n\n\n<li>Compatibilidad con cualquier tema y plugin (incl. WooCommerce)<\/li>\n\n\n\n<li>Traducciones autom\u00e1ticas y humanas<\/li>\n\n\n\n<li>Un panel de control \u00fanico con un \u00abeditor en contexto\u00bb, edita f\u00e1cilmente las traducciones e invita a tus compa\u00f1eros de equipo a colaborar en los proyectos<\/li>\n\n\n\n<li>Soporte experto: un equipo de soporte t\u00e9cnico totalmente dedicado a tu disposici\u00f3n<\/li>\n<\/ul>\n","protected":false},"excerpt":{"rendered":"<p>Weglot es un plugin multiling\u00fce de WordPress para traducir y mostrar su sitio web en varios idiomas. Proporciona una primera capa r\u00e1pida de traducci\u00f3n autom\u00e1tica que puedes editar f\u00e1cilmente t\u00fa mismo o a\u00f1adiendo compa\u00f1eros de equipo, o colaborar con traductores profesionales a trav\u00e9s del panel de control de Weglot. Con la confianza de m\u00e1s de [&hellip;]<\/p>\n","protected":false},"author":14297363,"featured_media":0,"parent":10,"menu_order":0,"comment_status":"closed","ping_status":"closed","template":"page-large-header","meta":{"_crdt_document":"","jetpack_post_was_ever_published":false,"footnotes":""},"class_list":["post-2349","page","type-page","status-publish","hentry"],"jetpack_sharing_enabled":true,"_links":{"self":[{"href":"https:\/\/grinon.wordcamp.org\/2022\/wp-json\/wp\/v2\/pages\/2349","targetHints":{"allow":["GET"]}}],"collection":[{"href":"https:\/\/grinon.wordcamp.org\/2022\/wp-json\/wp\/v2\/pages"}],"about":[{"href":"https:\/\/grinon.wordcamp.org\/2022\/wp-json\/wp\/v2\/types\/page"}],"author":[{"embeddable":true,"href":"https:\/\/grinon.wordcamp.org\/2022\/wp-json\/wp\/v2\/users\/14297363"}],"replies":[{"embeddable":true,"href":"https:\/\/grinon.wordcamp.org\/2022\/wp-json\/wp\/v2\/comments?post=2349"}],"version-history":[{"count":3,"href":"https:\/\/grinon.wordcamp.org\/2022\/wp-json\/wp\/v2\/pages\/2349\/revisions"}],"predecessor-version":[{"id":4028,"href":"https:\/\/grinon.wordcamp.org\/2022\/wp-json\/wp\/v2\/pages\/2349\/revisions\/4028"}],"up":[{"embeddable":true,"href":"https:\/\/grinon.wordcamp.org\/2022\/wp-json\/wp\/v2\/pages\/10"}],"wp:attachment":[{"href":"https:\/\/grinon.wordcamp.org\/2022\/wp-json\/wp\/v2\/media?parent=2349"}],"curies":[{"name":"wp","href":"https:\/\/api.w.org\/{rel}","templated":true}]}}