{"id":2358,"date":"2022-09-04T00:19:46","date_gmt":"2022-09-03T22:19:46","guid":{"rendered":"https:\/\/grinon.wordcamp.org\/2022\/?page_id=2358"},"modified":"2022-10-22T17:29:30","modified_gmt":"2022-10-22T15:29:30","slug":"bluehost","status":"publish","type":"page","link":"https:\/\/grinon.wordcamp.org\/2022\/patrocinadores\/bluehost\/","title":{"rendered":"Bluehost"},"content":{"rendered":"\n<div class=\"wp-block-group is-nowrap is-layout-flex wp-container-core-group-is-layout-f56f613f wp-block-group-is-layout-flex\"><h1 class=\"wp-block-post-title\">Bluehost<\/h1>\n\n\n<figure class=\"wp-block-image size-medium imgpatro\"><img loading=\"lazy\" decoding=\"async\" width=\"300\" height=\"113\" src=\"https:\/\/grinon.wordcamp.org\/2022\/files\/2022\/08\/pt-global-bluehost-1-300x113.jpg\" alt=\"\" class=\"wp-image-1920\" srcset=\"https:\/\/grinon.wordcamp.org\/2022\/files\/2022\/08\/pt-global-bluehost-1-300x113.jpg 300w, https:\/\/grinon.wordcamp.org\/2022\/files\/2022\/08\/pt-global-bluehost-1-768x288.jpg 768w, https:\/\/grinon.wordcamp.org\/2022\/files\/2022\/08\/pt-global-bluehost-1-500x188.jpg 500w, https:\/\/grinon.wordcamp.org\/2022\/files\/2022\/08\/pt-global-bluehost-1.jpg 800w\" sizes=\"auto, (max-width: 300px) 100vw, 300px\" \/><\/figure>\n<\/div>\n\n\n\n<p class=\"wp-block-paragraph\"><a href=\"https:\/\/www.bluehost.com\/\" rel=\"nofollow\">Bluehost<\/a> es socio de WordPress desde 2005, y da soporte a m\u00e1s de 2 millones de sitios web en todo el mundo con un alojamiento fiable y orientaci\u00f3n personalizada. Aprovechando el poder de WordPress, Bluehost ofrece los m\u00e9todos de creaci\u00f3n de sitios web m\u00e1s r\u00e1pidos junto con herramientas de gesti\u00f3n intuitivas. Desde instalaciones seguras y automatizadas de WordPress hasta herramientas y servicios avanzados de marketing, y acceso a expertos especializados en WordPress, Bluehost es el mejor lugar para construir, hacer crecer y escalar una presencia en l\u00ednea.<\/p>\n","protected":false},"excerpt":{"rendered":"<p>Bluehost es socio de WordPress desde 2005, y da soporte a m\u00e1s de 2 millones de sitios web en todo el mundo con un alojamiento fiable y orientaci\u00f3n personalizada. Aprovechando el poder de WordPress, Bluehost ofrece los m\u00e9todos de creaci\u00f3n de sitios web m\u00e1s r\u00e1pidos junto con herramientas de gesti\u00f3n intuitivas. Desde instalaciones seguras y [&hellip;]<\/p>\n","protected":false},"author":14297363,"featured_media":0,"parent":10,"menu_order":0,"comment_status":"closed","ping_status":"closed","template":"page-large-header","meta":{"_crdt_document":"","jetpack_post_was_ever_published":false,"footnotes":""},"class_list":["post-2358","page","type-page","status-publish","hentry"],"jetpack_sharing_enabled":true,"_links":{"self":[{"href":"https:\/\/grinon.wordcamp.org\/2022\/wp-json\/wp\/v2\/pages\/2358","targetHints":{"allow":["GET"]}}],"collection":[{"href":"https:\/\/grinon.wordcamp.org\/2022\/wp-json\/wp\/v2\/pages"}],"about":[{"href":"https:\/\/grinon.wordcamp.org\/2022\/wp-json\/wp\/v2\/types\/page"}],"author":[{"embeddable":true,"href":"https:\/\/grinon.wordcamp.org\/2022\/wp-json\/wp\/v2\/users\/14297363"}],"replies":[{"embeddable":true,"href":"https:\/\/grinon.wordcamp.org\/2022\/wp-json\/wp\/v2\/comments?post=2358"}],"version-history":[{"count":5,"href":"https:\/\/grinon.wordcamp.org\/2022\/wp-json\/wp\/v2\/pages\/2358\/revisions"}],"predecessor-version":[{"id":3474,"href":"https:\/\/grinon.wordcamp.org\/2022\/wp-json\/wp\/v2\/pages\/2358\/revisions\/3474"}],"up":[{"embeddable":true,"href":"https:\/\/grinon.wordcamp.org\/2022\/wp-json\/wp\/v2\/pages\/10"}],"wp:attachment":[{"href":"https:\/\/grinon.wordcamp.org\/2022\/wp-json\/wp\/v2\/media?parent=2358"}],"curies":[{"name":"wp","href":"https:\/\/api.w.org\/{rel}","templated":true}]}}