{"id":2360,"date":"2022-09-04T00:21:39","date_gmt":"2022-09-03T22:21:39","guid":{"rendered":"https:\/\/grinon.wordcamp.org\/2022\/?page_id=2360"},"modified":"2022-10-30T18:01:47","modified_gmt":"2022-10-30T17:01:47","slug":"jetpack","status":"publish","type":"page","link":"https:\/\/grinon.wordcamp.org\/2022\/patrocinadores\/jetpack\/","title":{"rendered":"Jetpack"},"content":{"rendered":"\n<div class=\"wp-block-columns is-layout-flex wp-container-core-columns-is-layout-f56f613f wp-block-columns-is-layout-flex\">\n<div class=\"wp-block-column is-layout-flow wp-block-column-is-layout-flow\" style=\"flex-basis:33.33%\">\n<p class=\"wp-block-paragraph\"><\/p>\n<\/div>\n<\/div>\n\n\n\n<div class=\"wp-block-group is-nowrap is-layout-flex wp-container-core-group-is-layout-f56f613f wp-block-group-is-layout-flex\"><h1 class=\"wp-block-post-title\">Jetpack<\/h1>\n\n\n<figure class=\"wp-block-image size-full is-resized imgpatro\"><img loading=\"lazy\" decoding=\"async\" src=\"https:\/\/grinon.wordcamp.org\/2022\/files\/2022\/08\/jetpack.jpg\" alt=\"\" class=\"wp-image-1900\" width=\"400\" height=\"150\" srcset=\"https:\/\/grinon.wordcamp.org\/2022\/files\/2022\/08\/jetpack.jpg 800w, https:\/\/grinon.wordcamp.org\/2022\/files\/2022\/08\/jetpack-300x113.jpg 300w, https:\/\/grinon.wordcamp.org\/2022\/files\/2022\/08\/jetpack-768x288.jpg 768w, https:\/\/grinon.wordcamp.org\/2022\/files\/2022\/08\/jetpack-500x188.jpg 500w\" sizes=\"auto, (max-width: 400px) 100vw, 400px\" \/><\/figure>\n<\/div>\n\n\n\n<div class=\"wp-block-group is-nowrap is-layout-flex wp-container-core-group-is-layout-f56f613f wp-block-group-is-layout-flex\"><\/div>\n\n\n\n<p class=\"wp-block-paragraph\">Un WordPress m\u00e1s seguro y r\u00e1pido. Jetpack es una potente colecci\u00f3n de herramientas de seguridad y rendimiento creada para los sitios de WordPress por los expertos de WordPress.<\/p>\n\n\n\n<ul class=\"wp-block-list\">\n<li>Con herramientas de seguridad probadas que mantienen tu sitio respaldado, en l\u00ednea y libre de hackeos.<\/li>\n\n\n\n<li>Las p\u00e1ginas que cargan r\u00e1pido significan visitantes m\u00e1s felices.<\/li>\n\n\n\n<li>Todo en un solo paquete \u2013 para que te puedas concentrar en tu negocio.<\/li>\n<\/ul>\n\n\n\n<p class=\"wp-block-paragraph\">Descubre c\u00f3mo Jetpack te ayuda a proteger y acelerar tu sitio en <a href=\"http:\/\/jetpack.com\" rel=\"nofollow\">jetpack.com<\/a>.<\/p>\n","protected":false},"excerpt":{"rendered":"<p>Un WordPress m\u00e1s seguro y r\u00e1pido. Jetpack es una potente colecci\u00f3n de herramientas de seguridad y rendimiento creada para los sitios de WordPress por los expertos de WordPress. Descubre c\u00f3mo Jetpack te ayuda a proteger y acelerar tu sitio en jetpack.com.<\/p>\n","protected":false},"author":14297363,"featured_media":0,"parent":10,"menu_order":0,"comment_status":"closed","ping_status":"closed","template":"page-large-header","meta":{"_crdt_document":"","jetpack_post_was_ever_published":false,"footnotes":""},"class_list":["post-2360","page","type-page","status-publish","hentry"],"jetpack_sharing_enabled":true,"_links":{"self":[{"href":"https:\/\/grinon.wordcamp.org\/2022\/wp-json\/wp\/v2\/pages\/2360","targetHints":{"allow":["GET"]}}],"collection":[{"href":"https:\/\/grinon.wordcamp.org\/2022\/wp-json\/wp\/v2\/pages"}],"about":[{"href":"https:\/\/grinon.wordcamp.org\/2022\/wp-json\/wp\/v2\/types\/page"}],"author":[{"embeddable":true,"href":"https:\/\/grinon.wordcamp.org\/2022\/wp-json\/wp\/v2\/users\/14297363"}],"replies":[{"embeddable":true,"href":"https:\/\/grinon.wordcamp.org\/2022\/wp-json\/wp\/v2\/comments?post=2360"}],"version-history":[{"count":15,"href":"https:\/\/grinon.wordcamp.org\/2022\/wp-json\/wp\/v2\/pages\/2360\/revisions"}],"predecessor-version":[{"id":4026,"href":"https:\/\/grinon.wordcamp.org\/2022\/wp-json\/wp\/v2\/pages\/2360\/revisions\/4026"}],"up":[{"embeddable":true,"href":"https:\/\/grinon.wordcamp.org\/2022\/wp-json\/wp\/v2\/pages\/10"}],"wp:attachment":[{"href":"https:\/\/grinon.wordcamp.org\/2022\/wp-json\/wp\/v2\/media?parent=2360"}],"curies":[{"name":"wp","href":"https:\/\/api.w.org\/{rel}","templated":true}]}}