{"id":3432,"date":"2022-10-22T11:42:40","date_gmt":"2022-10-22T09:42:40","guid":{"rendered":"https:\/\/grinon.wordcamp.org\/2022\/?page_id=3432"},"modified":"2022-11-03T18:24:17","modified_gmt":"2022-11-03T17:24:17","slug":"desafio-digital","status":"publish","type":"page","link":"https:\/\/grinon.wordcamp.org\/2022\/patrocinadores\/desafio-digital\/","title":{"rendered":"Desaf\u00edo digital"},"content":{"rendered":"\n<div class=\"wp-block-group is-nowrap is-layout-flex wp-container-core-group-is-layout-f56f613f wp-block-group-is-layout-flex\"><h1 class=\"wp-block-post-title\">Desaf\u00edo digital<\/h1>\n\n\n<figure class=\"wp-block-image size-medium imgpatro\"><img loading=\"lazy\" decoding=\"async\" width=\"300\" height=\"113\" src=\"https:\/\/grinon.wordcamp.org\/2022\/files\/2022\/10\/desafio-digital-logo-300x113.png\" alt=\"\" class=\"wp-image-3423\" srcset=\"https:\/\/grinon.wordcamp.org\/2022\/files\/2022\/10\/desafio-digital-logo-300x113.png 300w, https:\/\/grinon.wordcamp.org\/2022\/files\/2022\/10\/desafio-digital-logo-768x288.png 768w, https:\/\/grinon.wordcamp.org\/2022\/files\/2022\/10\/desafio-digital-logo-500x188.png 500w, https:\/\/grinon.wordcamp.org\/2022\/files\/2022\/10\/desafio-digital-logo.png 800w\" sizes=\"auto, (max-width: 300px) 100vw, 300px\" \/><\/figure>\n<\/div>\n\n\n\n<p class=\"wp-block-paragraph\">Especializados desde 2005 en desarrollo WEB sobre WordPress y V\u00cdDEO DIGITAL.<br><br>En la WordCamp Gri\u00f1\u00f3n, Julio y Fernando dirigir\u00e1n los dos equipos de realizaci\u00f3n de v\u00eddeo en directo para tener todas las ponencias disponibles en streaming y posteriormente para su publicaci\u00f3n en WordPress TV.<br><br>Conoce m\u00e1s <a href=\"https:\/\/www.desafiodigital.es\">en su p\u00e1gina web<\/a>.<\/p>\n","protected":false},"excerpt":{"rendered":"<p>Especializados desde 2005 en desarrollo WEB sobre WordPress y V\u00cdDEO DIGITAL. En la WordCamp Gri\u00f1\u00f3n, Julio y Fernando dirigir\u00e1n los dos equipos de realizaci\u00f3n de v\u00eddeo en directo para tener todas las ponencias disponibles en streaming y posteriormente para su publicaci\u00f3n en WordPress TV. Conoce m\u00e1s en su p\u00e1gina web.<\/p>\n","protected":false},"author":14297363,"featured_media":0,"parent":10,"menu_order":0,"comment_status":"closed","ping_status":"closed","template":"page-large-header","meta":{"_crdt_document":"","jetpack_post_was_ever_published":false,"footnotes":""},"class_list":["post-3432","page","type-page","status-publish","hentry"],"jetpack_sharing_enabled":true,"_links":{"self":[{"href":"https:\/\/grinon.wordcamp.org\/2022\/wp-json\/wp\/v2\/pages\/3432","targetHints":{"allow":["GET"]}}],"collection":[{"href":"https:\/\/grinon.wordcamp.org\/2022\/wp-json\/wp\/v2\/pages"}],"about":[{"href":"https:\/\/grinon.wordcamp.org\/2022\/wp-json\/wp\/v2\/types\/page"}],"author":[{"embeddable":true,"href":"https:\/\/grinon.wordcamp.org\/2022\/wp-json\/wp\/v2\/users\/14297363"}],"replies":[{"embeddable":true,"href":"https:\/\/grinon.wordcamp.org\/2022\/wp-json\/wp\/v2\/comments?post=3432"}],"version-history":[{"count":3,"href":"https:\/\/grinon.wordcamp.org\/2022\/wp-json\/wp\/v2\/pages\/3432\/revisions"}],"predecessor-version":[{"id":4217,"href":"https:\/\/grinon.wordcamp.org\/2022\/wp-json\/wp\/v2\/pages\/3432\/revisions\/4217"}],"up":[{"embeddable":true,"href":"https:\/\/grinon.wordcamp.org\/2022\/wp-json\/wp\/v2\/pages\/10"}],"wp:attachment":[{"href":"https:\/\/grinon.wordcamp.org\/2022\/wp-json\/wp\/v2\/media?parent=3432"}],"curies":[{"name":"wp","href":"https:\/\/api.w.org\/{rel}","templated":true}]}}