{"id":3434,"date":"2022-10-22T11:45:02","date_gmt":"2022-10-22T09:45:02","guid":{"rendered":"https:\/\/grinon.wordcamp.org\/2022\/?page_id=3434"},"modified":"2022-10-30T18:35:56","modified_gmt":"2022-10-30T17:35:56","slug":"raiola-networks","status":"publish","type":"page","link":"https:\/\/grinon.wordcamp.org\/2022\/patrocinadores\/raiola-networks\/","title":{"rendered":"Raiola Networks"},"content":{"rendered":"\n<div class=\"wp-block-group is-nowrap is-layout-flex wp-container-core-group-is-layout-f56f613f wp-block-group-is-layout-flex\"><h1 class=\"wp-block-post-title\">Raiola Networks<\/h1>\n\n\n<figure class=\"wp-block-image size-full is-resized imgpatro\"><img loading=\"lazy\" decoding=\"async\" src=\"https:\/\/grinon.wordcamp.org\/2022\/files\/2022\/10\/Raiola-nuevo.png\" alt=\"\" class=\"wp-image-4036\" width=\"250\" height=\"97\" \/><\/figure>\n<\/div>\n\n\n\n<p class=\"wp-block-paragraph\">En <a href=\"https:\/\/raiolanetworks.es\/\" rel=\"nofollow\">Raiola Networks<\/a> somos expertos en hosting y usuarios entusiastas de WordPress. Tenemos miles de clientes que utilizan este CMS, por lo que estamos muy al d\u00eda con la comunidad y trabajamos para crear servicios a su medida.<\/p>\n\n\n\n<p class=\"wp-block-paragraph\">Si visitas nuestra web, ver\u00e1s que contamos con planes de<a href=\"https:\/\/raiolanetworks.es\/hosting-wordpress\/\" rel=\"nofollow\">\u00a0Hosting WordPress SSD<\/a>\u00a0y con un equipo de soporte t\u00e9cnico experto en WordPress que responder\u00e1 a todas tus dudas.<\/p>\n\n\n\n<p class=\"wp-block-paragraph\">Adem\u00e1s, proporcionamos todo tipo de\u00a0<a href=\"https:\/\/raiolanetworks.es\/servicios-para-wordpress\/\" rel=\"nofollow\">servicios para WordPress<\/a>\u00a0adicionales como configuraci\u00f3n de plugins, desinfecci\u00f3n, optimizaci\u00f3n, resoluci\u00f3n de problemas, etc.<\/p>\n\n\n\n<p class=\"wp-block-paragraph\">Nuestro objetivo es ayudar a nuestros clientes a tener \u00e9xito con sus proyectos, ya sean grandes o peque\u00f1os, y a sacarle el m\u00e1ximo partido a WordPress. \u00bfTe vienes con nosotros?<\/p>\n","protected":false},"excerpt":{"rendered":"<p>En Raiola Networks somos expertos en hosting y usuarios entusiastas de WordPress. Tenemos miles de clientes que utilizan este CMS, por lo que estamos muy al d\u00eda con la comunidad y trabajamos para crear servicios a su medida. Si visitas nuestra web, ver\u00e1s que contamos con planes de\u00a0Hosting WordPress SSD\u00a0y con un equipo de soporte [&hellip;]<\/p>\n","protected":false},"author":14297363,"featured_media":0,"parent":10,"menu_order":0,"comment_status":"closed","ping_status":"closed","template":"page-large-header","meta":{"_crdt_document":"","jetpack_post_was_ever_published":false,"footnotes":""},"class_list":["post-3434","page","type-page","status-publish","hentry"],"jetpack_sharing_enabled":true,"_links":{"self":[{"href":"https:\/\/grinon.wordcamp.org\/2022\/wp-json\/wp\/v2\/pages\/3434","targetHints":{"allow":["GET"]}}],"collection":[{"href":"https:\/\/grinon.wordcamp.org\/2022\/wp-json\/wp\/v2\/pages"}],"about":[{"href":"https:\/\/grinon.wordcamp.org\/2022\/wp-json\/wp\/v2\/types\/page"}],"author":[{"embeddable":true,"href":"https:\/\/grinon.wordcamp.org\/2022\/wp-json\/wp\/v2\/users\/14297363"}],"replies":[{"embeddable":true,"href":"https:\/\/grinon.wordcamp.org\/2022\/wp-json\/wp\/v2\/comments?post=3434"}],"version-history":[{"count":9,"href":"https:\/\/grinon.wordcamp.org\/2022\/wp-json\/wp\/v2\/pages\/3434\/revisions"}],"predecessor-version":[{"id":4048,"href":"https:\/\/grinon.wordcamp.org\/2022\/wp-json\/wp\/v2\/pages\/3434\/revisions\/4048"}],"up":[{"embeddable":true,"href":"https:\/\/grinon.wordcamp.org\/2022\/wp-json\/wp\/v2\/pages\/10"}],"wp:attachment":[{"href":"https:\/\/grinon.wordcamp.org\/2022\/wp-json\/wp\/v2\/media?parent=3434"}],"curies":[{"name":"wp","href":"https:\/\/api.w.org\/{rel}","templated":true}]}}