{"id":3446,"date":"2022-10-22T11:55:24","date_gmt":"2022-10-22T09:55:24","guid":{"rendered":"https:\/\/grinon.wordcamp.org\/2022\/?page_id=3446"},"modified":"2022-11-03T18:11:52","modified_gmt":"2022-11-03T17:11:52","slug":"pambly-2","status":"publish","type":"page","link":"https:\/\/grinon.wordcamp.org\/2022\/patrocinadores\/pambly-2\/","title":{"rendered":"Pambly"},"content":{"rendered":"\n<div class=\"wp-block-group is-nowrap is-layout-flex wp-container-core-group-is-layout-f56f613f wp-block-group-is-layout-flex\"><h1 class=\"wp-block-post-title\">Pambly<\/h1>\n\n\n<figure class=\"wp-block-image size-medium imgpatro\"><img loading=\"lazy\" decoding=\"async\" width=\"300\" height=\"113\" src=\"https:\/\/grinon.wordcamp.org\/2022\/files\/2022\/10\/pambly-300x113.png\" alt=\"\" class=\"wp-image-3307\" srcset=\"https:\/\/grinon.wordcamp.org\/2022\/files\/2022\/10\/pambly-300x113.png 300w, https:\/\/grinon.wordcamp.org\/2022\/files\/2022\/10\/pambly-768x288.png 768w, https:\/\/grinon.wordcamp.org\/2022\/files\/2022\/10\/pambly-500x188.png 500w, https:\/\/grinon.wordcamp.org\/2022\/files\/2022\/10\/pambly.png 800w\" sizes=\"auto, (max-width: 300px) 100vw, 300px\" \/><\/figure>\n<\/div>\n\n\n\n<p class=\"wp-block-paragraph\">En Pambly ofrecemos cloud hosting optimizado para WordPress. Cloud hosting de verdad; estable, escalable y con diferentes localizaciones a elegir alrededor del planeta, como por ejemplo: Espa\u00f1a, Alemania, USA o M\u00e9xico.<\/p>\n\n\n\n<p class=\"wp-block-paragraph\"><br>En Pambly nos tomamos la calidad, la velocidad y la seguridad muy en serio, y por ello no escatimamos en recursos para conseguirlo, por tanto, en cualesquiera de nuestros planes, podr\u00e1s disfrutar de cPanel, LiteSpeed, CloudLinux, Imunify360, MailChannels, y\u2026&nbsp;<\/p>\n\n\n\n<p class=\"wp-block-paragraph\">\u00a1Backups cada 30 minutos!, \u00a1s\u00ed, como lees!, \u00a1Backups cada 30 minutos!&nbsp;<\/p>\n\n\n\n<p class=\"wp-block-paragraph\">Adem\u00e1s de las que realizamos cada hora, cada d\u00eda, cada semana y cada mes, y todas ellas almacenadas y alternadas entre diferentes datacenters de diferentes regiones, por lo que a partir de ahora, la tranquilidad se convertir\u00e1 en tu sombra.&nbsp;<\/p>\n\n\n\n<p class=\"wp-block-paragraph\">\u00a1Ah! \u00a1Y en todos nuestros planes el dominio y el certificado SSL est\u00e1n incluidos sin costes adicionales durante todo el tiempo que mantengas el plan de hosting activo!<\/p>\n\n\n\n<p class=\"wp-block-paragraph\">Adem\u00e1s, en Pambly contar\u00e1s con un equipo de soporte cercano, en el que tus problemas los hacemos nuestros, adem\u00e1s te aseguramos que hablaremos el mismo idioma, nada de tecnicismos, y en el caso de que haya que emplearlos porque no quede otra, te los traduciremos&nbsp;.<\/p>\n\n\n\n<p class=\"wp-block-paragraph\">Te invitamos a que nos conozcas en:\u00a0<a href=\"http:\/\/www.pambly.com\/\">www.pambly.com<\/a><\/p>\n\n\n\n<p class=\"wp-block-paragraph\">Y tambi\u00e9n nos puedes encontrar en:<\/p>\n\n\n\n<ul class=\"wp-block-list\">\n<li>Twitter (@pambly_cloud)<\/li>\n\n\n\n<li>Instagram: @pambly_cloud)<\/li>\n\n\n\n<li>Facebook: (<a href=\"https:\/\/www.facebook.com\/pambly.cloud\/\">https:\/\/www.facebook.com\/pambly.cloud\/<\/a>)<\/li>\n\n\n\n<li>LinkedIn: (<a href=\"https:\/\/www.linkedin.com\/company\/pambly\/\">https:\/\/www.linkedin.com\/company\/pambly\/<\/a>)<\/li>\n<\/ul>\n","protected":false},"excerpt":{"rendered":"<p>En Pambly ofrecemos cloud hosting optimizado para WordPress. Cloud hosting de verdad; estable, escalable y con diferentes localizaciones a elegir alrededor del planeta, como por ejemplo: Espa\u00f1a, Alemania, USA o M\u00e9xico. En Pambly nos tomamos la calidad, la velocidad y la seguridad muy en serio, y por ello no escatimamos en recursos para conseguirlo, por [&hellip;]<\/p>\n","protected":false},"author":14297363,"featured_media":0,"parent":10,"menu_order":0,"comment_status":"closed","ping_status":"closed","template":"page-large-header","meta":{"_crdt_document":"","jetpack_post_was_ever_published":false,"footnotes":""},"class_list":["post-3446","page","type-page","status-publish","hentry"],"jetpack_sharing_enabled":true,"_links":{"self":[{"href":"https:\/\/grinon.wordcamp.org\/2022\/wp-json\/wp\/v2\/pages\/3446","targetHints":{"allow":["GET"]}}],"collection":[{"href":"https:\/\/grinon.wordcamp.org\/2022\/wp-json\/wp\/v2\/pages"}],"about":[{"href":"https:\/\/grinon.wordcamp.org\/2022\/wp-json\/wp\/v2\/types\/page"}],"author":[{"embeddable":true,"href":"https:\/\/grinon.wordcamp.org\/2022\/wp-json\/wp\/v2\/users\/14297363"}],"replies":[{"embeddable":true,"href":"https:\/\/grinon.wordcamp.org\/2022\/wp-json\/wp\/v2\/comments?post=3446"}],"version-history":[{"count":3,"href":"https:\/\/grinon.wordcamp.org\/2022\/wp-json\/wp\/v2\/pages\/3446\/revisions"}],"predecessor-version":[{"id":4204,"href":"https:\/\/grinon.wordcamp.org\/2022\/wp-json\/wp\/v2\/pages\/3446\/revisions\/4204"}],"up":[{"embeddable":true,"href":"https:\/\/grinon.wordcamp.org\/2022\/wp-json\/wp\/v2\/pages\/10"}],"wp:attachment":[{"href":"https:\/\/grinon.wordcamp.org\/2022\/wp-json\/wp\/v2\/media?parent=3446"}],"curies":[{"name":"wp","href":"https:\/\/api.w.org\/{rel}","templated":true}]}}