{"id":3449,"date":"2022-10-22T12:13:14","date_gmt":"2022-10-22T10:13:14","guid":{"rendered":"https:\/\/grinon.wordcamp.org\/2022\/?page_id=3449"},"modified":"2022-11-03T18:25:19","modified_gmt":"2022-11-03T17:25:19","slug":"sabandijers","status":"publish","type":"page","link":"https:\/\/grinon.wordcamp.org\/2022\/patrocinadores\/sabandijers\/","title":{"rendered":"Sabandijers"},"content":{"rendered":"\n<div class=\"wp-block-group is-nowrap is-layout-flex wp-container-core-group-is-layout-f56f613f wp-block-group-is-layout-flex\"><h1 class=\"wp-block-post-title\">Sabandijers<\/h1>\n\n\n<figure class=\"wp-block-image size-medium imgpatro\"><img loading=\"lazy\" decoding=\"async\" width=\"300\" height=\"113\" src=\"https:\/\/grinon.wordcamp.org\/2022\/files\/2022\/10\/sabandijers-logo-300x113.png\" alt=\"\" class=\"wp-image-3448\" srcset=\"https:\/\/grinon.wordcamp.org\/2022\/files\/2022\/10\/sabandijers-logo-300x113.png 300w, https:\/\/grinon.wordcamp.org\/2022\/files\/2022\/10\/sabandijers-logo-768x288.png 768w, https:\/\/grinon.wordcamp.org\/2022\/files\/2022\/10\/sabandijers-logo-500x188.png 500w, https:\/\/grinon.wordcamp.org\/2022\/files\/2022\/10\/sabandijers-logo.png 800w\" sizes=\"auto, (max-width: 300px) 100vw, 300px\" \/><\/figure>\n<\/div>\n\n\n\n<p class=\"wp-block-paragraph\">Sabandijers es una comunidad para personas que quieren ganar dinero con negocios online, ya seas autonomo o trabajes por cuenta ajena, seas seo, copy, dise\u00f1ador wordpress o no tengas ni idea de nada y est\u00e9s empezando, tienes todos los <a href=\"https:\/\/sabandijers.club\/fgd\/\">recursos tanto de formaci\u00f3n como comunidad para crear y crecer con un negocio online<\/a>.<\/p>\n","protected":false},"excerpt":{"rendered":"<p>Sabandijers es una comunidad para personas que quieren ganar dinero con negocios online, ya seas autonomo o trabajes por cuenta ajena, seas seo, copy, dise\u00f1ador wordpress o no tengas ni idea de nada y est\u00e9s empezando, tienes todos los recursos tanto de formaci\u00f3n como comunidad para crear y crecer con un negocio online.<\/p>\n","protected":false},"author":14297363,"featured_media":0,"parent":10,"menu_order":0,"comment_status":"closed","ping_status":"closed","template":"page-large-header","meta":{"_crdt_document":"","jetpack_post_was_ever_published":false,"footnotes":""},"class_list":["post-3449","page","type-page","status-publish","hentry"],"jetpack_sharing_enabled":true,"_links":{"self":[{"href":"https:\/\/grinon.wordcamp.org\/2022\/wp-json\/wp\/v2\/pages\/3449","targetHints":{"allow":["GET"]}}],"collection":[{"href":"https:\/\/grinon.wordcamp.org\/2022\/wp-json\/wp\/v2\/pages"}],"about":[{"href":"https:\/\/grinon.wordcamp.org\/2022\/wp-json\/wp\/v2\/types\/page"}],"author":[{"embeddable":true,"href":"https:\/\/grinon.wordcamp.org\/2022\/wp-json\/wp\/v2\/users\/14297363"}],"replies":[{"embeddable":true,"href":"https:\/\/grinon.wordcamp.org\/2022\/wp-json\/wp\/v2\/comments?post=3449"}],"version-history":[{"count":3,"href":"https:\/\/grinon.wordcamp.org\/2022\/wp-json\/wp\/v2\/pages\/3449\/revisions"}],"predecessor-version":[{"id":4219,"href":"https:\/\/grinon.wordcamp.org\/2022\/wp-json\/wp\/v2\/pages\/3449\/revisions\/4219"}],"up":[{"embeddable":true,"href":"https:\/\/grinon.wordcamp.org\/2022\/wp-json\/wp\/v2\/pages\/10"}],"wp:attachment":[{"href":"https:\/\/grinon.wordcamp.org\/2022\/wp-json\/wp\/v2\/media?parent=3449"}],"curies":[{"name":"wp","href":"https:\/\/api.w.org\/{rel}","templated":true}]}}