{"id":4069,"date":"2022-10-31T17:26:35","date_gmt":"2022-10-31T16:26:35","guid":{"rendered":"https:\/\/grinon.wordcamp.org\/2022\/?page_id=4069"},"modified":"2022-10-31T22:57:00","modified_gmt":"2022-10-31T21:57:00","slug":"siteground","status":"publish","type":"page","link":"https:\/\/grinon.wordcamp.org\/2022\/patrocinadores\/siteground\/","title":{"rendered":"SiteGround"},"content":{"rendered":"\n<div class=\"wp-block-group is-nowrap is-layout-flex wp-container-core-group-is-layout-f56f613f wp-block-group-is-layout-flex\"><h1 class=\"wp-block-post-title\">SiteGround<\/h1>\n\n\n<figure class=\"wp-block-image size-full is-resized imgpatro\"><img loading=\"lazy\" decoding=\"async\" src=\"https:\/\/grinon.wordcamp.org\/2022\/files\/2022\/10\/siteground-logo.png\" alt=\"\" class=\"wp-image-3407\" width=\"300\" height=\"115\" \/><\/figure>\n<\/div>\n\n\n\n<p class=\"wp-block-paragraph\">El&nbsp;<a rel=\"noreferrer noopener\" href=\"https:\/\/stgrnd.co\/wces22\" target=\"_blank\"><strong>hosting de<\/strong><\/a><strong><a href=\"https:\/\/stgrnd.co\/wces22\"> <\/a><\/strong><a rel=\"noreferrer noopener\" href=\"https:\/\/stgrnd.co\/wces22\" target=\"_blank\"><strong>SiteGround<\/strong><\/a>&nbsp;es tu billete a una web de alto rendimiento f\u00e1cil de administrar. Nuestros sofisticados&nbsp;<strong>servicios de hosting est\u00e1n dise\u00f1ados para webs personales, negocios online y proyectos empresariales<\/strong>, y traen herramientas espec\u00edficas para WordPress que les encantan a los clientes. Comenzar o migrar una web, optimizar el rendimiento y administrar una web nunca ha sido tan f\u00e1cil gracias a las herramientas internas inteligentes dise\u00f1adas para WordPress. Nuestro soporte gur\u00fa est\u00e1 disponible las 24 horas del d\u00eda, los 7 d\u00edas de la semana por chat y ticket. Ser\u00e1s atendido por expertos en WordPress.<\/p>\n\n\n\n<p class=\"wp-block-paragraph\">Desde 2004, ayudamos a la gente a crear mejores webs, m\u00e1s r\u00e1pidas y m\u00e1s seguras con servicios de hosting gestionado. Nuestra misi\u00f3n es impulsar sitios web y \u00e9sa es la raz\u00f3n por las que&nbsp;<strong>SiteGround participa activamente en la comunidad WordPress y en las WordCamps a escala global<\/strong>. <\/p>\n","protected":false},"excerpt":{"rendered":"<p>El&nbsp;hosting de SiteGround&nbsp;es tu billete a una web de alto rendimiento f\u00e1cil de administrar. Nuestros sofisticados&nbsp;servicios de hosting est\u00e1n dise\u00f1ados para webs personales, negocios online y proyectos empresariales, y traen herramientas espec\u00edficas para WordPress que les encantan a los clientes. Comenzar o migrar una web, optimizar el rendimiento y administrar una web nunca ha sido [&hellip;]<\/p>\n","protected":false},"author":20535853,"featured_media":0,"parent":10,"menu_order":0,"comment_status":"closed","ping_status":"closed","template":"page-large-header","meta":{"_crdt_document":"","jetpack_post_was_ever_published":false,"footnotes":""},"class_list":["post-4069","page","type-page","status-publish","hentry"],"jetpack_sharing_enabled":true,"_links":{"self":[{"href":"https:\/\/grinon.wordcamp.org\/2022\/wp-json\/wp\/v2\/pages\/4069","targetHints":{"allow":["GET"]}}],"collection":[{"href":"https:\/\/grinon.wordcamp.org\/2022\/wp-json\/wp\/v2\/pages"}],"about":[{"href":"https:\/\/grinon.wordcamp.org\/2022\/wp-json\/wp\/v2\/types\/page"}],"author":[{"embeddable":true,"href":"https:\/\/grinon.wordcamp.org\/2022\/wp-json\/wp\/v2\/users\/20535853"}],"replies":[{"embeddable":true,"href":"https:\/\/grinon.wordcamp.org\/2022\/wp-json\/wp\/v2\/comments?post=4069"}],"version-history":[{"count":6,"href":"https:\/\/grinon.wordcamp.org\/2022\/wp-json\/wp\/v2\/pages\/4069\/revisions"}],"predecessor-version":[{"id":4083,"href":"https:\/\/grinon.wordcamp.org\/2022\/wp-json\/wp\/v2\/pages\/4069\/revisions\/4083"}],"up":[{"embeddable":true,"href":"https:\/\/grinon.wordcamp.org\/2022\/wp-json\/wp\/v2\/pages\/10"}],"wp:attachment":[{"href":"https:\/\/grinon.wordcamp.org\/2022\/wp-json\/wp\/v2\/media?parent=4069"}],"curies":[{"name":"wp","href":"https:\/\/api.w.org\/{rel}","templated":true}]}}