{"id":4085,"date":"2022-10-31T23:07:45","date_gmt":"2022-10-31T22:07:45","guid":{"rendered":"https:\/\/grinon.wordcamp.org\/2022\/?page_id=4085"},"modified":"2022-10-31T23:07:45","modified_gmt":"2022-10-31T22:07:45","slug":"yith","status":"publish","type":"page","link":"https:\/\/grinon.wordcamp.org\/2022\/patrocinadores\/yith\/","title":{"rendered":"Yith"},"content":{"rendered":"\n<div class=\"wp-block-group is-nowrap is-layout-flex wp-container-core-group-is-layout-f56f613f wp-block-group-is-layout-flex\"><h1 class=\"wp-block-post-title\">Yith<\/h1>\n\n\n<figure class=\"wp-block-image size-full is-resized imgpatro\"><img loading=\"lazy\" decoding=\"async\" src=\"https:\/\/grinon.wordcamp.org\/2022\/files\/2022\/10\/yith.jpg\" alt=\"\" class=\"wp-image-3251\" width=\"300\" height=\"115\" \/><\/figure>\n<\/div>\n\n\n\n<p class=\"wp-block-paragraph\">Con clientes cada vez m\u00e1s exigentes,&nbsp;<a href=\"https:\/\/yithemes.com\/es\" rel=\"nofollow\">YITH<\/a>&nbsp;es la empresa que te ayuda a crear la experiencia en&nbsp;WooCommerce&nbsp;que deseas lograr con&nbsp;plugins&nbsp;flexibles y ricos en funciones.&nbsp;<\/p>\n\n\n\n<p class=\"wp-block-paragraph\">Plugins&nbsp;que se complementan entre s\u00ed y se integran con todos los temas,&nbsp;plugins&nbsp;y creadores de p\u00e1ginas populares, para que puedas destacar en tu desarrollo y lograr tus objetivos de comercio electr\u00f3nico m\u00e1s r\u00e1pido.&nbsp;<\/p>\n\n\n\n<p class=\"wp-block-paragraph\">Con m\u00e1s de 2 millones de instalaciones activas, somos la empresa independiente l\u00edder especializada en el desarrollo de&nbsp;plugins&nbsp;de&nbsp;WooCommerce.&nbsp;<\/p>\n\n\n\n<p class=\"wp-block-paragraph\">Consulta nuestro extenso cat\u00e1logo con m\u00e1s de 100&nbsp;plugins&nbsp;y configura una demostraci\u00f3n en vivo en pocos minutos para probarlos t\u00fa mismo.&nbsp;<\/p>\n","protected":false},"excerpt":{"rendered":"<p>Con clientes cada vez m\u00e1s exigentes,&nbsp;YITH&nbsp;es la empresa que te ayuda a crear la experiencia en&nbsp;WooCommerce&nbsp;que deseas lograr con&nbsp;plugins&nbsp;flexibles y ricos en funciones.&nbsp; Plugins&nbsp;que se complementan entre s\u00ed y se integran con todos los temas,&nbsp;plugins&nbsp;y creadores de p\u00e1ginas populares, para que puedas destacar en tu desarrollo y lograr tus objetivos de comercio electr\u00f3nico m\u00e1s r\u00e1pido.&nbsp; [&hellip;]<\/p>\n","protected":false},"author":20535853,"featured_media":0,"parent":10,"menu_order":0,"comment_status":"closed","ping_status":"closed","template":"page-large-header","meta":{"_crdt_document":"","jetpack_post_was_ever_published":false,"footnotes":""},"class_list":["post-4085","page","type-page","status-publish","hentry"],"jetpack_sharing_enabled":true,"_links":{"self":[{"href":"https:\/\/grinon.wordcamp.org\/2022\/wp-json\/wp\/v2\/pages\/4085","targetHints":{"allow":["GET"]}}],"collection":[{"href":"https:\/\/grinon.wordcamp.org\/2022\/wp-json\/wp\/v2\/pages"}],"about":[{"href":"https:\/\/grinon.wordcamp.org\/2022\/wp-json\/wp\/v2\/types\/page"}],"author":[{"embeddable":true,"href":"https:\/\/grinon.wordcamp.org\/2022\/wp-json\/wp\/v2\/users\/20535853"}],"replies":[{"embeddable":true,"href":"https:\/\/grinon.wordcamp.org\/2022\/wp-json\/wp\/v2\/comments?post=4085"}],"version-history":[{"count":6,"href":"https:\/\/grinon.wordcamp.org\/2022\/wp-json\/wp\/v2\/pages\/4085\/revisions"}],"predecessor-version":[{"id":4195,"href":"https:\/\/grinon.wordcamp.org\/2022\/wp-json\/wp\/v2\/pages\/4085\/revisions\/4195"}],"up":[{"embeddable":true,"href":"https:\/\/grinon.wordcamp.org\/2022\/wp-json\/wp\/v2\/pages\/10"}],"wp:attachment":[{"href":"https:\/\/grinon.wordcamp.org\/2022\/wp-json\/wp\/v2\/media?parent=4085"}],"curies":[{"name":"wp","href":"https:\/\/api.w.org\/{rel}","templated":true}]}}