{"id":4095,"date":"2022-10-31T23:15:16","date_gmt":"2022-10-31T22:15:16","guid":{"rendered":"https:\/\/grinon.wordcamp.org\/2022\/?page_id=4095"},"modified":"2022-10-31T23:15:16","modified_gmt":"2022-10-31T22:15:16","slug":"piensasolutions","status":"publish","type":"page","link":"https:\/\/grinon.wordcamp.org\/2022\/patrocinadores\/piensasolutions\/","title":{"rendered":"PiensaSolutions"},"content":{"rendered":"\n<div class=\"wp-block-group is-nowrap is-layout-flex wp-container-core-group-is-layout-f56f613f wp-block-group-is-layout-flex\"><h1 class=\"wp-block-post-title\">PiensaSolutions<\/h1>\n\n\n<figure class=\"wp-block-image size-full is-resized imgpatro\"><img loading=\"lazy\" decoding=\"async\" src=\"https:\/\/grinon.wordcamp.org\/2022\/files\/2022\/10\/piensa-solutions.jpg\" alt=\"\" class=\"wp-image-3247\" width=\"280\" height=\"100\" \/><\/figure>\n<\/div>\n\n\n\n<p class=\"wp-block-paragraph\"><a href=\"https:\/\/www.piensasolutions.com\/\" rel=\"nofollow\">Piensa Solutions<\/a> es tu compa\u00f1\u00eda espa\u00f1ola de webhosting profesional con todos los servicios que necesitas para tu p\u00e1gina web al mejor precio: Dominios, Correo, Hosting, VPS y mucho m\u00e1s.<\/p>\n\n\n\n<p class=\"wp-block-paragraph\">Desde el a\u00f1o 2000, ofrecemos a peque\u00f1as empresas y profesionales del desarrollo web soluciones de presencia en Internet f\u00e1ciles de gestionar, de alto rendimiento, basadas en tecnolog\u00eda de primeras marcas y con un soporte t\u00e9cnico especializado en castellano a trav\u00e9s de chat o tel\u00e9fono.<\/p>\n","protected":false},"excerpt":{"rendered":"<p>Piensa Solutions es tu compa\u00f1\u00eda espa\u00f1ola de webhosting profesional con todos los servicios que necesitas para tu p\u00e1gina web al mejor precio: Dominios, Correo, Hosting, VPS y mucho m\u00e1s. Desde el a\u00f1o 2000, ofrecemos a peque\u00f1as empresas y profesionales del desarrollo web soluciones de presencia en Internet f\u00e1ciles de gestionar, de alto rendimiento, basadas en [&hellip;]<\/p>\n","protected":false},"author":20535853,"featured_media":0,"parent":10,"menu_order":0,"comment_status":"closed","ping_status":"closed","template":"page-large-header","meta":{"_crdt_document":"","jetpack_post_was_ever_published":false,"footnotes":""},"class_list":["post-4095","page","type-page","status-publish","hentry"],"jetpack_sharing_enabled":true,"_links":{"self":[{"href":"https:\/\/grinon.wordcamp.org\/2022\/wp-json\/wp\/v2\/pages\/4095","targetHints":{"allow":["GET"]}}],"collection":[{"href":"https:\/\/grinon.wordcamp.org\/2022\/wp-json\/wp\/v2\/pages"}],"about":[{"href":"https:\/\/grinon.wordcamp.org\/2022\/wp-json\/wp\/v2\/types\/page"}],"author":[{"embeddable":true,"href":"https:\/\/grinon.wordcamp.org\/2022\/wp-json\/wp\/v2\/users\/20535853"}],"replies":[{"embeddable":true,"href":"https:\/\/grinon.wordcamp.org\/2022\/wp-json\/wp\/v2\/comments?post=4095"}],"version-history":[{"count":5,"href":"https:\/\/grinon.wordcamp.org\/2022\/wp-json\/wp\/v2\/pages\/4095\/revisions"}],"predecessor-version":[{"id":4100,"href":"https:\/\/grinon.wordcamp.org\/2022\/wp-json\/wp\/v2\/pages\/4095\/revisions\/4100"}],"up":[{"embeddable":true,"href":"https:\/\/grinon.wordcamp.org\/2022\/wp-json\/wp\/v2\/pages\/10"}],"wp:attachment":[{"href":"https:\/\/grinon.wordcamp.org\/2022\/wp-json\/wp\/v2\/media?parent=4095"}],"curies":[{"name":"wp","href":"https:\/\/api.w.org\/{rel}","templated":true}]}}