{"id":4139,"date":"2022-11-02T01:15:28","date_gmt":"2022-11-02T00:15:28","guid":{"rendered":"https:\/\/grinon.wordcamp.org\/2022\/?page_id=4139"},"modified":"2022-11-15T00:08:12","modified_gmt":"2022-11-14T23:08:12","slug":"talleres","status":"publish","type":"page","link":"https:\/\/grinon.wordcamp.org\/2022\/talleres\/","title":{"rendered":"Talleres"},"content":{"rendered":"\n<h1 class=\"wp-block-heading\">Talleres &#8211; Viernes 18 de Noviembre<\/h1>\n\n\n\n<p>Esta es la carta de aperitivos de nuestro men\u00fa. Calienta motores para el d\u00eda grande de la WordCamp Gri\u00f1\u00f3n 2022 con los <strong>talleres gratuitos que te ofrecemos para la tarde del viernes 18<\/strong>. Informaci\u00f3n <a href=\"#apuntar\">para apuntarte<\/a>.<\/p>\n\n\n\n<h2 class=\"wp-block-heading\">\u00bfCu\u00e1l es tu favorito?<\/h2>\n\n\n\n<div\n\tclass=\"wp-block-wordcamp-schedule alignwide is-loading\"\n\t\tdata-attributes=\"{&quot;__isStylesPreview&quot;:false,&quot;align&quot;:&quot;wide&quot;,&quot;chooseSpecificDays&quot;:true,&quot;chosenDays&quot;:[&quot;2022-11-18&quot;],&quot;chooseSpecificTracks&quot;:true,&quot;chosenTrackIds&quot;:[1079875,1079876],&quot;showCategories&quot;:false,&quot;useClientTimezone&quot;:false,&quot;className&quot;:&quot;is-style-default&quot;}\"\n>\n\tCargando\u2026<\/div>\n\n\n\t<div class=\"email-form fav-session-email-form-hide\">\n\t\t<!-- Tab links -->\n\t\t<div class=\"fav-session-share-tab\">\n\t\t\t\t\t\t\t<div class=\"fav-session-tablinks\" id=\"fav-session-btn-email\">\n\t\t\t\t\tCorreo electr\u00f3nico\t\t\t\t<\/div>\n\t\t\t\n\t\t\t<div class=\"fav-session-tablinks\" id=\"fav-session-btn-link\">\n\t\t\t\tEnlace\t\t\t<\/div>\n\n\t\t\t<div class=\"fav-session-tablinks\" id=\"fav-session-btn-print\">\n\t\t\t\tImprimir\t\t\t<\/div>\n\t\t<\/div>\n\n\t\t<!-- Tab content -->\n\t\t\t\t\t<div id=\"fav-session-tab-email\" class=\"fav-session-share-tabcontent\">\n\t\t\t\t<div id=\"fav-session-email-form\">\n\t\t\t\t\tEnv\u00edame mis sesiones favoritas:\n\t\t\t\t\t<form id=\"fav-sessions-form\">\n\t\t\t\t\t\t<input\n\t\t\t\t\t\t\ttype=\"text\"\n\t\t\t\t\t\t\tname=\"email_address\"\n\t\t\t\t\t\t\tid=\"fav-sessions-email-address\"\n\t\t\t\t\t\t\tplaceholder=\"me@protonmail.com\"\n\t\t\t\t\t\t\/>\n\t\t\t\t\t\t<input type=\"submit\" value=\"Enviar\" \/>\n\t\t\t\t\t<\/form>\n\t\t\t\t<\/div>\n\n\t\t\t\t<div class=\"fav-session-email-wait-spinner\"><\/div>\n\t\t\t\t<div class=\"fav-session-email-result\"><\/div>\n\t\t\t<\/div>\n\t\t\n\t\t<div id=\"fav-session-tab-link\" class=\"fav-session-share-tabcontent\">\n\t\t\tEnlace compartible:\t\t\t<br \/>\n\t\t\t<a id=\"fav-sessions-link\" href=\"\"><\/a>\n\t\t<\/div>\n\n\t\t<div id=\"fav-session-tab-print\" class=\"fav-session-share-tabcontent\">\n\t\t\t<button id=\"fav-session-print\">\n\t\t\t\tImprimir sesiones favoritas\t\t\t<\/button>\n\t\t<\/div>\n\t<\/div>\n\n\t<a class=\"show-email-form\" href=\"javascript:\">\n\t\t<span class=\"dashicons dashicons-star-filled\"><\/span>\n\t\t<span class=\"dashicons dashicons-email-alt\"><\/span>\n\t<\/a>\n\n\t\n\n\n<h2 class=\"wp-block-heading\" id=\"apuntar\">Ap\u00fantate gratuitamente<\/h2>\n\n\n\n<p>Para apuntarte <a rel=\"noreferrer noopener\" href=\"https:\/\/www.meetup.com\/es-ES\/wordpress-grinon\/events\/289474421\/\" target=\"_blank\">entra en esta p\u00e1gina de Meetup<\/a> <\/p>\n\n\n\n<ul class=\"wp-block-list\">\n<li>Pincha en \u00abAsistir\u00bb<\/li>\n\n\n\n<li>Despu\u00e9s te aparecer\u00e1 el habitual proceso de registro (con Google, Facebook, Apple o tu email), contin\u00faa el proceso.<\/li>\n\n\n\n<li>Rellena tus datos en la pantalla que pone \u00abFinaliza el registro\u00bb <\/li>\n\n\n\n<li>Despu\u00e9s volver\u00e1s a la p\u00e1gina anterior, volver\u00e1 a aparecer el bot\u00f3n \u00abAsistir\u00bb, vuelve a pinchar.<\/li>\n\n\n\n<li>Rellena los datos, pincha \u00abSiguiente\u00bb, ahora te pedir\u00e1 que pongas 0 o m\u00e1s asistentes, y ya puedes pinchar en \u00abConfirmar\u00bb.\n\n\n<figure class=\"wp-block-image size-full is-resized\"><img loading=\"lazy\" decoding=\"async\" src=\"https:\/\/grinon.wordcamp.org\/2022\/files\/2022\/11\/completar-inscripcion-1.jpg\" alt=\"\" class=\"wp-image-4141\" width=\"176\" height=\"202\" srcset=\"https:\/\/grinon.wordcamp.org\/2022\/files\/2022\/11\/completar-inscripcion-1.jpg 352w, https:\/\/grinon.wordcamp.org\/2022\/files\/2022\/11\/completar-inscripcion-1-261x300.jpg 261w\" sizes=\"auto, (max-width: 176px) 100vw, 176px\" \/><\/figure>\n<\/li>\n\n\n\n<li>Si est\u00e1s registrado te aparecer\u00e1 una ventana como esta.\n\n<figure class=\"wp-block-image size-full is-resized\"><img loading=\"lazy\" decoding=\"async\" src=\"https:\/\/grinon.wordcamp.org\/2022\/files\/2022\/11\/asitire-talleres-1.jpg\" alt=\"\" class=\"wp-image-4140\" width=\"266\" height=\"511\" srcset=\"https:\/\/grinon.wordcamp.org\/2022\/files\/2022\/11\/asitire-talleres-1.jpg 355w, https:\/\/grinon.wordcamp.org\/2022\/files\/2022\/11\/asitire-talleres-1-156x300.jpg 156w\" sizes=\"auto, (max-width: 266px) 100vw, 266px\" \/><\/figure>\n<\/li>\n<\/ul>\n","protected":false},"excerpt":{"rendered":"<p>Talleres &#8211; Viernes 18 de Noviembre Esta es la carta de aperitivos de nuestro men\u00fa. Calienta motores para el d\u00eda grande de la WordCamp Gri\u00f1\u00f3n 2022 con los talleres gratuitos que te ofrecemos para la tarde del viernes 18. Informaci\u00f3n para apuntarte. \u00bfCu\u00e1l es tu favorito? Ap\u00fantate gratuitamente Para apuntarte entra en esta p\u00e1gina de [&hellip;]<\/p>\n","protected":false},"author":14297363,"featured_media":0,"parent":0,"menu_order":0,"comment_status":"closed","ping_status":"closed","template":"page-large-header","meta":{"jetpack_post_was_ever_published":false,"footnotes":""},"class_list":["post-4139","page","type-page","status-publish","hentry"],"jetpack_sharing_enabled":true,"_links":{"self":[{"href":"https:\/\/grinon.wordcamp.org\/2022\/wp-json\/wp\/v2\/pages\/4139","targetHints":{"allow":["GET"]}}],"collection":[{"href":"https:\/\/grinon.wordcamp.org\/2022\/wp-json\/wp\/v2\/pages"}],"about":[{"href":"https:\/\/grinon.wordcamp.org\/2022\/wp-json\/wp\/v2\/types\/page"}],"author":[{"embeddable":true,"href":"https:\/\/grinon.wordcamp.org\/2022\/wp-json\/wp\/v2\/users\/14297363"}],"replies":[{"embeddable":true,"href":"https:\/\/grinon.wordcamp.org\/2022\/wp-json\/wp\/v2\/comments?post=4139"}],"version-history":[{"count":3,"href":"https:\/\/grinon.wordcamp.org\/2022\/wp-json\/wp\/v2\/pages\/4139\/revisions"}],"predecessor-version":[{"id":4510,"href":"https:\/\/grinon.wordcamp.org\/2022\/wp-json\/wp\/v2\/pages\/4139\/revisions\/4510"}],"wp:attachment":[{"href":"https:\/\/grinon.wordcamp.org\/2022\/wp-json\/wp\/v2\/media?parent=4139"}],"curies":[{"name":"wp","href":"https:\/\/api.w.org\/{rel}","templated":true}]}}