{"id":423,"date":"2022-08-13T12:56:18","date_gmt":"2022-08-13T10:56:18","guid":{"rendered":"https:\/\/grinon.wordcamp.org\/2022\/?page_id=423"},"modified":"2022-09-04T21:07:23","modified_gmt":"2022-09-04T19:07:23","slug":"blog","status":"publish","type":"page","link":"https:\/\/grinon.wordcamp.org\/2022\/blog\/","title":{"rendered":"Noticias sobre la WordCamp Gri\u00f1\u00f3n"},"content":{"rendered":"\n<div class=\"wp-block-columns is-layout-flex wp-container-core-columns-is-layout-28f84493 wp-block-columns-is-layout-flex\">\n<div class=\"wp-block-column is-layout-flow wp-block-column-is-layout-flow\">\n<h1 class=\"wp-block-heading\">\u00daltimas Noticias sobre la WordCamp Gri\u00f1\u00f3n<\/h1>\n\n\n\n<div class=\"wp-block-query is-layout-flow wp-block-query-is-layout-flow\"><ul class=\"is-flex-container columns-3 noticias-wc wp-block-post-template is-layout-flow wp-block-post-template-is-layout-flow\"><li class=\"wp-block-post post-4833 post type-post status-publish format-standard has-post-thumbnail hentry category-blog\">\n<div class=\"has-text-align-right wp-block-post-date has-small-font-size\"><time datetime=\"2022-12-06T10:00:00+01:00\">Anunciado el 06\/12\/2022<\/time><\/div>\n\n<figure style=\"width:400px;height:400px;\" class=\"wp-block-post-featured-image\"><a href=\"https:\/\/grinon.wordcamp.org\/2022\/blog\/podcast-en-vivo\/\" target=\"_self\"  style=\"height:400px\"><img loading=\"lazy\" decoding=\"async\" width=\"800\" height=\"800\" src=\"https:\/\/grinon.wordcamp.org\/2022\/files\/2022\/12\/wordcamp-grinon-en-vivo-2022-con-bonus-track-3.jpg\" class=\"attachment-post-thumbnail size-post-thumbnail wp-post-image\" alt=\"Episodio 12: Podcast en Vivo en WordCamp Gri\u00f1\u00f3n\" style=\"height:400px;object-fit:cover;\" srcset=\"https:\/\/grinon.wordcamp.org\/2022\/files\/2022\/12\/wordcamp-grinon-en-vivo-2022-con-bonus-track-3.jpg 800w, https:\/\/grinon.wordcamp.org\/2022\/files\/2022\/12\/wordcamp-grinon-en-vivo-2022-con-bonus-track-3-300x300.jpg 300w, https:\/\/grinon.wordcamp.org\/2022\/files\/2022\/12\/wordcamp-grinon-en-vivo-2022-con-bonus-track-3-150x150.jpg 150w, https:\/\/grinon.wordcamp.org\/2022\/files\/2022\/12\/wordcamp-grinon-en-vivo-2022-con-bonus-track-3-768x768.jpg 768w\" sizes=\"auto, (max-width: 800px) 100vw, 800px\" \/><\/a><\/figure>\n\n<h3 class=\"has-text-align-left wp-block-post-title has-large-font-size\"><a href=\"https:\/\/grinon.wordcamp.org\/2022\/blog\/podcast-en-vivo\/\" target=\"_self\" >Episodio 12: Podcast en Vivo en WordCamp Gri\u00f1\u00f3n<\/a><\/h3>\n\n<div class=\"has-text-align-left wp-block-post-excerpt\"><p class=\"wp-block-post-excerpt__excerpt\">En una sala de la WordCamp Gri\u00f1\u00f3n pudimos charlar con diferentes asistentes al evento. \u00bfQui\u00e9nes pasaron por nuestros micr\u00f3fonos? \u00bfQuieres saber qu\u00e9 contaron?<\/p><p class=\"wp-block-post-excerpt__more-text\"><a class=\"wp-block-post-excerpt__more-link\" href=\"https:\/\/grinon.wordcamp.org\/2022\/blog\/podcast-en-vivo\/\">Leer m\u00e1s<\/a><\/p><\/div>\n<\/li><li class=\"wp-block-post post-4792 post type-post status-publish format-standard has-post-thumbnail hentry category-blog\">\n<div class=\"has-text-align-right wp-block-post-date has-small-font-size\"><time datetime=\"2022-12-02T12:14:02+01:00\">Anunciado el 02\/12\/2022<\/time><\/div>\n\n<figure style=\"width:400px;height:400px;\" class=\"wp-block-post-featured-image\"><a href=\"https:\/\/grinon.wordcamp.org\/2022\/blog\/y-colorin-colorado\/\" target=\"_self\"  style=\"height:400px\"><img loading=\"lazy\" decoding=\"async\" width=\"800\" height=\"800\" src=\"https:\/\/grinon.wordcamp.org\/2022\/files\/2022\/12\/wcgrinon-2022-foto-de-familia-1.jpg\" class=\"attachment-post-thumbnail size-post-thumbnail wp-post-image\" alt=\"Y color\u00edn colorado\u2026 \u00bfeste cuento se ha acabado?\" style=\"height:400px;object-fit:cover;\" srcset=\"https:\/\/grinon.wordcamp.org\/2022\/files\/2022\/12\/wcgrinon-2022-foto-de-familia-1.jpg 800w, https:\/\/grinon.wordcamp.org\/2022\/files\/2022\/12\/wcgrinon-2022-foto-de-familia-1-300x300.jpg 300w, https:\/\/grinon.wordcamp.org\/2022\/files\/2022\/12\/wcgrinon-2022-foto-de-familia-1-150x150.jpg 150w, https:\/\/grinon.wordcamp.org\/2022\/files\/2022\/12\/wcgrinon-2022-foto-de-familia-1-768x768.jpg 768w\" sizes=\"auto, (max-width: 800px) 100vw, 800px\" \/><\/a><\/figure>\n\n<h3 class=\"has-text-align-left wp-block-post-title has-large-font-size\"><a href=\"https:\/\/grinon.wordcamp.org\/2022\/blog\/y-colorin-colorado\/\" target=\"_self\" >Y color\u00edn colorado\u2026 \u00bfeste cuento se ha acabado?<\/a><\/h3>\n\n<div class=\"has-text-align-left wp-block-post-excerpt\"><p class=\"wp-block-post-excerpt__excerpt\">Una WordCamp no se acaba hasta que se escribe sobre ella. Nos toca.<\/p><p class=\"wp-block-post-excerpt__more-text\"><a class=\"wp-block-post-excerpt__more-link\" href=\"https:\/\/grinon.wordcamp.org\/2022\/blog\/y-colorin-colorado\/\">Leer m\u00e1s<\/a><\/p><\/div>\n<\/li><li class=\"wp-block-post post-4768 post type-post status-publish format-standard has-post-thumbnail hentry category-blog\">\n<div class=\"has-text-align-right wp-block-post-date has-small-font-size\"><time datetime=\"2022-11-24T09:00:00+01:00\">Anunciado el 24\/11\/2022<\/time><\/div>\n\n<figure style=\"width:400px;height:400px;\" class=\"wp-block-post-featured-image\"><a href=\"https:\/\/grinon.wordcamp.org\/2022\/blog\/gracias-raiola-networks-22\/\" target=\"_self\"  style=\"height:400px\"><img loading=\"lazy\" decoding=\"async\" width=\"800\" height=\"800\" src=\"https:\/\/grinon.wordcamp.org\/2022\/files\/2022\/11\/gracias-raiola-networks-1.png\" class=\"attachment-post-thumbnail size-post-thumbnail wp-post-image\" alt=\"Gracias Raiola Networks &#8211; Patrocinador After Party\" style=\"height:400px;object-fit:cover;\" srcset=\"https:\/\/grinon.wordcamp.org\/2022\/files\/2022\/11\/gracias-raiola-networks-1.png 800w, https:\/\/grinon.wordcamp.org\/2022\/files\/2022\/11\/gracias-raiola-networks-1-300x300.png 300w, https:\/\/grinon.wordcamp.org\/2022\/files\/2022\/11\/gracias-raiola-networks-1-150x150.png 150w, https:\/\/grinon.wordcamp.org\/2022\/files\/2022\/11\/gracias-raiola-networks-1-768x768.png 768w\" sizes=\"auto, (max-width: 800px) 100vw, 800px\" \/><\/a><\/figure>\n\n<h3 class=\"has-text-align-left wp-block-post-title has-large-font-size\"><a href=\"https:\/\/grinon.wordcamp.org\/2022\/blog\/gracias-raiola-networks-22\/\" target=\"_self\" >Gracias Raiola Networks &#8211; Patrocinador After Party<\/a><\/h3>\n\n<div class=\"has-text-align-left wp-block-post-excerpt\"><p class=\"wp-block-post-excerpt__excerpt\">Muchas gracias Raiola Networks por apoyar WordPress y la WordCamp Gri\u00f1\u00f3n 2022<\/p><p class=\"wp-block-post-excerpt__more-text\"><a class=\"wp-block-post-excerpt__more-link\" href=\"https:\/\/grinon.wordcamp.org\/2022\/blog\/gracias-raiola-networks-22\/\">Leer m\u00e1s<\/a><\/p><\/div>\n<\/li><li class=\"wp-block-post post-4753 post type-post status-publish format-standard has-post-thumbnail hentry category-blog\">\n<div class=\"has-text-align-right wp-block-post-date has-small-font-size\"><time datetime=\"2022-11-23T09:00:00+01:00\">Anunciado el 23\/11\/2022<\/time><\/div>\n\n<figure style=\"width:400px;height:400px;\" class=\"wp-block-post-featured-image\"><a href=\"https:\/\/grinon.wordcamp.org\/2022\/blog\/gracias-doofinder\/\" target=\"_self\"  style=\"height:400px\"><img loading=\"lazy\" decoding=\"async\" width=\"800\" height=\"800\" src=\"https:\/\/grinon.wordcamp.org\/2022\/files\/2022\/11\/gracias-doofinder-1.png\" class=\"attachment-post-thumbnail size-post-thumbnail wp-post-image\" alt=\"Gracias Doofinder &#8211; Patrocinador Plata\" style=\"height:400px;object-fit:cover;\" srcset=\"https:\/\/grinon.wordcamp.org\/2022\/files\/2022\/11\/gracias-doofinder-1.png 800w, https:\/\/grinon.wordcamp.org\/2022\/files\/2022\/11\/gracias-doofinder-1-300x300.png 300w, https:\/\/grinon.wordcamp.org\/2022\/files\/2022\/11\/gracias-doofinder-1-150x150.png 150w, https:\/\/grinon.wordcamp.org\/2022\/files\/2022\/11\/gracias-doofinder-1-768x768.png 768w\" sizes=\"auto, (max-width: 800px) 100vw, 800px\" \/><\/a><\/figure>\n\n<h3 class=\"has-text-align-left wp-block-post-title has-large-font-size\"><a href=\"https:\/\/grinon.wordcamp.org\/2022\/blog\/gracias-doofinder\/\" target=\"_self\" >Gracias Doofinder &#8211; Patrocinador Plata<\/a><\/h3>\n\n<div class=\"has-text-align-left wp-block-post-excerpt\"><p class=\"wp-block-post-excerpt__excerpt\">Muchas gracias Doofinder por apoyar WordPress y la WordCamp Gri\u00f1\u00f3n 2022<\/p><p class=\"wp-block-post-excerpt__more-text\"><a class=\"wp-block-post-excerpt__more-link\" href=\"https:\/\/grinon.wordcamp.org\/2022\/blog\/gracias-doofinder\/\">Leer m\u00e1s<\/a><\/p><\/div>\n<\/li><li class=\"wp-block-post post-4727 post type-post status-publish format-standard has-post-thumbnail hentry category-blog\">\n<div class=\"has-text-align-right wp-block-post-date has-small-font-size\"><time datetime=\"2022-11-23T00:49:28+01:00\">Anunciado el 23\/11\/2022<\/time><\/div>\n\n<figure style=\"width:400px;height:400px;\" class=\"wp-block-post-featured-image\"><a href=\"https:\/\/grinon.wordcamp.org\/2022\/blog\/fotos-y-videos-wcgrinon22\/\" target=\"_self\"  style=\"height:400px\"><img loading=\"lazy\" decoding=\"async\" width=\"800\" height=\"800\" src=\"https:\/\/grinon.wordcamp.org\/2022\/files\/2022\/11\/fotos-entre-coliflores-1.jpg\" class=\"attachment-post-thumbnail size-post-thumbnail wp-post-image\" alt=\"Fotos y v\u00eddeos WordCamp Gri\u00f1\u00f3n 2022\" style=\"height:400px;object-fit:cover;\" srcset=\"https:\/\/grinon.wordcamp.org\/2022\/files\/2022\/11\/fotos-entre-coliflores-1.jpg 800w, https:\/\/grinon.wordcamp.org\/2022\/files\/2022\/11\/fotos-entre-coliflores-1-300x300.jpg 300w, https:\/\/grinon.wordcamp.org\/2022\/files\/2022\/11\/fotos-entre-coliflores-1-150x150.jpg 150w, https:\/\/grinon.wordcamp.org\/2022\/files\/2022\/11\/fotos-entre-coliflores-1-768x768.jpg 768w\" sizes=\"auto, (max-width: 800px) 100vw, 800px\" \/><\/a><\/figure>\n\n<h3 class=\"has-text-align-left wp-block-post-title has-large-font-size\"><a href=\"https:\/\/grinon.wordcamp.org\/2022\/blog\/fotos-y-videos-wcgrinon22\/\" target=\"_self\" >Fotos y v\u00eddeos WordCamp Gri\u00f1\u00f3n 2022<\/a><\/h3>\n\n<div class=\"has-text-align-left wp-block-post-excerpt\"><p class=\"wp-block-post-excerpt__excerpt\">Las coliflores hicieron especial las dos jornadas pero fue mejor veros a todas y todos en Gri\u00f1\u00f3n.<\/p><p class=\"wp-block-post-excerpt__more-text\"><a class=\"wp-block-post-excerpt__more-link\" href=\"https:\/\/grinon.wordcamp.org\/2022\/blog\/fotos-y-videos-wcgrinon22\/\">Leer m\u00e1s<\/a><\/p><\/div>\n<\/li><li class=\"wp-block-post post-4636 post type-post status-publish format-standard has-post-thumbnail hentry category-blog\">\n<div class=\"has-text-align-right wp-block-post-date has-small-font-size\"><time datetime=\"2022-11-17T13:30:00+01:00\">Anunciado el 17\/11\/2022<\/time><\/div>\n\n<figure style=\"width:400px;height:400px;\" class=\"wp-block-post-featured-image\"><a href=\"https:\/\/grinon.wordcamp.org\/2022\/blog\/gracias-weglot\/\" target=\"_self\"  style=\"height:400px\"><img loading=\"lazy\" decoding=\"async\" width=\"800\" height=\"800\" src=\"https:\/\/grinon.wordcamp.org\/2022\/files\/2022\/11\/gracias-weglot-1.png\" class=\"attachment-post-thumbnail size-post-thumbnail wp-post-image\" alt=\"Gracias Weglot &#8211; Patrocinador Global\" style=\"height:400px;object-fit:cover;\" srcset=\"https:\/\/grinon.wordcamp.org\/2022\/files\/2022\/11\/gracias-weglot-1.png 800w, https:\/\/grinon.wordcamp.org\/2022\/files\/2022\/11\/gracias-weglot-1-300x300.png 300w, https:\/\/grinon.wordcamp.org\/2022\/files\/2022\/11\/gracias-weglot-1-150x150.png 150w, https:\/\/grinon.wordcamp.org\/2022\/files\/2022\/11\/gracias-weglot-1-768x768.png 768w\" sizes=\"auto, (max-width: 800px) 100vw, 800px\" \/><\/a><\/figure>\n\n<h3 class=\"has-text-align-left wp-block-post-title has-large-font-size\"><a href=\"https:\/\/grinon.wordcamp.org\/2022\/blog\/gracias-weglot\/\" target=\"_self\" >Gracias Weglot &#8211; Patrocinador Global<\/a><\/h3>\n\n<div class=\"has-text-align-left wp-block-post-excerpt\"><p class=\"wp-block-post-excerpt__excerpt\">Muchas gracias Weglot por apoyar WordPress y la WordCamp Gri\u00f1\u00f3n 2022<\/p><p class=\"wp-block-post-excerpt__more-text\"><a class=\"wp-block-post-excerpt__more-link\" href=\"https:\/\/grinon.wordcamp.org\/2022\/blog\/gracias-weglot\/\">Leer m\u00e1s<\/a><\/p><\/div>\n<\/li><\/ul>\n\n<nav class=\"alignwide wp-block-query-pagination is-content-justification-center is-layout-flex wp-container-core-query-pagination-is-layout-a89b3969 wp-block-query-pagination-is-layout-flex\" aria-label=\"Paginaci\u00f3n\">\n\n\n<div class=\"wp-block-query-pagination-numbers\"><span aria-current=\"page\" class=\"page-numbers current\">1<\/span>\n<a class=\"page-numbers\" href=\"?query-103-page=2\">2<\/a>\n<a class=\"page-numbers\" href=\"?query-103-page=3\">3<\/a>\n<span class=\"page-numbers dots\">&hellip;<\/span>\n<a class=\"page-numbers\" href=\"?query-103-page=6\">6<\/a><\/div>\n\n<a href=\"\/2022\/wp-json\/wp\/v2\/pages\/423?query-103-page=2\" class=\"wp-block-query-pagination-next has-small-font-size\">Siguiente<span class='wp-block-query-pagination-next-arrow is-arrow-arrow' aria-hidden='true'>\u2192<\/span><\/a>\n<\/nav><\/div>\n<\/div>\n<\/div>\n","protected":false},"excerpt":{"rendered":"<p>\u00daltimas Noticias sobre la WordCamp Gri\u00f1\u00f3n<\/p>\n","protected":false},"author":14297363,"featured_media":0,"parent":0,"menu_order":0,"comment_status":"closed","ping_status":"closed","template":"page-large-header","meta":{"jetpack_post_was_ever_published":false,"footnotes":""},"class_list":["post-423","page","type-page","status-publish","hentry"],"jetpack_sharing_enabled":true,"_links":{"self":[{"href":"https:\/\/grinon.wordcamp.org\/2022\/wp-json\/wp\/v2\/pages\/423","targetHints":{"allow":["GET"]}}],"collection":[{"href":"https:\/\/grinon.wordcamp.org\/2022\/wp-json\/wp\/v2\/pages"}],"about":[{"href":"https:\/\/grinon.wordcamp.org\/2022\/wp-json\/wp\/v2\/types\/page"}],"author":[{"embeddable":true,"href":"https:\/\/grinon.wordcamp.org\/2022\/wp-json\/wp\/v2\/users\/14297363"}],"replies":[{"embeddable":true,"href":"https:\/\/grinon.wordcamp.org\/2022\/wp-json\/wp\/v2\/comments?post=423"}],"version-history":[{"count":18,"href":"https:\/\/grinon.wordcamp.org\/2022\/wp-json\/wp\/v2\/pages\/423\/revisions"}],"predecessor-version":[{"id":2571,"href":"https:\/\/grinon.wordcamp.org\/2022\/wp-json\/wp\/v2\/pages\/423\/revisions\/2571"}],"wp:attachment":[{"href":"https:\/\/grinon.wordcamp.org\/2022\/wp-json\/wp\/v2\/media?parent=423"}],"curies":[{"name":"wp","href":"https:\/\/api.w.org\/{rel}","templated":true}]}}