{"id":442,"date":"2022-08-15T09:37:12","date_gmt":"2022-08-15T07:37:12","guid":{"rendered":"https:\/\/grinon.wordcamp.org\/2022\/?page_id=442"},"modified":"2022-11-12T13:35:07","modified_gmt":"2022-11-12T12:35:07","slug":"dormir","status":"publish","type":"page","link":"https:\/\/grinon.wordcamp.org\/2022\/dormir\/","title":{"rendered":"Dormir"},"content":{"rendered":"\n<div class=\"wp-block-columns is-layout-flex wp-container-core-columns-is-layout-28f84493 wp-block-columns-is-layout-flex\">\n<div class=\"wp-block-column is-layout-flow wp-block-column-is-layout-flow\" style=\"flex-basis:100%\">\n<h1 class=\"wp-block-heading\">\u00bfD\u00f3nde dormir?<\/h1>\n\n\n\n<p>Tenemos algunos <strong>alojamientos desde los que poder acceder de forma un poco m\u00e1s c\u00f3moda a la WordCamp<\/strong>:<\/p>\n\n\n\n<p>Tambi\u00e9n puedes tomarte este fin de semana como una peque\u00f1a escapada para relajarte al suroeste de Madrid.<\/p>\n\n\n\n<p>Pero si quieres aprovechar para hacer turismo por la capital o por el resto de la regi\u00f3n, <a href=\"https:\/\/www.booking.com\/searchresults.es.html?aid=356935&amp;label=metagha-link-LUES-hotel-1645164_dev-desktop_los-2_bw-94_dow-Friday_defdate-0_room-0_gstadt-2_rateid-0_aud-0_gacid-14531995631_mcid-10_ppa-1_clrid-0_ad-1_gstkid-0_checkin-20221118__lp-20282_r-18735357912110807023&amp;sid=aa58615d1e71bf24f5697a8162588b36&amp;sb=1&amp;src=searchresults&amp;src_elem=sb&amp;error_url=https%3A%2F%2Fwww.booking.com%2Fsearchresults.es.html%3Faid%3D356935%26label%3Dmetagha-link-LUES-hotel-1645164_dev-desktop_los-2_bw-94_dow-Friday_defdate-0_room-0_gstadt-2_rateid-0_aud-0_gacid-14531995631_mcid-10_ppa-1_clrid-0_ad-1_gstkid-0_checkin-20221118__lp-20282_r-18735357912110807023%26sid%3Daa58615d1e71bf24f5697a8162588b36%26tmpl%3Dsearchresults%26ac_click_type%3Db%3Bac_position%3D0%3Bcheckin_month%3D11%3Bcheckin_monthday%3D18%3Bcheckin_year%3D2022%3Bcheckout_month%3D11%3Bcheckout_monthday%3D20%3Bcheckout_year%3D2022%3Bcity%3D-385674%3Bclass_interval%3D1%3Bdest_id%3D-384520%3Bdest_type%3Dcity%3Bdtdisc%3D0%3Bfrom_sf%3D1%3Bgroup_adults%3D2%3Bgroup_children%3D0%3Bhighlighted_hotels%3D1645164%3Binac%3D0%3Bindex_postcard%3D0%3Blabel_click%3Dundef%3Bno_rooms%3D1%3Boffset%3D0%3Bpostcard%3D0%3Braw_dest_type%3Dcity%3Broom1%3DA%252CA%3Bsb_price_type%3Dtotal%3Bsearch_selected%3D1%3Bshw_aparth%3D1%3Bslp_r_match%3D0%3Bsrc%3Dsearchresults%3Bsrc_elem%3Dsb%3Bsrpvid%3Db89f5146a9fa00e3%3Bss%3DGri%25C3%25B1%25C3%25B3n%252C%2520Comunidad%2520de%2520Madrid%252C%2520Espa%25C3%25B1a%3Bss_all%3D0%3Bss_raw%3Dgri%25C3%25B1%25C3%25B3n%3Bssb%3Dempty%3Bsshis%3D0%3Bssne%3DHumanes%2520de%2520Madrid%3Bssne_untouched%3DHumanes%2520de%2520Madrid%26%26&amp;highlighted_hotels=1645164&amp;ss=Gri%C3%B1%C3%B3n&amp;is_ski_area=0&amp;ssne=Gri%C3%B1%C3%B3n&amp;ssne_untouched=Gri%C3%B1%C3%B3n&amp;city=-384520&amp;checkin_year=2022&amp;checkin_month=11&amp;checkin_monthday=18&amp;checkout_year=2022&amp;checkout_month=11&amp;checkout_monthday=20&amp;group_adults=2&amp;group_children=0&amp;no_rooms=1&amp;from_sf=1#map_opened\" target=\"_blank\" rel=\"noreferrer noopener\">aqu\u00ed tienes un mont\u00f3n de opciones m\u00e1s<\/a> donde dormir.<\/p>\n\n\n\n<div class=\"wp-block-media-text alignwide is-stacked-on-mobile\"><figure class=\"wp-block-media-text__media\"><img loading=\"lazy\" decoding=\"async\" width=\"550\" height=\"350\" src=\"https:\/\/grinon.wordcamp.org\/2022\/files\/2022\/08\/hotel-vivar-general-d21fff3.jpg\" alt=\"\" class=\"wp-image-1280 size-full\" srcset=\"https:\/\/grinon.wordcamp.org\/2022\/files\/2022\/08\/hotel-vivar-general-d21fff3.jpg 550w, https:\/\/grinon.wordcamp.org\/2022\/files\/2022\/08\/hotel-vivar-general-d21fff3-300x191.jpg 300w, https:\/\/grinon.wordcamp.org\/2022\/files\/2022\/08\/hotel-vivar-general-d21fff3-471x300.jpg 471w\" sizes=\"auto, (max-width: 550px) 100vw, 550px\" \/><\/figure><div class=\"wp-block-media-text__content\">\n<h2 class=\"wp-block-heading\"><a rel=\"noreferrer noopener\" href=\"https:\/\/hotelvivar.com\/\" target=\"_blank\">Hotel Vivar Restaurante<\/a><\/h2>\n\n\n\n<p>Un hotelito familiar donde te sentir\u00e1s como en casa, a 5 minutos a pie del recinto de la WordCamp.&nbsp;<\/p>\n\n\n\n<figure class=\"wp-block-image size-large is-resized\"><img loading=\"lazy\" decoding=\"async\" src=\"https:\/\/grinon.wordcamp.org\/2022\/files\/2022\/11\/CARTELCOMPLETO-1024x914.png\" alt=\"\" class=\"wp-image-4431\" width=\"156\" height=\"129\" \/><\/figure>\n<\/div><\/div>\n\n\n\n<div class=\"wp-block-media-text alignwide is-stacked-on-mobile\"><figure class=\"wp-block-media-text__media\"><img loading=\"lazy\" decoding=\"async\" width=\"550\" height=\"350\" src=\"https:\/\/grinon.wordcamp.org\/2022\/files\/2022\/08\/la-posada.jpg\" alt=\"\" class=\"wp-image-1282 size-full\" srcset=\"https:\/\/grinon.wordcamp.org\/2022\/files\/2022\/08\/la-posada.jpg 550w, https:\/\/grinon.wordcamp.org\/2022\/files\/2022\/08\/la-posada-300x191.jpg 300w, https:\/\/grinon.wordcamp.org\/2022\/files\/2022\/08\/la-posada-471x300.jpg 471w\" sizes=\"auto, (max-width: 550px) 100vw, 550px\" \/><\/figure><div class=\"wp-block-media-text__content\">\n<h2 class=\"wp-block-heading\"><a rel=\"noreferrer noopener\" href=\"https:\/\/hotelvivar.com\/\" target=\"_blank\"><\/a><a href=\"https:\/\/www.facebook.com\/LaPosadaHostalBar\" target=\"_blank\" rel=\"noreferrer noopener\">La posada<\/a><\/h2>\n\n\n\n<p>En pleno centro de Gri\u00f1\u00f3n se encuentra este peque\u00f1o hotel desde el que podr\u00e1s moverte sin problemas por todo el pueblo.<\/p>\n\n\n\n<figure class=\"wp-block-image size-large is-resized\"><img loading=\"lazy\" decoding=\"async\" src=\"https:\/\/grinon.wordcamp.org\/2022\/files\/2022\/11\/CARTELCOMPLETO-1024x914.png\" alt=\"\" class=\"wp-image-4431\" width=\"156\" height=\"129\" \/><\/figure>\n<\/div><\/div>\n\n\n\n<div class=\"wp-block-media-text alignwide is-stacked-on-mobile\"><figure class=\"wp-block-media-text__media\"><img loading=\"lazy\" decoding=\"async\" width=\"600\" height=\"400\" src=\"https:\/\/grinon.wordcamp.org\/2022\/files\/2022\/11\/hotelpizarro2.jpg\" alt=\"\" class=\"wp-image-4426 size-full\" srcset=\"https:\/\/grinon.wordcamp.org\/2022\/files\/2022\/11\/hotelpizarro2.jpg 600w, https:\/\/grinon.wordcamp.org\/2022\/files\/2022\/11\/hotelpizarro2-300x200.jpg 300w, https:\/\/grinon.wordcamp.org\/2022\/files\/2022\/11\/hotelpizarro2-450x300.jpg 450w\" sizes=\"auto, (max-width: 600px) 100vw, 600px\" \/><\/figure><div class=\"wp-block-media-text__content\">\n<h2 class=\"wp-block-heading\"><a href=\"https:\/\/www.hotelpizarro.com\/\" target=\"_blank\" rel=\"noreferrer noopener\">Hotel Pizarro<\/a><\/h2>\n\n\n\n<p>El hotel pizarro cuenta con una muy buena comunicacion con los alrededores y el resto de la comunidad de madrid<\/p>\n<\/div><\/div>\n\n\n\n<div class=\"wp-block-media-text alignwide is-stacked-on-mobile\"><figure class=\"wp-block-media-text__media\"><img loading=\"lazy\" decoding=\"async\" width=\"550\" height=\"349\" src=\"https:\/\/grinon.wordcamp.org\/2022\/files\/2022\/08\/jardines-hotel-comendador.jpg\" alt=\"\" class=\"wp-image-1281 size-full\" srcset=\"https:\/\/grinon.wordcamp.org\/2022\/files\/2022\/08\/jardines-hotel-comendador.jpg 550w, https:\/\/grinon.wordcamp.org\/2022\/files\/2022\/08\/jardines-hotel-comendador-300x190.jpg 300w, https:\/\/grinon.wordcamp.org\/2022\/files\/2022\/08\/jardines-hotel-comendador-473x300.jpg 473w\" sizes=\"auto, (max-width: 550px) 100vw, 550px\" \/><\/figure><div class=\"wp-block-media-text__content\">\n<h2 class=\"wp-block-heading\"><a rel=\"noreferrer noopener\" href=\"https:\/\/hotelvivar.com\/\" target=\"_blank\"><\/a><a href=\"https:\/\/www.facebook.com\/LaPosadaHostalBar\"><a rel=\"noreferrer noopener\" href=\"https:\/\/www.hotelcomendador.es\/\" target=\"_blank\">Hotel Comendado<\/a><\/a>r<\/h2>\n\n\n\n<p>No est\u00e1 en Gri\u00f1\u00f3n, sino en la cercana localidad de Carranque, pero puedes alojarte en este hotel y completar el plan del fin de semana entre burbujas y masajes. Su spa, Domus \u00c1urea est\u00e1 considerado como uno de los mejores, en los alrededores de Madrid.<\/p>\n\n\n\n<figure class=\"wp-block-image size-large is-resized\"><img loading=\"lazy\" decoding=\"async\" src=\"https:\/\/grinon.wordcamp.org\/2022\/files\/2022\/11\/CARTELCOMPLETO-1024x914.png\" alt=\"\" class=\"wp-image-4431\" width=\"156\" height=\"129\" \/><\/figure>\n<\/div><\/div>\n<\/div>\n<\/div>\n\n\n\n<p><\/p>\n","protected":false},"excerpt":{"rendered":"<p>\u00bfD\u00f3nde dormir? Tenemos algunos alojamientos desde los que poder acceder de forma un poco m\u00e1s c\u00f3moda a la WordCamp: Tambi\u00e9n puedes tomarte este fin de semana como una peque\u00f1a escapada para relajarte al suroeste de Madrid. Pero si quieres aprovechar para hacer turismo por la capital o por el resto de la regi\u00f3n, aqu\u00ed tienes [&hellip;]<\/p>\n","protected":false},"author":14297363,"featured_media":0,"parent":0,"menu_order":0,"comment_status":"closed","ping_status":"closed","template":"page-large-header","meta":{"jetpack_post_was_ever_published":false,"footnotes":""},"class_list":["post-442","page","type-page","status-publish","hentry"],"jetpack_sharing_enabled":true,"_links":{"self":[{"href":"https:\/\/grinon.wordcamp.org\/2022\/wp-json\/wp\/v2\/pages\/442","targetHints":{"allow":["GET"]}}],"collection":[{"href":"https:\/\/grinon.wordcamp.org\/2022\/wp-json\/wp\/v2\/pages"}],"about":[{"href":"https:\/\/grinon.wordcamp.org\/2022\/wp-json\/wp\/v2\/types\/page"}],"author":[{"embeddable":true,"href":"https:\/\/grinon.wordcamp.org\/2022\/wp-json\/wp\/v2\/users\/14297363"}],"replies":[{"embeddable":true,"href":"https:\/\/grinon.wordcamp.org\/2022\/wp-json\/wp\/v2\/comments?post=442"}],"version-history":[{"count":15,"href":"https:\/\/grinon.wordcamp.org\/2022\/wp-json\/wp\/v2\/pages\/442\/revisions"}],"predecessor-version":[{"id":4432,"href":"https:\/\/grinon.wordcamp.org\/2022\/wp-json\/wp\/v2\/pages\/442\/revisions\/4432"}],"wp:attachment":[{"href":"https:\/\/grinon.wordcamp.org\/2022\/wp-json\/wp\/v2\/media?parent=442"}],"curies":[{"name":"wp","href":"https:\/\/api.w.org\/{rel}","templated":true}]}}