{"id":444,"date":"2022-08-15T09:37:31","date_gmt":"2022-08-15T07:37:31","guid":{"rendered":"https:\/\/grinon.wordcamp.org\/2022\/?page_id=444"},"modified":"2022-09-04T01:55:41","modified_gmt":"2022-09-03T23:55:41","slug":"comer","status":"publish","type":"page","link":"https:\/\/grinon.wordcamp.org\/2022\/comer\/","title":{"rendered":"Comer"},"content":{"rendered":"\n<div class=\"wp-block-columns is-layout-flex wp-container-core-columns-is-layout-28f84493 wp-block-columns-is-layout-flex\">\n<div class=\"wp-block-column is-layout-flow wp-block-column-is-layout-flow\">\n<h1 class=\"wp-block-heading\">\u00bfQu\u00e9 comer?<\/h1>\n\n\n\n<p>En la WordCamp Gri\u00f1\u00f3n 2022 hemos pensado en todo. No queremos que nadie se vaya con hambre y en tu entrada est\u00e1n inclu\u00eddos desayuno, comida y cena.&nbsp;<\/p>\n\n\n\n<p>Pero como no podemos controlarlo todo y es posible que te pase como a los hobbits, tambi\u00e9n <strong>tenemos opciones de bares y restaurantes<\/strong> donde poder saciarte, desde tomar algo con otros \u201cwordcamperos\u201d, hasta comer y cenar de lujo (y quiz\u00e1, probar las t\u00edpicas coliflores de alguna forma diferente):<\/p>\n\n\n\n<div class=\"wp-block-media-text alignwide is-stacked-on-mobile reverse-columns\"><figure class=\"wp-block-media-text__media\"><img loading=\"lazy\" decoding=\"async\" width=\"550\" height=\"350\" src=\"https:\/\/grinon.wordcamp.org\/2022\/files\/2022\/08\/meson.jpg\" alt=\"\" class=\"wp-image-1157 size-full\" srcset=\"https:\/\/grinon.wordcamp.org\/2022\/files\/2022\/08\/meson.jpg 550w, https:\/\/grinon.wordcamp.org\/2022\/files\/2022\/08\/meson-300x191.jpg 300w, https:\/\/grinon.wordcamp.org\/2022\/files\/2022\/08\/meson-471x300.jpg 471w\" sizes=\"auto, (max-width: 550px) 100vw, 550px\" \/><\/figure><div class=\"wp-block-media-text__content\">\n<h3 class=\"has-text-align-left wp-block-heading\"><a rel=\"noreferrer noopener\" href=\"https:\/\/elbistrodemariosandoval.com\/\" target=\"_blank\"><\/a><a rel=\"noreferrer noopener\" href=\"https:\/\/restauranteyunke.com\/\" target=\"_blank\"><\/a><a href=\"https:\/\/www.xn--elmesondegrion-1nb.es\/\" target=\"_blank\" rel=\"noreferrer noopener\">El Mes\u00f3n de Gri\u00f1\u00f3n<\/a><\/h3>\n\n\n\n<p>Un restaurante tradicional donde se come muy bien.<\/p>\n<\/div><\/div>\n\n\n\n<div class=\"wp-block-media-text alignwide is-stacked-on-mobile reverse-columns\"><figure class=\"wp-block-media-text__media\"><img loading=\"lazy\" decoding=\"async\" width=\"550\" height=\"350\" src=\"https:\/\/grinon.wordcamp.org\/2022\/files\/2022\/08\/yunke.jpg\" alt=\"\" class=\"wp-image-1153 size-full\" srcset=\"https:\/\/grinon.wordcamp.org\/2022\/files\/2022\/08\/yunke.jpg 550w, https:\/\/grinon.wordcamp.org\/2022\/files\/2022\/08\/yunke-300x191.jpg 300w, https:\/\/grinon.wordcamp.org\/2022\/files\/2022\/08\/yunke-471x300.jpg 471w\" sizes=\"auto, (max-width: 550px) 100vw, 550px\" \/><\/figure><div class=\"wp-block-media-text__content\">\n<h3 class=\"wp-block-heading\"><a href=\"https:\/\/restauranteyunke.com\/\" target=\"_blank\" rel=\"noreferrer noopener\"><\/a><a rel=\"noreferrer noopener\" href=\"https:\/\/restauranteyunke.com\/\" target=\"_blank\">Yunke<\/a><\/h3>\n\n\n\n<p>Un restaurante con mucha personalidad que, sin duda, te va a sorprender.<\/p>\n<\/div><\/div>\n\n\n\n<div class=\"wp-block-media-text alignwide is-stacked-on-mobile is-vertically-aligned-center reverse-columns\"><figure class=\"wp-block-media-text__media\"><img loading=\"lazy\" decoding=\"async\" width=\"550\" height=\"350\" src=\"https:\/\/grinon.wordcamp.org\/2022\/files\/2022\/08\/iris.png\" alt=\"\" class=\"wp-image-1150 size-full\" srcset=\"https:\/\/grinon.wordcamp.org\/2022\/files\/2022\/08\/iris.png 550w, https:\/\/grinon.wordcamp.org\/2022\/files\/2022\/08\/iris-300x191.png 300w, https:\/\/grinon.wordcamp.org\/2022\/files\/2022\/08\/iris-471x300.png 471w\" sizes=\"auto, (max-width: 550px) 100vw, 550px\" \/><\/figure><div class=\"wp-block-media-text__content\">\n<h3 class=\"wp-block-heading\"><a rel=\"noreferrer noopener\" href=\"https:\/\/elbistrodemariosandoval.com\/\" target=\"_blank\"><\/a><a rel=\"noreferrer noopener\" href=\"https:\/\/www.tripadvisor.es\/Restaurant_Review-g1417359-d11672667-Reviews-The_Irish_Parrot_Tavern-Grinon.html\" target=\"_blank\">The Irish Parrot Tavern<\/a><\/h3>\n\n\n\n<p>Raciones y tapas deliciosas en plena plaza Mayor de Gri\u00f1\u00f3n.<\/p>\n<\/div><\/div>\n\n\n\n<div class=\"wp-block-media-text alignwide is-stacked-on-mobile reverse-columns\"><figure class=\"wp-block-media-text__media\"><img loading=\"lazy\" decoding=\"async\" width=\"500\" height=\"350\" src=\"https:\/\/grinon.wordcamp.org\/2022\/files\/2022\/08\/taberna.jpg\" alt=\"\" class=\"wp-image-1164 size-full\" srcset=\"https:\/\/grinon.wordcamp.org\/2022\/files\/2022\/08\/taberna.jpg 500w, https:\/\/grinon.wordcamp.org\/2022\/files\/2022\/08\/taberna-300x210.jpg 300w, https:\/\/grinon.wordcamp.org\/2022\/files\/2022\/08\/taberna-429x300.jpg 429w\" sizes=\"auto, (max-width: 500px) 100vw, 500px\" \/><\/figure><div class=\"wp-block-media-text__content\">\n<h3 class=\"wp-block-heading\"><a rel=\"noreferrer noopener\" href=\"https:\/\/www.tripadvisor.es\/Restaurant_Review-g1417359-d11672667-Reviews-The_Irish_Parrot_Tavern-Grinon.html\" target=\"_blank\"><\/a><a rel=\"noreferrer noopener\" href=\"https:\/\/restaurantehipica.com\/\" target=\"_blank\"><\/a><a rel=\"noreferrer noopener\" href=\"https:\/\/latabernadegrinon.es\/la-carta\" target=\"_blank\">Taberna de Gri\u00f1\u00f3n<\/a><\/h3>\n\n\n\n<p>Un sitio tranquilo donde degustar desde unas tapas hasta un arroz con bogavante.<\/p>\n<\/div><\/div>\n\n\n\n<div class=\"wp-block-media-text alignwide is-stacked-on-mobile reverse-columns\"><figure class=\"wp-block-media-text__media\"><img loading=\"lazy\" decoding=\"async\" width=\"550\" height=\"350\" src=\"https:\/\/grinon.wordcamp.org\/2022\/files\/2022\/08\/hipica.jpeg\" alt=\"\" class=\"wp-image-1152 size-full\" srcset=\"https:\/\/grinon.wordcamp.org\/2022\/files\/2022\/08\/hipica.jpeg 550w, https:\/\/grinon.wordcamp.org\/2022\/files\/2022\/08\/hipica-300x191.jpeg 300w, https:\/\/grinon.wordcamp.org\/2022\/files\/2022\/08\/hipica-471x300.jpeg 471w\" sizes=\"auto, (max-width: 550px) 100vw, 550px\" \/><\/figure><div class=\"wp-block-media-text__content\">\n<h3 class=\"wp-block-heading\"><a rel=\"noreferrer noopener\" href=\"https:\/\/www.tripadvisor.es\/Restaurant_Review-g1417359-d11672667-Reviews-The_Irish_Parrot_Tavern-Grinon.html\" target=\"_blank\"><\/a><a rel=\"noreferrer noopener\" href=\"https:\/\/restaurantehipica.com\/\" target=\"_blank\">Real H\u00edpica de Gri\u00f1\u00f3n<\/a><\/h3>\n\n\n\n<p>Una de las opciones m\u00e1s cl\u00e1sicas para comer o cenar es este restaurante, dentro del club de h\u00edpica de la localidad.<\/p>\n<\/div><\/div>\n\n\n\n<div class=\"wp-block-media-text alignwide is-stacked-on-mobile reverse-columns\"><figure class=\"wp-block-media-text__media\"><img loading=\"lazy\" decoding=\"async\" width=\"550\" height=\"350\" src=\"https:\/\/grinon.wordcamp.org\/2022\/files\/2022\/08\/vara.jpg\" alt=\"\" class=\"wp-image-1160 size-full\" srcset=\"https:\/\/grinon.wordcamp.org\/2022\/files\/2022\/08\/vara.jpg 550w, https:\/\/grinon.wordcamp.org\/2022\/files\/2022\/08\/vara-300x191.jpg 300w, https:\/\/grinon.wordcamp.org\/2022\/files\/2022\/08\/vara-471x300.jpg 471w\" sizes=\"auto, (max-width: 550px) 100vw, 550px\" \/><\/figure><div class=\"wp-block-media-text__content\">\n<h3 class=\"has-link-color wp-block-heading wp-elements-dea5dc8520407841fa4d0292c9dcc745\"><a href=\"https:\/\/www.xn--elmesondegrion-1nb.es\/\"><\/a><a rel=\"noreferrer noopener\" href=\"https:\/\/www.tripadvisor.es\/Restaurant_Review-g1417359-d4082195-Reviews-Cafeteria_Pasteleria_Vara-Grinon.html\" target=\"_blank\">Cafeter\u00eda Vara<\/a><\/h3>\n\n\n\n<p>Se trata de uno de los locales m\u00e1s conocidos de Gri\u00f1\u00f3n, y no es en vano. En Vara puedes encontrar men\u00fas y tambi\u00e9n una gran variedad de opciones para desayunar o merendar.<\/p>\n<\/div><\/div>\n\n\n\n<div class=\"wp-block-media-text alignwide is-stacked-on-mobile reverse-columns\"><figure class=\"wp-block-media-text__media\"><img loading=\"lazy\" decoding=\"async\" width=\"550\" height=\"350\" src=\"https:\/\/grinon.wordcamp.org\/2022\/files\/2022\/08\/embocado.jpg\" alt=\"\" class=\"wp-image-1166 size-full\" srcset=\"https:\/\/grinon.wordcamp.org\/2022\/files\/2022\/08\/embocado.jpg 550w, https:\/\/grinon.wordcamp.org\/2022\/files\/2022\/08\/embocado-300x191.jpg 300w, https:\/\/grinon.wordcamp.org\/2022\/files\/2022\/08\/embocado-471x300.jpg 471w\" sizes=\"auto, (max-width: 550px) 100vw, 550px\" \/><\/figure><div class=\"wp-block-media-text__content\">\n<h3 class=\"has-link-color wp-block-heading wp-elements-7fbcaa4dc999c96d3f04743efeaaa535\"><a rel=\"noreferrer noopener\" href=\"https:\/\/www.tripadvisor.es\/Restaurant_Review-g1417359-d15514296-Reviews-Embocado-Grinon.html\" target=\"_blank\">Embocad<\/a><a href=\"https:\/\/www.tripadvisor.es\/Restaurant_Review-g1417359-d15514296-Reviews-Embocado-Grinon.html\" target=\"_blank\" rel=\"noreferrer noopener\">o<\/a><\/h3>\n\n\n\n<p>Buena variedad de tapas y men\u00fas a precios asequibles.<\/p>\n<\/div><\/div>\n\n\n\n<div class=\"wp-block-media-text alignwide is-stacked-on-mobile reverse-columns\"><figure class=\"wp-block-media-text__media\"><img loading=\"lazy\" decoding=\"async\" width=\"550\" height=\"350\" src=\"https:\/\/grinon.wordcamp.org\/2022\/files\/2022\/08\/el-cortijo-extremeno.png\" alt=\"\" class=\"wp-image-1165 size-full\" srcset=\"https:\/\/grinon.wordcamp.org\/2022\/files\/2022\/08\/el-cortijo-extremeno.png 550w, https:\/\/grinon.wordcamp.org\/2022\/files\/2022\/08\/el-cortijo-extremeno-300x191.png 300w, https:\/\/grinon.wordcamp.org\/2022\/files\/2022\/08\/el-cortijo-extremeno-471x300.png 471w\" sizes=\"auto, (max-width: 550px) 100vw, 550px\" \/><\/figure><div class=\"wp-block-media-text__content\">\n<h3 class=\"has-link-color wp-block-heading wp-elements-644db790259a042e75f7f83d3a22a4ae\"><a href=\"https:\/\/www.xn--elmesondegrion-1nb.es\/\"><\/a><a rel=\"noreferrer noopener\" href=\"https:\/\/www.tripadvisor.es\/Restaurant_Review-g1417359-d4082195-Reviews-Cafeteria_Pasteleria_Vara-Grinon.html\" target=\"_blank\"><\/a><a rel=\"noreferrer noopener\" href=\"https:\/\/elcortijoextremeno.negocio.site\/\" target=\"_blank\">El cortijo extreme\u00f1o<\/a><\/h3>\n\n\n\n<p>Si lo que quieres es comida casera, unas migas, un cocido\u2026 este es tu sitio.<\/p>\n<\/div><\/div>\n\n\n\n<div class=\"wp-block-media-text alignwide is-stacked-on-mobile is-vertically-aligned-center reverse-columns\"><figure class=\"wp-block-media-text__media\"><a href=\"https:\/\/grinon.wordcamp.org\/2022\/files\/2022\/08\/bistro.jpg\"><img loading=\"lazy\" decoding=\"async\" width=\"550\" height=\"350\" src=\"https:\/\/grinon.wordcamp.org\/2022\/files\/2022\/08\/bistro.jpg\" alt=\"\" class=\"wp-image-1147 size-full\" srcset=\"https:\/\/grinon.wordcamp.org\/2022\/files\/2022\/08\/bistro.jpg 550w, https:\/\/grinon.wordcamp.org\/2022\/files\/2022\/08\/bistro-300x191.jpg 300w, https:\/\/grinon.wordcamp.org\/2022\/files\/2022\/08\/bistro-471x300.jpg 471w\" sizes=\"auto, (max-width: 550px) 100vw, 550px\" \/><\/a><\/figure><div class=\"wp-block-media-text__content\">\n<h3 class=\"has-custom-color-3-color has-text-color has-link-color wp-block-heading wp-elements-6a62d1435c33c9f00de61a58e7ace83e\"><a rel=\"noreferrer noopener\" href=\"https:\/\/elbistrodemariosandoval.com\/\" target=\"_blank\">El Bistr\u00f3 de Mario Sandoval<\/a><\/h3>\n\n\n\n<p>Cocina mediterr\u00e1nea de autor a un paso de la WordCamp.<\/p>\n<\/div><\/div>\n<\/div>\n<\/div>\n","protected":false},"excerpt":{"rendered":"<p>\u00bfQu\u00e9 comer? En la WordCamp Gri\u00f1\u00f3n 2022 hemos pensado en todo. No queremos que nadie se vaya con hambre y en tu entrada est\u00e1n inclu\u00eddos desayuno, comida y cena.&nbsp; Pero como no podemos controlarlo todo y es posible que te pase como a los hobbits, tambi\u00e9n tenemos opciones de bares y restaurantes donde poder saciarte, [&hellip;]<\/p>\n","protected":false},"author":14297363,"featured_media":0,"parent":0,"menu_order":0,"comment_status":"closed","ping_status":"closed","template":"page-large-header","meta":{"jetpack_post_was_ever_published":false,"footnotes":""},"class_list":["post-444","page","type-page","status-publish","hentry"],"jetpack_sharing_enabled":true,"_links":{"self":[{"href":"https:\/\/grinon.wordcamp.org\/2022\/wp-json\/wp\/v2\/pages\/444","targetHints":{"allow":["GET"]}}],"collection":[{"href":"https:\/\/grinon.wordcamp.org\/2022\/wp-json\/wp\/v2\/pages"}],"about":[{"href":"https:\/\/grinon.wordcamp.org\/2022\/wp-json\/wp\/v2\/types\/page"}],"author":[{"embeddable":true,"href":"https:\/\/grinon.wordcamp.org\/2022\/wp-json\/wp\/v2\/users\/14297363"}],"replies":[{"embeddable":true,"href":"https:\/\/grinon.wordcamp.org\/2022\/wp-json\/wp\/v2\/comments?post=444"}],"version-history":[{"count":37,"href":"https:\/\/grinon.wordcamp.org\/2022\/wp-json\/wp\/v2\/pages\/444\/revisions"}],"predecessor-version":[{"id":2465,"href":"https:\/\/grinon.wordcamp.org\/2022\/wp-json\/wp\/v2\/pages\/444\/revisions\/2465"}],"wp:attachment":[{"href":"https:\/\/grinon.wordcamp.org\/2022\/wp-json\/wp\/v2\/media?parent=444"}],"curies":[{"name":"wp","href":"https:\/\/api.w.org\/{rel}","templated":true}]}}