{"id":4447,"date":"2022-11-13T23:27:29","date_gmt":"2022-11-13T22:27:29","guid":{"rendered":"https:\/\/grinon.wordcamp.org\/2022\/?page_id=4447"},"modified":"2022-11-13T23:28:14","modified_gmt":"2022-11-13T22:28:14","slug":"metricool","status":"publish","type":"page","link":"https:\/\/grinon.wordcamp.org\/2022\/patrocinadores\/metricool\/","title":{"rendered":"Metricool"},"content":{"rendered":"\n<div class=\"wp-block-group is-nowrap is-layout-flex wp-container-core-group-is-layout-f56f613f wp-block-group-is-layout-flex\"><h1 class=\"wp-block-post-title\">Metricool<\/h1>\n\n\n<figure class=\"wp-block-image size-medium imgpatro\"><img loading=\"lazy\" decoding=\"async\" width=\"300\" height=\"113\" src=\"https:\/\/grinon.wordcamp.org\/2022\/files\/2022\/11\/logo-metricool-1-300x113.jpg\" alt=\"Metricool\" class=\"wp-image-4444\" srcset=\"https:\/\/grinon.wordcamp.org\/2022\/files\/2022\/11\/logo-metricool-1-300x113.jpg 300w, https:\/\/grinon.wordcamp.org\/2022\/files\/2022\/11\/logo-metricool-1-768x288.jpg 768w, https:\/\/grinon.wordcamp.org\/2022\/files\/2022\/11\/logo-metricool-1-500x188.jpg 500w, https:\/\/grinon.wordcamp.org\/2022\/files\/2022\/11\/logo-metricool-1.jpg 800w\" sizes=\"auto, (max-width: 300px) 100vw, 300px\" \/><\/figure>\n<\/div>\n\n\n\n<p class=\"wp-block-paragraph\">Metricool es una herramienta de anal\u00edtica y planificaci\u00f3n de redes sociales para analizar, medir y gestionar los contenidos y las campa\u00f1as digitales.<\/p>\n\n\n\n<p class=\"wp-block-paragraph\">Puedes visitarnos en <a rel=\"noreferrer noopener\" href=\"https:\/\/metricool.com\/\" target=\"_blank\">Metricool.com<\/a> o hablarnos a trav\u00e9s de <a href=\"https:\/\/twitter.com\/metricool_es\" target=\"_blank\" rel=\"noreferrer noopener\">Twitter<\/a>.<\/p>\n","protected":false},"excerpt":{"rendered":"<p>Metricool es una herramienta de anal\u00edtica y planificaci\u00f3n de redes sociales para analizar, medir y gestionar los contenidos y las campa\u00f1as digitales. Puedes visitarnos en Metricool.com o hablarnos a trav\u00e9s de Twitter.<\/p>\n","protected":false},"author":14297363,"featured_media":0,"parent":10,"menu_order":0,"comment_status":"closed","ping_status":"closed","template":"page-large-header","meta":{"_crdt_document":"","jetpack_post_was_ever_published":false,"footnotes":""},"class_list":["post-4447","page","type-page","status-publish","hentry"],"jetpack_sharing_enabled":true,"_links":{"self":[{"href":"https:\/\/grinon.wordcamp.org\/2022\/wp-json\/wp\/v2\/pages\/4447","targetHints":{"allow":["GET"]}}],"collection":[{"href":"https:\/\/grinon.wordcamp.org\/2022\/wp-json\/wp\/v2\/pages"}],"about":[{"href":"https:\/\/grinon.wordcamp.org\/2022\/wp-json\/wp\/v2\/types\/page"}],"author":[{"embeddable":true,"href":"https:\/\/grinon.wordcamp.org\/2022\/wp-json\/wp\/v2\/users\/14297363"}],"replies":[{"embeddable":true,"href":"https:\/\/grinon.wordcamp.org\/2022\/wp-json\/wp\/v2\/comments?post=4447"}],"version-history":[{"count":2,"href":"https:\/\/grinon.wordcamp.org\/2022\/wp-json\/wp\/v2\/pages\/4447\/revisions"}],"predecessor-version":[{"id":4449,"href":"https:\/\/grinon.wordcamp.org\/2022\/wp-json\/wp\/v2\/pages\/4447\/revisions\/4449"}],"up":[{"embeddable":true,"href":"https:\/\/grinon.wordcamp.org\/2022\/wp-json\/wp\/v2\/pages\/10"}],"wp:attachment":[{"href":"https:\/\/grinon.wordcamp.org\/2022\/wp-json\/wp\/v2\/media?parent=4447"}],"curies":[{"name":"wp","href":"https:\/\/api.w.org\/{rel}","templated":true}]}}