{"id":450,"date":"2022-08-15T09:41:36","date_gmt":"2022-08-15T07:41:36","guid":{"rendered":"https:\/\/grinon.wordcamp.org\/2022\/?page_id=450"},"modified":"2022-10-30T18:22:11","modified_gmt":"2022-10-30T17:22:11","slug":"after-party-grinon","status":"publish","type":"page","link":"https:\/\/grinon.wordcamp.org\/2022\/after-party-grinon\/","title":{"rendered":"After Party &#8211; S\u00e1bado 19"},"content":{"rendered":"\n<div class=\"wp-block-columns is-layout-flex wp-container-core-columns-is-layout-28f84493 wp-block-columns-is-layout-flex\">\n<div class=\"wp-block-column is-layout-flow wp-block-column-is-layout-flow\">\n<div class=\"wp-block-group is-layout-flow wp-block-group-is-layout-flow\">\n<h1 class=\"wp-block-heading\">\u00a1Guarda fuerzas para la <em>After Party<\/em> \ud83c\udf78!<\/h1>\n\n\n\n<p>Porque todo men\u00fa que se precie termina poni\u00e9ndole la guinda al pastel \ud83e\udd73y en la WordCamp Gri\u00f1\u00f3n|Madrid 2022 vamos a hacerlo por todo lo alto \ud83d\udc83.<\/p>\n\n\n\n<p>Has estado dos jornadas haciendo networking, aprendiendo, asistiendo a charlas, visitando a tus patrocinadores favoritos\u2026 Es <strong>hora de desconectar<\/strong> \ud83d\ude1c y olvidarte de emails, pedidos y presupuestos \u2709\ufe0f.<\/p>\n\n\n\n<p>Cuando acabe la charla de cierre del evento, coge tu refresco o cerveza \ud83c\udf7a en una mano, una tapa en la otra \ud83c\udf63 y<strong> l\u00e1nzate a compartir risas y diversi\u00f3n<\/strong> \ud83e\udd23\ud83e\udd23con todos los que hemos participado en la WordCamp.<\/p>\n\n\n\n<h2 class=\"has-text-align-center wp-block-heading\">Patrocinado por<\/h2>\n\n\n\n<figure class=\"wp-block-image aligncenter size-full is-resized is-style-default\"><img loading=\"lazy\" decoding=\"async\" src=\"https:\/\/grinon.wordcamp.org\/2022\/files\/2022\/10\/Raiola-nuevo.png\" alt=\"\" class=\"wp-image-4036\" width=\"600\" height=\"225\" srcset=\"https:\/\/grinon.wordcamp.org\/2022\/files\/2022\/10\/Raiola-nuevo.png 800w, https:\/\/grinon.wordcamp.org\/2022\/files\/2022\/10\/Raiola-nuevo-300x113.png 300w, https:\/\/grinon.wordcamp.org\/2022\/files\/2022\/10\/Raiola-nuevo-768x288.png 768w, https:\/\/grinon.wordcamp.org\/2022\/files\/2022\/10\/Raiola-nuevo-500x188.png 500w\" sizes=\"auto, (max-width: 600px) 100vw, 600px\" \/><\/figure>\n\n\n\n<h2 class=\"wp-block-heading\">\u00a1D\u00e9janos sorprenderte con todo lo que tenemos preparado!<\/h2>\n\n\n\n<p>Te lo hemos avisado: queremos que el postre \ud83c\udf6e de este men\u00fa sea inolvidable.<\/p>\n\n\n\n<p>As\u00ed que hemos incluido todo esto en nuestra carta para que la WordCamp Gri\u00f1\u00f3n tenga el mejor broche:&nbsp;<\/p>\n\n\n\n<div class=\"wp-block-columns is-layout-flex wp-container-core-columns-is-layout-28f84493 wp-block-columns-is-layout-flex\" style=\"border-style:none;border-width:0px;border-radius:0px\">\n<div class=\"wp-block-column is-layout-flow wp-block-column-is-layout-flow\" style=\"flex-basis:10%\"><\/div>\n\n\n\n<div class=\"wp-block-column has-foreground-background-color has-background is-layout-flow wp-block-column-is-layout-flow\" style=\"border-style:none;border-width:0px;flex-basis:80%\">\n<div class=\"wp-block-media-text alignwide is-stacked-on-mobile has-foreground-background-color has-background\" style=\"grid-template-columns:40% auto\"><figure class=\"wp-block-media-text__media\"><img loading=\"lazy\" decoding=\"async\" width=\"341\" height=\"339\" src=\"https:\/\/grinon.wordcamp.org\/2022\/files\/2022\/08\/CC.png\" alt=\"\" class=\"wp-image-1413 size-full\" srcset=\"https:\/\/grinon.wordcamp.org\/2022\/files\/2022\/08\/CC.png 341w, https:\/\/grinon.wordcamp.org\/2022\/files\/2022\/08\/CC-300x298.png 300w, https:\/\/grinon.wordcamp.org\/2022\/files\/2022\/08\/CC-150x150.png 150w, https:\/\/grinon.wordcamp.org\/2022\/files\/2022\/08\/CC-302x300.png 302w\" sizes=\"auto, (max-width: 341px) 100vw, 341px\" \/><\/figure><div class=\"wp-block-media-text__content\">\n<p>Shakira, Rosal\u00eda, David Guetta o Paquito el Chocolatero \ud83c\udfb6 . No tenemos ni idea de lo que va a pinchar el DJ \ud83c\udfa7 que se va a encargar de ponerle ritmo a la noche, pero en Gri\u00f1\u00f3n somos especialistas en fiestas, as\u00ed que lo que s\u00ed tenemos claro es que va a haber <strong>variedad para todos los gustos<\/strong>.<\/p>\n<\/div><\/div>\n<\/div>\n\n\n\n<div class=\"wp-block-column is-layout-flow wp-block-column-is-layout-flow\" style=\"flex-basis:10%\"><\/div>\n<\/div>\n\n\n\n<div class=\"wp-block-columns is-layout-flex wp-container-core-columns-is-layout-28f84493 wp-block-columns-is-layout-flex\" style=\"border-style:none;border-width:0px;border-radius:0px\">\n<div class=\"wp-block-column is-layout-flow wp-block-column-is-layout-flow\" style=\"flex-basis:5%\"><\/div>\n\n\n\n<div class=\"wp-block-column has-foreground-background-color has-background is-layout-flow wp-block-column-is-layout-flow\" style=\"border-style:none;border-width:0px;flex-basis:90%\">\n<div class=\"wp-block-media-text alignwide is-stacked-on-mobile has-foreground-background-color has-background\" style=\"grid-template-columns:40% auto\"><figure class=\"wp-block-media-text__media\"><img loading=\"lazy\" decoding=\"async\" width=\"348\" height=\"400\" src=\"https:\/\/grinon.wordcamp.org\/2022\/files\/2022\/08\/COMIDAYBEBIDA-ver.png\" alt=\"\" class=\"wp-image-1787 size-full\" srcset=\"https:\/\/grinon.wordcamp.org\/2022\/files\/2022\/08\/COMIDAYBEBIDA-ver.png 348w, https:\/\/grinon.wordcamp.org\/2022\/files\/2022\/08\/COMIDAYBEBIDA-ver-261x300.png 261w\" sizes=\"auto, (max-width: 348px) 100vw, 348px\" \/><\/figure><div class=\"wp-block-media-text__content\">\n<p>Una de las consecuencias&nbsp; de tener unos voluntarios de categor\u00eda es que hacen casi cualquier cosa para asegurarse de que no falta comida cuando las tripas empiezan a rugir.<\/p>\n\n\n\n<p>Adem\u00e1s, te entregaremos <strong>varios tickets para que puedas brindar  \ud83e\udd42<\/strong> <strong>con nosotros y tu bebida preferida<\/strong> a la salud de WordPress.<\/p>\n\n\n\n<p>\u00a1Y, si completas la yinkana que hemos preparado durante la WordCamp, puedes llevarte alg\u00fan ticket m\u00e1s extra!<\/p>\n\n\n\n<p>Tenemos preparados varios barriles de cerveza \ud83c\udf7b, as\u00ed que\u2026 \u00a1que corra la espuma!<\/p>\n<\/div><\/div>\n<\/div>\n\n\n\n<div class=\"wp-block-column is-layout-flow wp-block-column-is-layout-flow\" style=\"flex-basis:5%\"><\/div>\n<\/div>\n\n\n\n<h3 class=\"wp-block-heading\">Y nos dieron las diez \ud83d\udd59, y las once \ud83d\udd5a\u2026<\/h3>\n\n\n\n<p>No tenemos que salir corriendo como la Cenicienta, \u00bfverdad? Pues, salvo que se nos vaya de las manos y la polic\u00eda local tenga algo que decir al respecto, \u00a1disfruta hasta que el cuerpo aguante! \ud83d\udc4f\ud83d\udc4f\ud83d\udc4f (O, en su defecto, mientras haya comida, bebida y m\u00fasica). <\/p>\n<\/div>\n\n\n\n<div class=\"wp-block-buttons is-layout-flex wp-block-buttons-is-layout-flex\">\n<div class=\"wp-block-button aligncenter\"><a class=\"wp-block-button__link wp-element-button\" href=\"https:\/\/grinon.wordcamp.org\/2022\/tickets\/\">Compra tu entrada para no perderte nada<\/a><\/div>\n<\/div>\n\n\n\n<h3 class=\"wp-block-heading\"><\/h3>\n\n\n\n<div class=\"wp-block-group is-layout-flow wp-block-group-is-layout-flow\">\n<p class=\"has-text-align-center\">Suscr\u00edbete por email \u2709\ufe0f para estar al tanto de todas las novedades<\/p>\n\n\n<div class=\"wp-block-jetpack-subscriptions__supports-newline newsletter-jetpak wp-block-jetpack-subscriptions\">\n\t\t<div>\n\t\t\t<div>\n\t\t\t\t<div>\n\t\t\t\t\t<p >\n\t\t\t\t\t\t<a href=\"https:\/\/grinon.wordcamp.org\/2022\/?post_type=page&#038;p=450\" style=\"font-size: 18px;padding: 10px 15px 10px 15px;margin: 0; margin-left: 10px;border-radius: 10px;border-width: 1px; text-decoration: none; white-space: nowrap; margin-left: 0\">Suscribirse<\/a>\n\t\t\t\t\t<\/p>\n\t\t\t\t<\/div>\n\t\t\t<\/div>\n\t\t<\/div>\n\t<\/div><\/div>\n<\/div>\n<\/div>\n\n\n\n<div class=\"wp-block-buttons alignwide is-content-justification-center is-layout-flex wp-container-core-buttons-is-layout-a89b3969 wp-block-buttons-is-layout-flex\"><\/div>\n\n\n\n<p><\/p>\n","protected":false},"excerpt":{"rendered":"<p>\u00a1Guarda fuerzas para la After Party \ud83c\udf78! Porque todo men\u00fa que se precie termina poni\u00e9ndole la guinda al pastel \ud83e\udd73y en la WordCamp Gri\u00f1\u00f3n|Madrid 2022 vamos a hacerlo por todo lo alto \ud83d\udc83. Has estado dos jornadas haciendo networking, aprendiendo, asistiendo a charlas, visitando a tus patrocinadores favoritos\u2026 Es hora de desconectar \ud83d\ude1c y olvidarte [&hellip;]<\/p>\n","protected":false},"author":20535853,"featured_media":0,"parent":0,"menu_order":0,"comment_status":"closed","ping_status":"closed","template":"page-large-header","meta":{"jetpack_post_was_ever_published":false,"footnotes":""},"class_list":["post-450","page","type-page","status-publish","hentry"],"jetpack_sharing_enabled":true,"_links":{"self":[{"href":"https:\/\/grinon.wordcamp.org\/2022\/wp-json\/wp\/v2\/pages\/450","targetHints":{"allow":["GET"]}}],"collection":[{"href":"https:\/\/grinon.wordcamp.org\/2022\/wp-json\/wp\/v2\/pages"}],"about":[{"href":"https:\/\/grinon.wordcamp.org\/2022\/wp-json\/wp\/v2\/types\/page"}],"author":[{"embeddable":true,"href":"https:\/\/grinon.wordcamp.org\/2022\/wp-json\/wp\/v2\/users\/20535853"}],"replies":[{"embeddable":true,"href":"https:\/\/grinon.wordcamp.org\/2022\/wp-json\/wp\/v2\/comments?post=450"}],"version-history":[{"count":81,"href":"https:\/\/grinon.wordcamp.org\/2022\/wp-json\/wp\/v2\/pages\/450\/revisions"}],"predecessor-version":[{"id":4038,"href":"https:\/\/grinon.wordcamp.org\/2022\/wp-json\/wp\/v2\/pages\/450\/revisions\/4038"}],"wp:attachment":[{"href":"https:\/\/grinon.wordcamp.org\/2022\/wp-json\/wp\/v2\/media?parent=450"}],"curies":[{"name":"wp","href":"https:\/\/api.w.org\/{rel}","templated":true}]}}