{"id":13,"date":"2024-06-17T07:00:00","date_gmt":"2024-06-17T05:00:00","guid":{"rendered":"https:\/\/grinon.wordcamp.org\/2024\/?page_id=13"},"modified":"2024-11-20T09:49:49","modified_gmt":"2024-11-20T08:49:49","slug":"tickets","status":"publish","type":"page","link":"https:\/\/grinon.wordcamp.org\/2024\/tickets\/","title":{"rendered":"Comprar Entradas"},"content":{"rendered":"\n<h1 class=\"wp-block-heading\">\u00a1\u00daLTIMAS ENTRADAS para WordCamp Gri\u00f1\u00f3n 2024!<\/h1>\n\n\n\n<p>Haz clic ahora para no perderte la WordCamp dedicada en exclusiva al e-commerce.<\/p>\n\n\n\n<div class=\"wp-block-buttons is-content-justification-center is-layout-flex wp-container-core-buttons-is-layout-a89b3969 wp-block-buttons-is-layout-flex\">\n<div class=\"wp-block-button cta\"><a class=\"wp-block-button__link wp-element-button\" href=\"#tix\">Quiero mi entrada<\/a><\/div>\n<\/div>\n\n\n\n<p>Nos lo has preguntado un mont\u00f3n de veces, tienes la fecha apuntada en tu agenda desde\u2026 \u00a1ni te acuerdas desde cu\u00e1ndo!&nbsp;<\/p>\n\n\n\n<p>Sabemos que tienes tantas ganas de venir a WordCamp Gri\u00f1\u00f3n 2024 que estabas a punto de comerte hasta las u\u00f1as.<\/p>\n\n\n\n<p>Pues el momento ha llegado.&nbsp;<\/p>\n\n\n\n<p>\u00a1Ojo!, vas a tener que actuar r\u00e1pido porque este a\u00f1o <strong>hemos decidido limitar el aforo y priorizar la comodidad<\/strong> de todos los asistentes.&nbsp;<\/p>\n\n\n\n<p>Ya hemos recibido muchas peticiones para venir. Por eso vamos a sacar <strong>tandas de 25 entradas<\/strong> hasta completar aforo. La primera, esta. La segunda, el 17 de julio. A partir de ah\u00ed, todo depende de cu\u00e1ntas entradas queden.<\/p>\n\n\n\n<p>\u00a1Empiezan los juegos del hambre!<\/p>\n\n\n\t<div class=\"wp-block-jetpack-gif aligncenter\">\n\t\t<figure>\n\t\t\t\t\t\t\t<div class=\"wp-block-jetpack-gif-wrapper\" style=\"padding-top:73%\">\n\t\t\t\t\t<iframe src=\"https:\/\/giphy.com\/embed\/1000WjcUQeqOaY\" title=\"The Hunger Games lawrence\"><\/iframe>\n\t\t\t\t<\/div>\n\t\t\t\t\t\t\t\t<\/figure>\n\t<\/div>\n\t\n\n\n<div class=\"wp-block-buttons is-content-justification-center is-layout-flex wp-container-core-buttons-is-layout-a89b3969 wp-block-buttons-is-layout-flex\">\n<div class=\"wp-block-button cta\"><a class=\"wp-block-button__link wp-element-button\" href=\"#tix\">No pienso pasar hambre de e-commerce. \u00a1Dame mi entrada ya!<\/a><\/div>\n<\/div>\n\n\n\n<h2 class=\"wp-block-heading\" id=\"kit\">\u00bfQu\u00e9 incluye la entrada a la WordCamp Gri\u00f1\u00f3n 2024?<\/h2>\n\n\n\n<p>Comprar una entrada para la WordCamp Gri\u00f1\u00f3n 2024 es mucho m\u00e1s que un pase para entrar a un evento\u2026&nbsp;<\/p>\n\n\n\n<p>Es el evento WordPress exclusivo sobre e-commerce y tiendas online.<\/p>\n\n\n\n<p>Con tu entrada obtienes:<\/p>\n\n\n\n<ul class=\"wp-block-list\">\n<li>El <strong>kit de bienvenida<\/strong> de la WordCamp Gri\u00f1\u00f3n 2024: con tu acreditaci\u00f3n, la sudadera exclusiva de WordCamp Gri\u00f1\u00f3n, para que no pases fr\u00edo y\u2026 te iba a contar el resto, pero es alto secreto (<a href=\"https:\/\/grinon.wordcamp.org\/2024\/blog\/podcast-wcgrinon\/\">escucha el podcast y lo sabr\u00e1s<\/a>). <strong>Acceso a todas las actividades<\/strong> de la Wordcamp durante los d\u00edas 23 y 24 de noviembre de 2024.<\/li>\n\n\n\n<li><strong>Desayuno, churros con chocolate, comida principal, merienda <\/strong>y todas las locuras que se le ocurran a nuestro catering de confianza<strong>. \ud83d\ude1c <\/strong>.<\/li>\n\n\n\n<li>En las pausas de la ma\u00f1ana y de la tarde, tendr\u00e1s a tu disposici\u00f3n <strong>caf\u00e9, t\u00e9, agua y refrescos<\/strong> para que te hidrates y puedas seguir disfrutando del \u201csarao\u201d.<\/li>\n\n\n\n<li><strong>Entrada a la <\/strong><strong><em>after party <\/em><\/strong>de cierre del evento, con barra libre de cerveza y refrescos durante 2 horas. Vamos a celebrar que todo ha salido a pedir de boca y a seguir divirti\u00e9ndonos y haciendo networking con los asistentes, voluntarios, organizadores, ponentes\u2026 de forma m\u00e1s relajada.<\/li>\n<\/ul>\n\n\n\n<figure class=\"wp-block-image size-large\"><img data-recalc-dims=\"1\" loading=\"lazy\" decoding=\"async\" width=\"1024\" height=\"683\" src=\"https:\/\/i0.wp.com\/grinon.wordcamp.org\/2024\/files\/2024\/06\/asistentes-wc-grinon-2022.jpg?resize=1024%2C683&#038;ssl=1\" alt=\"Zona de catering de WordCamp Gri\u00f1\u00f3n. Se ve la zona central del centro cultural de Gri\u00f1\u00f3n con la zona central con una fuente y alrededor gente comiendo.\" class=\"wp-image-2052\" srcset=\"https:\/\/i0.wp.com\/grinon.wordcamp.org\/2024\/files\/2024\/06\/asistentes-wc-grinon-2022.jpg?resize=1024%2C683&amp;ssl=1 1024w, https:\/\/i0.wp.com\/grinon.wordcamp.org\/2024\/files\/2024\/06\/asistentes-wc-grinon-2022.jpg?resize=300%2C200&amp;ssl=1 300w, https:\/\/i0.wp.com\/grinon.wordcamp.org\/2024\/files\/2024\/06\/asistentes-wc-grinon-2022.jpg?resize=768%2C512&amp;ssl=1 768w, https:\/\/i0.wp.com\/grinon.wordcamp.org\/2024\/files\/2024\/06\/asistentes-wc-grinon-2022.jpg?resize=450%2C300&amp;ssl=1 450w, https:\/\/i0.wp.com\/grinon.wordcamp.org\/2024\/files\/2024\/06\/asistentes-wc-grinon-2022.jpg?w=1200&amp;ssl=1 1200w\" sizes=\"auto, (max-width: 1000px) 100vw, 1000px\" \/><figcaption class=\"wp-element-caption\">Zona de catering de WordCamp Gri\u00f1\u00f3n<\/figcaption><\/figure>\n\n\n\n<p>\u00bfTienes dudas sobre si podr\u00e1s venir? No te cortes y compra tu entrada igual. <strong>Vamos a crear una zona en el canal de Telegram de asistentes para que puedas cederla a otra persona<\/strong> si al final no se alinean los astros.<\/p>\n\n\n\n<h2 class=\"wp-block-heading\">\u00bfQu\u00e9 debo tener en cuenta antes de comprar mi entrada para la WordCamp?<\/h2>\n\n\n\n<p>Para aprovechar al m\u00e1ximo la WordCamp Gri\u00f1\u00f3n 2024 y hacer networking del bueno recuerda hacer esto antes de pulsar el bot\u00f3n de compra:&nbsp;<\/p>\n\n\n\n<h3 class=\"wp-block-heading\">Tu cara en el directorio de participantes de la WordCamp Gri\u00f1\u00f3n 2024.<\/h3>\n\n\n\n<p>Una de las formas m\u00e1s efectivas de hacer networking en un evento es decidir antes con qu\u00e9 personas quieres contactar o charlar durante la WordCamp.<\/p>\n\n\n\n<p>Para eso necesitas saber qui\u00e9n va a ir. Y tambi\u00e9n que los dem\u00e1s sepan que vas, as\u00ed que cuando compres tu entrada <strong>tu perfil de WordPress aparecer\u00e1 en nuestra <a href=\"https:\/\/grinon.wordcamp.org\/2024\/asistentes\/\">p\u00e1gina de participantes<\/a><\/strong>. \u00a1Aseg\u00farate de que tienes tu mejor foto en tu <a href=\"https:\/\/es.gravatar.com\/site\/check\/\">perfil de Gravatar<\/a> para que te reconozcan!<\/p>\n\n\n\n<h3 class=\"wp-block-heading\">\u00bfNecesitas traer a tus peques?&nbsp;<\/h3>\n\n\n\n<p>\u00a1S\u00ed, s\u00ed, s\u00ed! Este a\u00f1o tenemos ludoteca para que las y los mini WordPressers tambi\u00e9n puedan disfrutar de la WordCamp.&nbsp;<br><br>Si tienes peques de entre 2 y 12 a\u00f1os ind\u00edcalo cuando compres tu entrada. Hemos preparado un servicio con monitores y actividades para que pasen una jornada tan entretenida como la tuya.&nbsp;<\/p>\n\n\n\n<h3 class=\"wp-block-heading\">Dale bombo a la WordCamp Gri\u00f1\u00f3n y haz que la conozcan en todo el mundo<\/h3>\n\n\n\n<p>Queremos que las WordCamp den la vuelta al mundo. Sobre todo la de Gri\u00f1\u00f3n. Por eso en el evento <strong>habr\u00e1 fot\u00f3grafos y vide\u00f3grafos <\/strong>para registrar todo lo que ocurra (y hacerte fotones con tu mejor perfil, por supuesto).<\/p>\n\n\n\n<p>Al comprar tu entrada tendr\u00e1s que aceptar la autorizaci\u00f3n a compartir esas fotos y v\u00eddeos.<\/p>\n\n\n\n<div class=\"wp-block-buttons is-content-justification-center is-layout-flex wp-container-core-buttons-is-layout-a89b3969 wp-block-buttons-is-layout-flex\">\n<div class=\"wp-block-button cta\"><a class=\"wp-block-button__link wp-element-button\" href=\"#tix\">O\u00eddo cocina. Ahora trae ac\u00e1 mi entrada<\/a><\/div>\n<\/div>\n\n\n\n<h2 class=\"wp-block-heading\">\u00a1Ey! \u00bfSab\u00edas que tu entrada a la WordCamp Gri\u00f1\u00f3n 2024 puede salirte gratis?<\/h2>\n\n\n\n<p>S\u00ed, s\u00ed, como lo lees.<\/p>\n\n\n\n<p><strong>Si participas como voluntario, <\/strong><a href=\"https:\/\/grinon.wordcamp.org\/2024\/blog\/se-buscan-ponentes\/\"><strong>ponente<\/strong><\/a> (<em>hasta el 23 de junio<\/em>) <strong>o <\/strong><a href=\"https:\/\/grinon.wordcamp.org\/2024\/blog\/se-buscan-patrocinadores\/\"><strong>patrocinador\u2026<\/strong><\/a><strong> est\u00e1s dentro<\/strong> autom\u00e1ticamente. Pero si no sabes si ser\u00e1s seleccionado o no y claramente no te lo quieres perder, puedes comprar tu entrada y si eres seleccionado luego haremos el reembolso para que te salga gratis.&nbsp;<\/p>\n\n\n\n<p>As\u00ed que si crees que puedes ayudarnos con algo, env\u00edanos tu propuesta ahora mismo, porque <strong>si eres seleccionado, \u00a1tu entrada es gratis!<\/strong><\/p>\n\n\n\n<p>Ahora bien, si ya tienes claro que lo tuyo es venir a aprender, a disfrutar y a hacer networking&#8230;<\/p>\n\n\n\n<p>Compra tu entrada ahora para no quedarte sin ella<\/p>\n\n\n\n<div class=\"wp-block-buttons is-content-justification-center is-layout-flex wp-container-core-buttons-is-layout-a89b3969 wp-block-buttons-is-layout-flex\">\n<div class=\"wp-block-button cta\"><a class=\"wp-block-button__link wp-element-button\" href=\"#tix\">Voy a por mi entrada antes de que se acaben<\/a><\/div>\n<\/div>\n\n\n\n<p>\u00bfDudas con c\u00f3mo comprar tu entrada? <a href=\"https:\/\/grinon.wordcamp.org\/2024\/blog\/como-comprar-entrada-wcgrinon\/\">Aqu\u00ed<\/a> te resolvemos todas tus dudas.<\/p>\n\n\n\n<h3 class=\"wp-block-heading\"><strong>NO HAY ENTRADAS DISPONIBLES<\/strong><\/h3>\n\n\n\n<p>Si no ves entradas a la venta, significa que ya no quedan disponibles. Si a\u00fan tienes inter\u00e9s en asistir, puedes preguntar en el <a href=\"https:\/\/t.me\/WCGrinon\/98\">subtema de Telegram<\/a> si alguien que no pueda asistir quiere cederte su entrada. Ten en cuenta que no se realizan reembolsos.<\/p>\n\n\n<a href=\"https:\/\/grinon.wordcamp.org\/2024\/tickets\/\">Por favor, ve esta p\u00e1gina en un navegador para hacer una compra o gestionar entradas.<\/a>\n","protected":false},"excerpt":{"rendered":"<p>Compra tu entrada para WordCamp Gri\u00f1\u00f3n 2024.<\/p>\n","protected":false},"author":14297363,"featured_media":1353,"parent":0,"menu_order":0,"comment_status":"closed","ping_status":"closed","template":"wp-custom-template-p-gina-ancho-completo-2024","meta":{"advanced_seo_description":"Compra tu entrada para WordCamp Gri\u00f1\u00f3n 2024","jetpack_seo_html_title":"Comprar Entradas","jetpack_seo_noindex":false,"jetpack_post_was_ever_published":true,"footnotes":""},"class_list":["post-13","page","type-page","status-publish","has-post-thumbnail","hentry"],"jetpack_sharing_enabled":true,"jetpack-related-posts":[{"id":14,"url":"https:\/\/grinon.wordcamp.org\/2024\/asistentes\/","url_meta":{"origin":13,"position":0},"title":"Asistentes","author":"David Plaza","date":"05\/05\/2024","format":false,"excerpt":"Listado de asistentes que han comprado su entrada para WordCamp Gri\u00f1\u00f3n y han autorizado aparecer en este listado.","rel":"","context":"Entrada similar","block_context":{"text":"Entrada similar","link":""},"img":{"alt_text":"comida wordcamp grin\u0303on 2022","src":"https:\/\/i0.wp.com\/grinon.wordcamp.org\/2024\/files\/2024\/04\/comida-wordcamp-grinon.webp?fit=1200%2C375&ssl=1&resize=350%2C200","width":350,"height":200,"srcset":"https:\/\/i0.wp.com\/grinon.wordcamp.org\/2024\/files\/2024\/04\/comida-wordcamp-grinon.webp?fit=1200%2C375&ssl=1&resize=350%2C200 1x, https:\/\/i0.wp.com\/grinon.wordcamp.org\/2024\/files\/2024\/04\/comida-wordcamp-grinon.webp?fit=1200%2C375&ssl=1&resize=525%2C300 1.5x, https:\/\/i0.wp.com\/grinon.wordcamp.org\/2024\/files\/2024\/04\/comida-wordcamp-grinon.webp?fit=1200%2C375&ssl=1&resize=700%2C400 2x, https:\/\/i0.wp.com\/grinon.wordcamp.org\/2024\/files\/2024\/04\/comida-wordcamp-grinon.webp?fit=1200%2C375&ssl=1&resize=1050%2C600 3x"},"classes":[]},{"id":3504,"url":"https:\/\/grinon.wordcamp.org\/2024\/ubicacion\/","url_meta":{"origin":13,"position":1},"title":"ubicaci\u00f3n","author":"David Plaza","date":"20\/11\/2024","format":false,"excerpt":"C\u00f3mo llegar a WordCamp Gri\u00f1\u00f3n 2024","rel":"","context":"Entrada similar","block_context":{"text":"Entrada similar","link":""},"img":{"alt_text":"Centro Cultural de Gri\u00f1\u00f3n donde se celebra WordCamp Gri\u00f1\u00f3n","src":"https:\/\/i0.wp.com\/grinon.wordcamp.org\/2024\/files\/2024\/04\/centro-cultural-de-grinon-wordcamp-grinon-2022-1-1024x521-1.webp?fit=1024%2C521&ssl=1&resize=350%2C200","width":350,"height":200,"srcset":"https:\/\/i0.wp.com\/grinon.wordcamp.org\/2024\/files\/2024\/04\/centro-cultural-de-grinon-wordcamp-grinon-2022-1-1024x521-1.webp?fit=1024%2C521&ssl=1&resize=350%2C200 1x, https:\/\/i0.wp.com\/grinon.wordcamp.org\/2024\/files\/2024\/04\/centro-cultural-de-grinon-wordcamp-grinon-2022-1-1024x521-1.webp?fit=1024%2C521&ssl=1&resize=525%2C300 1.5x, https:\/\/i0.wp.com\/grinon.wordcamp.org\/2024\/files\/2024\/04\/centro-cultural-de-grinon-wordcamp-grinon-2022-1-1024x521-1.webp?fit=1024%2C521&ssl=1&resize=700%2C400 2x"},"classes":[]},{"id":283,"url":"https:\/\/grinon.wordcamp.org\/2024\/","url_meta":{"origin":13,"position":2},"title":"Inicio","author":"flopez1977","date":"06\/04\/2024","format":false,"excerpt":"Si tienes un negocio online, vendes a trav\u00e9s de Internet o te dedicas a crear este tipo de sitios web para tus clientes. WordCamp Gri\u00f1\u00f3n 2024. Enfocada en e-commerce.","rel":"","context":"Entrada similar","block_context":{"text":"Entrada similar","link":""},"img":{"alt_text":"","src":"https:\/\/i0.wp.com\/grinon.wordcamp.org\/2024\/files\/2024\/05\/entrada-wordcamp-grinon-2024-4.webp?fit=1200%2C613&ssl=1&resize=350%2C200","width":350,"height":200,"srcset":"https:\/\/i0.wp.com\/grinon.wordcamp.org\/2024\/files\/2024\/05\/entrada-wordcamp-grinon-2024-4.webp?fit=1200%2C613&ssl=1&resize=350%2C200 1x, https:\/\/i0.wp.com\/grinon.wordcamp.org\/2024\/files\/2024\/05\/entrada-wordcamp-grinon-2024-4.webp?fit=1200%2C613&ssl=1&resize=525%2C300 1.5x, https:\/\/i0.wp.com\/grinon.wordcamp.org\/2024\/files\/2024\/05\/entrada-wordcamp-grinon-2024-4.webp?fit=1200%2C613&ssl=1&resize=700%2C400 2x, https:\/\/i0.wp.com\/grinon.wordcamp.org\/2024\/files\/2024\/05\/entrada-wordcamp-grinon-2024-4.webp?fit=1200%2C613&ssl=1&resize=1050%2C600 3x"},"classes":[]},{"id":2938,"url":"https:\/\/grinon.wordcamp.org\/2024\/programa-2024\/","url_meta":{"origin":13,"position":3},"title":"Programa wordcamp gri\u00f1\u00f3n 2024","author":"David Plaza","date":"15\/10\/2024","format":false,"excerpt":"Programa de WordCamp Gri\u00f1\u00f3n 2024","rel":"","context":"Entrada similar","block_context":{"text":"Entrada similar","link":""},"img":{"alt_text":"","src":"https:\/\/i0.wp.com\/grinon.wordcamp.org\/2024\/files\/2024\/05\/cropped-logo-wordcamp-grinon-madrid-ico-2.png?fit=512%2C512&resize=350%2C200#038;ssl=1","width":350,"height":200},"classes":[]},{"id":1975,"url":"https:\/\/grinon.wordcamp.org\/2024\/patrocinadores\/","url_meta":{"origin":13,"position":4},"title":"Patrocinadores","author":"flopez1977","date":"18\/06\/2024","format":false,"excerpt":"Patrocinadores de WordCamp Gri\u00f1\u00f3n.","rel":"","context":"Entrada similar","block_context":{"text":"Entrada similar","link":""},"img":{"alt_text":"","src":"https:\/\/i0.wp.com\/grinon.wordcamp.org\/2024\/files\/2024\/05\/cropped-logo-wordcamp-grinon-madrid-ico-2.png?fit=512%2C512&resize=350%2C200#038;ssl=1","width":350,"height":200},"classes":[]},{"id":17,"url":"https:\/\/grinon.wordcamp.org\/2024\/contacto\/","url_meta":{"origin":13,"position":5},"title":"Contacto","author":"flopez1977","date":"16\/05\/2024","format":false,"excerpt":"P\u00e1gina para contactar con la organizaci\u00f3n de WordCamp Gri\u00f1\u00f3n 2024.","rel":"","context":"Entrada similar","block_context":{"text":"Entrada similar","link":""},"img":{"alt_text":"","src":"https:\/\/i0.wp.com\/grinon.wordcamp.org\/2024\/files\/2024\/05\/entrada-wordcamp-grinon-2024-4.webp?fit=1200%2C613&ssl=1&resize=350%2C200","width":350,"height":200,"srcset":"https:\/\/i0.wp.com\/grinon.wordcamp.org\/2024\/files\/2024\/05\/entrada-wordcamp-grinon-2024-4.webp?fit=1200%2C613&ssl=1&resize=350%2C200 1x, https:\/\/i0.wp.com\/grinon.wordcamp.org\/2024\/files\/2024\/05\/entrada-wordcamp-grinon-2024-4.webp?fit=1200%2C613&ssl=1&resize=525%2C300 1.5x, https:\/\/i0.wp.com\/grinon.wordcamp.org\/2024\/files\/2024\/05\/entrada-wordcamp-grinon-2024-4.webp?fit=1200%2C613&ssl=1&resize=700%2C400 2x, https:\/\/i0.wp.com\/grinon.wordcamp.org\/2024\/files\/2024\/05\/entrada-wordcamp-grinon-2024-4.webp?fit=1200%2C613&ssl=1&resize=1050%2C600 3x"},"classes":[]}],"jetpack_shortlink":"https:\/\/wp.me\/PeSE0T-d","_links":{"self":[{"href":"https:\/\/grinon.wordcamp.org\/2024\/wp-json\/wp\/v2\/pages\/13","targetHints":{"allow":["GET"]}}],"collection":[{"href":"https:\/\/grinon.wordcamp.org\/2024\/wp-json\/wp\/v2\/pages"}],"about":[{"href":"https:\/\/grinon.wordcamp.org\/2024\/wp-json\/wp\/v2\/types\/page"}],"author":[{"embeddable":true,"href":"https:\/\/grinon.wordcamp.org\/2024\/wp-json\/wp\/v2\/users\/14297363"}],"replies":[{"embeddable":true,"href":"https:\/\/grinon.wordcamp.org\/2024\/wp-json\/wp\/v2\/comments?post=13"}],"version-history":[{"count":27,"href":"https:\/\/grinon.wordcamp.org\/2024\/wp-json\/wp\/v2\/pages\/13\/revisions"}],"predecessor-version":[{"id":3465,"href":"https:\/\/grinon.wordcamp.org\/2024\/wp-json\/wp\/v2\/pages\/13\/revisions\/3465"}],"wp:featuredmedia":[{"embeddable":true,"href":"https:\/\/grinon.wordcamp.org\/2024\/wp-json\/wp\/v2\/media\/1353"}],"wp:attachment":[{"href":"https:\/\/grinon.wordcamp.org\/2024\/wp-json\/wp\/v2\/media?parent=13"}],"curies":[{"name":"wp","href":"https:\/\/api.w.org\/{rel}","templated":true}]}}