{"id":2092,"date":"2024-06-16T21:43:24","date_gmt":"2024-06-16T19:43:24","guid":{"rendered":"https:\/\/grinon.wordcamp.org\/2024\/?page_id=2092"},"modified":"2024-06-18T20:37:33","modified_gmt":"2024-06-18T18:37:33","slug":"codigo-de-conducta","status":"publish","type":"page","link":"https:\/\/grinon.wordcamp.org\/2024\/codigo-de-conducta\/","title":{"rendered":"C\u00f3digo de conducta"},"content":{"rendered":"\n<h2 class=\"wp-block-heading\">C\u00f3digo de conducta<\/h2>\n\n\n\n<h2 class=\"wp-block-heading\" id=\"galego\">1. Prop\u00f3sito<\/h2>\n\n\n\n<p><strong>WordCamp Gri\u00f1\u00f3n <\/strong>considera fundamental que nuestra <strong>comunidad<\/strong> est\u00e9 realmente <strong>abierta<\/strong> a todo el mundo. Como tal, nos comprometemos a brindar un <strong>entorno amigable, seguro y acogedor para todos<\/strong>, independientemente de su g\u00e9nero, orientaci\u00f3n sexual, discapacidad, origen \u00e9tnico, religi\u00f3n, sistema operativo preferido, lenguaje de programaci\u00f3n o editor de texto.<\/p>\n\n\n\n<p>Este c\u00f3digo de conducta describe nuestras expectativas sobre el comportamiento de los participantes, as\u00ed como las consecuencias del comportamiento inaceptable.<\/p>\n\n\n\n<p>Instamos a todos los patrocinadores, voluntarios, ponentes, asistentes y otros participantes a que nos ayuden a hacer realidad una experiencia de evento segura y positiva para todos.<\/p>\n\n\n\n<h2 class=\"wp-block-heading\">2. Ciudadan\u00eda&nbsp;<em>Open Source<\/em><\/h2>\n\n\n\n<p>Un objetivo adicional de este c\u00f3digo de conducta es <strong>aumentar la ciudadan\u00eda del c\u00f3digo abierto<\/strong> al alentar a los participantes a reconocer y fortalecer las relaciones entre lo que hacemos <strong>y la comunidad en general<\/strong>.<\/p>\n\n\n\n<p>Para lograr este objetivo, los organizadores de WordCamp Gri\u00f1\u00f3n recoger\u00e1n nominaciones de ciudadanos ejemplares durante el evento y las reconocer\u00e1n en la p\u00e1gina web tras la conferencia.<\/p>\n\n\n\n<p>Si ves a alguien que est\u00e1 haciendo un esfuerzo adicional para asegurarse de que nuestra comunidad sea acogedora y amigable y aliente a todos los participantes a contribuir tanto como sea posible, queremos saberlo. Puedes nominar a alguien en el mostrador de inscripci\u00f3n o comunic\u00e1ndoselo al equipo organizador.<\/p>\n\n\n\n<h2 class=\"wp-block-heading\">3. Comportamiento esperado<\/h2>\n\n\n\n<ul class=\"wp-block-list\">\n<li>S\u00e9 una persona considerada, respetuosa y colaboradora.<\/li>\n\n\n\n<li>Abstente de comportamientos y expresiones degradantes, discriminatorias o acosadoras.<\/li>\n\n\n\n<li>S\u00e9 consciente de su entorno y de tus compa\u00f1eros participantes. Avisa a los organizadores del evento si ves una situaci\u00f3n peligrosa o alguien en peligro.<\/li>\n\n\n\n<li>Participa de forma aut\u00e9ntica y activa. De esta manera est\u00e1s ayudando a crear WordCamp Gri\u00f1\u00f3n y hacerla tuya.<\/li>\n<\/ul>\n\n\n\n<h2 class=\"wp-block-heading\">4. Comportamiento inaceptable<\/h2>\n\n\n\n<p>El comportamiento inaceptable incluye: comportamiento intimidante, acosador, abusivo, discriminatorio, despectivo o degradante por parte de cualquier asistente a WordCamp Gri\u00f1\u00f3n y eventos relacionados. Todas las plazas de WordCamp Gri\u00f1\u00f3n se pueden compartir con otros miembros de la sociedad; S\u00e9 respetuoso con todos los usuarios de estos sitios.<\/p>\n\n\n\n<p>El acoso incluye: comentarios verbales ofensivos relacionados con el g\u00e9nero, orientaci\u00f3n sexual, raza, religi\u00f3n, discapacidad; uso inapropiado de desnudez y\/o im\u00e1genes sexuales en espacios p\u00fablicos (incluidas diapositivas de presentaci\u00f3n); intimidaci\u00f3n, acecho o seguimiento deliberados; acoso con fotograf\u00edas o grabaciones; interrupci\u00f3n sostenida de las conversaciones y otros eventos; contacto f\u00edsico inapropiado y atenci\u00f3n sexual no deseada.<\/p>\n\n\n\n<h2 class=\"wp-block-heading\">5. Consecuencias de un comportamiento inaceptable<\/h2>\n\n\n\n<p><strong>No se tolerar\u00e1n comportamientos inaceptables<\/strong>, ni por parte de otros asistentes, organizadores, personal del recinto, patrocinadores ni otros usuarios de las instalaciones de WordCamp Gri\u00f1\u00f3n.<\/p>\n\n\n\n<p>Se espera que cualquier persona cumpla inmediatamente si se le pide que detenga un comportamiento inaceptable.<\/p>\n\n\n\n<p>Si un participante tiene un comportamiento inaceptable, los organizadores de la conferencia pueden tomar cualquier medida que consideren apropiada, que puede incluir la expulsi\u00f3n de la conferencia sin previo aviso o un reembolso.<\/p>\n\n\n\n<h2 class=\"wp-block-heading\">6. <strong>\u00bf<\/strong>Qu\u00e9 hacer si eres testigo u objeto de un comportamiento inaceptable?<\/h2>\n\n\n\n<p><strong>Si eres objeto de un comportamiento inaceptable, eres testigo<\/strong> de que otra persona es objeto de un comportamiento inaceptable o tiene otras inquietudes, notifique al organizador de la conferencia lo antes posible.<\/p>\n\n\n\n<p>El equipo de WordCamp Gri\u00f1\u00f3n estar\u00e1 disponible para ayudar a los participantes a ponerse en contacto con la seguridad del lugar o las fuerzas de seguridad locales para ofrecer escolta o ayudar a aquellos que experimenten un comportamiento inaceptable a sentirse seguros durante el evento.<\/p>\n\n\n\n<p>Los voluntarios usar\u00e1n un color o prenda diferente. Cualquier voluntario puede ponerte en contacto con un organizador. Tambi\u00e9n puedes acercarte al mostrador de inscripci\u00f3n especial en la planta baja y preguntar por los organizadores.<\/p>\n\n\n\n<h2 class=\"wp-block-heading\">7. \u00c1mbito de aplicaci\u00f3n<\/h2>\n\n\n\n<p>Esperamos que todos los participantes del evento (patrocinadores, voluntarios, ponentes, asistentes y otros invitados) <strong>respeten este c\u00f3digo de conducta<\/strong> en todas las salas de conferencias y eventos sociales relacionados con las conferencias.<\/p>\n\n\n\n<h2 class=\"wp-block-heading\">8. Informaci\u00f3n de contacto<\/h2>\n\n\n\n<p>Si te ves en la necesidad de contactar con nosotros, en la p\u00e1gina de contacto tienes un formulario para hacerlo.<\/p>\n\n\n\n<h2 class=\"wp-block-heading\">9. Licencia y atribuci\u00f3n<\/h2>\n\n\n\n<p>Este C\u00f3digo de Conducta es una copia directa del impresionante trabajo del <strong>Open Source Bridge<\/strong>, pero reemplazando la informaci\u00f3n por la de nuestro evento.<\/p>\n\n\n\n<p>El original, publicado en http:\/\/opensourcebridge.org\/about\/code-of-conduct\/, ya no est\u00e1 disponible, pero se puede ver en esta imagen de archivo y se ha publicado bajo una licencia<strong> <a href=\"https:\/\/creativecommons.org\/licenses\/by-sa\/3.0\/deed.es\">Creative Commons Attribution-ShareAlike.<\/a><\/strong><\/p>\n","protected":false},"excerpt":{"rendered":"<p>C\u00f3digo de conducta que debes cumplir en WordCamp Gri\u00f1\u00f3n 2024.<\/p>\n","protected":false},"author":14297363,"featured_media":122,"parent":0,"menu_order":0,"comment_status":"closed","ping_status":"closed","template":"wp-custom-template-p-gina-ancho-completo-2024","meta":{"advanced_seo_description":"","jetpack_seo_html_title":"","jetpack_seo_noindex":false,"jetpack_post_was_ever_published":false,"footnotes":""},"class_list":["post-2092","page","type-page","status-publish","has-post-thumbnail","hentry"],"jetpack_sharing_enabled":true,"jetpack-related-posts":[{"id":13,"url":"https:\/\/grinon.wordcamp.org\/2024\/tickets\/","url_meta":{"origin":2092,"position":0},"title":"Comprar Entradas","author":"David Plaza","date":"17\/06\/2024","format":false,"excerpt":"Compra tu entrada para WordCamp Gri\u00f1\u00f3n 2024.","rel":"","context":"Entrada similar","block_context":{"text":"Entrada similar","link":""},"img":{"alt_text":"","src":"https:\/\/i0.wp.com\/grinon.wordcamp.org\/2024\/files\/2024\/05\/entrada-wordcamp-grinon-2024-4.webp?fit=1200%2C613&ssl=1&resize=350%2C200","width":350,"height":200,"srcset":"https:\/\/i0.wp.com\/grinon.wordcamp.org\/2024\/files\/2024\/05\/entrada-wordcamp-grinon-2024-4.webp?fit=1200%2C613&ssl=1&resize=350%2C200 1x, https:\/\/i0.wp.com\/grinon.wordcamp.org\/2024\/files\/2024\/05\/entrada-wordcamp-grinon-2024-4.webp?fit=1200%2C613&ssl=1&resize=525%2C300 1.5x, https:\/\/i0.wp.com\/grinon.wordcamp.org\/2024\/files\/2024\/05\/entrada-wordcamp-grinon-2024-4.webp?fit=1200%2C613&ssl=1&resize=700%2C400 2x, https:\/\/i0.wp.com\/grinon.wordcamp.org\/2024\/files\/2024\/05\/entrada-wordcamp-grinon-2024-4.webp?fit=1200%2C613&ssl=1&resize=1050%2C600 3x"},"classes":[]},{"id":2938,"url":"https:\/\/grinon.wordcamp.org\/2024\/programa-2024\/","url_meta":{"origin":2092,"position":1},"title":"Programa wordcamp gri\u00f1\u00f3n 2024","author":"David Plaza","date":"15\/10\/2024","format":false,"excerpt":"Programa de WordCamp Gri\u00f1\u00f3n 2024","rel":"","context":"Entrada similar","block_context":{"text":"Entrada similar","link":""},"img":{"alt_text":"","src":"https:\/\/i0.wp.com\/grinon.wordcamp.org\/2024\/files\/2024\/05\/cropped-logo-wordcamp-grinon-madrid-ico-2.png?fit=512%2C512&resize=350%2C200#038;ssl=1","width":350,"height":200},"classes":[]},{"id":3504,"url":"https:\/\/grinon.wordcamp.org\/2024\/ubicacion\/","url_meta":{"origin":2092,"position":2},"title":"ubicaci\u00f3n","author":"David Plaza","date":"20\/11\/2024","format":false,"excerpt":"C\u00f3mo llegar a WordCamp Gri\u00f1\u00f3n 2024","rel":"","context":"Entrada similar","block_context":{"text":"Entrada similar","link":""},"img":{"alt_text":"Centro Cultural de Gri\u00f1\u00f3n donde se celebra WordCamp Gri\u00f1\u00f3n","src":"https:\/\/i0.wp.com\/grinon.wordcamp.org\/2024\/files\/2024\/04\/centro-cultural-de-grinon-wordcamp-grinon-2022-1-1024x521-1.webp?fit=1024%2C521&ssl=1&resize=350%2C200","width":350,"height":200,"srcset":"https:\/\/i0.wp.com\/grinon.wordcamp.org\/2024\/files\/2024\/04\/centro-cultural-de-grinon-wordcamp-grinon-2022-1-1024x521-1.webp?fit=1024%2C521&ssl=1&resize=350%2C200 1x, https:\/\/i0.wp.com\/grinon.wordcamp.org\/2024\/files\/2024\/04\/centro-cultural-de-grinon-wordcamp-grinon-2022-1-1024x521-1.webp?fit=1024%2C521&ssl=1&resize=525%2C300 1.5x, https:\/\/i0.wp.com\/grinon.wordcamp.org\/2024\/files\/2024\/04\/centro-cultural-de-grinon-wordcamp-grinon-2022-1-1024x521-1.webp?fit=1024%2C521&ssl=1&resize=700%2C400 2x"},"classes":[]},{"id":283,"url":"https:\/\/grinon.wordcamp.org\/2024\/","url_meta":{"origin":2092,"position":3},"title":"Inicio","author":"flopez1977","date":"06\/04\/2024","format":false,"excerpt":"Si tienes un negocio online, vendes a trav\u00e9s de Internet o te dedicas a crear este tipo de sitios web para tus clientes. WordCamp Gri\u00f1\u00f3n 2024. Enfocada en e-commerce.","rel":"","context":"Entrada similar","block_context":{"text":"Entrada similar","link":""},"img":{"alt_text":"","src":"https:\/\/i0.wp.com\/grinon.wordcamp.org\/2024\/files\/2024\/05\/entrada-wordcamp-grinon-2024-4.webp?fit=1200%2C613&ssl=1&resize=350%2C200","width":350,"height":200,"srcset":"https:\/\/i0.wp.com\/grinon.wordcamp.org\/2024\/files\/2024\/05\/entrada-wordcamp-grinon-2024-4.webp?fit=1200%2C613&ssl=1&resize=350%2C200 1x, https:\/\/i0.wp.com\/grinon.wordcamp.org\/2024\/files\/2024\/05\/entrada-wordcamp-grinon-2024-4.webp?fit=1200%2C613&ssl=1&resize=525%2C300 1.5x, https:\/\/i0.wp.com\/grinon.wordcamp.org\/2024\/files\/2024\/05\/entrada-wordcamp-grinon-2024-4.webp?fit=1200%2C613&ssl=1&resize=700%2C400 2x, https:\/\/i0.wp.com\/grinon.wordcamp.org\/2024\/files\/2024\/05\/entrada-wordcamp-grinon-2024-4.webp?fit=1200%2C613&ssl=1&resize=1050%2C600 3x"},"classes":[]},{"id":1975,"url":"https:\/\/grinon.wordcamp.org\/2024\/patrocinadores\/","url_meta":{"origin":2092,"position":4},"title":"Patrocinadores","author":"flopez1977","date":"18\/06\/2024","format":false,"excerpt":"Patrocinadores de WordCamp Gri\u00f1\u00f3n.","rel":"","context":"Entrada similar","block_context":{"text":"Entrada similar","link":""},"img":{"alt_text":"","src":"https:\/\/i0.wp.com\/grinon.wordcamp.org\/2024\/files\/2024\/05\/cropped-logo-wordcamp-grinon-madrid-ico-2.png?fit=512%2C512&resize=350%2C200#038;ssl=1","width":350,"height":200},"classes":[]},{"id":14,"url":"https:\/\/grinon.wordcamp.org\/2024\/asistentes\/","url_meta":{"origin":2092,"position":5},"title":"Asistentes","author":"David Plaza","date":"05\/05\/2024","format":false,"excerpt":"Listado de asistentes que han comprado su entrada para WordCamp Gri\u00f1\u00f3n y han autorizado aparecer en este listado.","rel":"","context":"Entrada similar","block_context":{"text":"Entrada similar","link":""},"img":{"alt_text":"comida wordcamp grin\u0303on 2022","src":"https:\/\/i0.wp.com\/grinon.wordcamp.org\/2024\/files\/2024\/04\/comida-wordcamp-grinon.webp?fit=1200%2C375&ssl=1&resize=350%2C200","width":350,"height":200,"srcset":"https:\/\/i0.wp.com\/grinon.wordcamp.org\/2024\/files\/2024\/04\/comida-wordcamp-grinon.webp?fit=1200%2C375&ssl=1&resize=350%2C200 1x, https:\/\/i0.wp.com\/grinon.wordcamp.org\/2024\/files\/2024\/04\/comida-wordcamp-grinon.webp?fit=1200%2C375&ssl=1&resize=525%2C300 1.5x, https:\/\/i0.wp.com\/grinon.wordcamp.org\/2024\/files\/2024\/04\/comida-wordcamp-grinon.webp?fit=1200%2C375&ssl=1&resize=700%2C400 2x, https:\/\/i0.wp.com\/grinon.wordcamp.org\/2024\/files\/2024\/04\/comida-wordcamp-grinon.webp?fit=1200%2C375&ssl=1&resize=1050%2C600 3x"},"classes":[]}],"jetpack_shortlink":"https:\/\/wp.me\/PeSE0T-xK","_links":{"self":[{"href":"https:\/\/grinon.wordcamp.org\/2024\/wp-json\/wp\/v2\/pages\/2092","targetHints":{"allow":["GET"]}}],"collection":[{"href":"https:\/\/grinon.wordcamp.org\/2024\/wp-json\/wp\/v2\/pages"}],"about":[{"href":"https:\/\/grinon.wordcamp.org\/2024\/wp-json\/wp\/v2\/types\/page"}],"author":[{"embeddable":true,"href":"https:\/\/grinon.wordcamp.org\/2024\/wp-json\/wp\/v2\/users\/14297363"}],"replies":[{"embeddable":true,"href":"https:\/\/grinon.wordcamp.org\/2024\/wp-json\/wp\/v2\/comments?post=2092"}],"version-history":[{"count":3,"href":"https:\/\/grinon.wordcamp.org\/2024\/wp-json\/wp\/v2\/pages\/2092\/revisions"}],"predecessor-version":[{"id":2221,"href":"https:\/\/grinon.wordcamp.org\/2024\/wp-json\/wp\/v2\/pages\/2092\/revisions\/2221"}],"wp:featuredmedia":[{"embeddable":true,"href":"https:\/\/grinon.wordcamp.org\/2024\/wp-json\/wp\/v2\/media\/122"}],"wp:attachment":[{"href":"https:\/\/grinon.wordcamp.org\/2024\/wp-json\/wp\/v2\/media?parent=2092"}],"curies":[{"name":"wp","href":"https:\/\/api.w.org\/{rel}","templated":true}]}}