{"id":2938,"date":"2024-10-15T18:09:12","date_gmt":"2024-10-15T16:09:12","guid":{"rendered":"https:\/\/grinon.wordcamp.org\/2024\/?page_id=2938"},"modified":"2024-11-14T21:02:28","modified_gmt":"2024-11-14T20:02:28","slug":"programa-2024","status":"publish","type":"page","link":"https:\/\/grinon.wordcamp.org\/2024\/programa-2024\/","title":{"rendered":"Programa wordcamp gri\u00f1\u00f3n 2024"},"content":{"rendered":"\n<h1 class=\"wp-block-heading\">Programa de WordCamp Gri\u00f1\u00f3n 2024<\/h1>\n\n\n\n<p><\/p>\n\n\n\n<div\n\tclass=\"wp-block-wordcamp-schedule alignwide is-loading\"\n\t\tdata-attributes=\"{&quot;__isStylesPreview&quot;:false,&quot;align&quot;:&quot;wide&quot;,&quot;chooseSpecificDays&quot;:false,&quot;chosenDays&quot;:[],&quot;chooseSpecificTracks&quot;:true,&quot;chosenTrackIds&quot;:[62,63,64],&quot;showCategories&quot;:false,&quot;useClientTimezone&quot;:false,&quot;className&quot;:&quot;is-style-default&quot;}\"\n>\n\tCargando\u2026<\/div>\n\n\n\t<div class=\"email-form fav-session-email-form-hide\">\n\t\t<!-- Tab links -->\n\t\t<div class=\"fav-session-share-tab\">\n\t\t\t\t\t\t\t<div class=\"fav-session-tablinks\" id=\"fav-session-btn-email\">\n\t\t\t\t\tCorreo electr\u00f3nico\t\t\t\t<\/div>\n\t\t\t\n\t\t\t<div class=\"fav-session-tablinks\" id=\"fav-session-btn-link\">\n\t\t\t\tEnlace\t\t\t<\/div>\n\n\t\t\t<div class=\"fav-session-tablinks\" id=\"fav-session-btn-print\">\n\t\t\t\tImprimir\t\t\t<\/div>\n\t\t<\/div>\n\n\t\t<!-- Tab content -->\n\t\t\t\t\t<div id=\"fav-session-tab-email\" class=\"fav-session-share-tabcontent\">\n\t\t\t\t<div id=\"fav-session-email-form\">\n\t\t\t\t\tEnv\u00edame mis sesiones favoritas:\n\t\t\t\t\t<form id=\"fav-sessions-form\">\n\t\t\t\t\t\t<input\n\t\t\t\t\t\t\ttype=\"text\"\n\t\t\t\t\t\t\tname=\"email_address\"\n\t\t\t\t\t\t\tid=\"fav-sessions-email-address\"\n\t\t\t\t\t\t\tplaceholder=\"me@protonmail.com\"\n\t\t\t\t\t\t\/>\n\t\t\t\t\t\t<input type=\"submit\" value=\"Enviar\" \/>\n\t\t\t\t\t<\/form>\n\t\t\t\t<\/div>\n\n\t\t\t\t<div class=\"fav-session-email-wait-spinner\"><\/div>\n\t\t\t\t<div class=\"fav-session-email-result\"><\/div>\n\t\t\t<\/div>\n\t\t\n\t\t<div id=\"fav-session-tab-link\" class=\"fav-session-share-tabcontent\">\n\t\t\tEnlace compartible:\t\t\t<br \/>\n\t\t\t<a id=\"fav-sessions-link\" href=\"\"><\/a>\n\t\t<\/div>\n\n\t\t<div id=\"fav-session-tab-print\" class=\"fav-session-share-tabcontent\">\n\t\t\t<button id=\"fav-session-print\">\n\t\t\t\tImprimir sesiones favoritas\t\t\t<\/button>\n\t\t<\/div>\n\t<\/div>\n\n\t<a class=\"show-email-form\" href=\"javascript:\">\n\t\t<span class=\"dashicons dashicons-star-filled\"><\/span>\n\t\t<span class=\"dashicons dashicons-email-alt\"><\/span>\n\t<\/a>\n\n\t\n\n\n<p><\/p>\n\n\n\n<p><\/p>\n","protected":false},"excerpt":{"rendered":"<p>Programa de WordCamp Gri\u00f1\u00f3n 2024<\/p>\n","protected":false},"author":14297363,"featured_media":2012,"parent":0,"menu_order":0,"comment_status":"closed","ping_status":"closed","template":"page-no-title","meta":{"advanced_seo_description":"","jetpack_seo_html_title":"","jetpack_seo_noindex":false,"jetpack_post_was_ever_published":false,"footnotes":""},"class_list":["post-2938","page","type-page","status-publish","has-post-thumbnail","hentry"],"jetpack_sharing_enabled":true,"jetpack-related-posts":[{"id":1975,"url":"https:\/\/grinon.wordcamp.org\/2024\/patrocinadores\/","url_meta":{"origin":2938,"position":0},"title":"Patrocinadores","author":"flopez1977","date":"18\/06\/2024","format":false,"excerpt":"Patrocinadores de WordCamp Gri\u00f1\u00f3n.","rel":"","context":"Entrada similar","block_context":{"text":"Entrada similar","link":""},"img":{"alt_text":"","src":"https:\/\/i0.wp.com\/grinon.wordcamp.org\/2024\/files\/2024\/05\/cropped-logo-wordcamp-grinon-madrid-ico-2.png?fit=512%2C512&resize=350%2C200#038;ssl=1","width":350,"height":200},"classes":[]},{"id":3504,"url":"https:\/\/grinon.wordcamp.org\/2024\/ubicacion\/","url_meta":{"origin":2938,"position":1},"title":"ubicaci\u00f3n","author":"David Plaza","date":"20\/11\/2024","format":false,"excerpt":"C\u00f3mo llegar a WordCamp Gri\u00f1\u00f3n 2024","rel":"","context":"Entrada similar","block_context":{"text":"Entrada similar","link":""},"img":{"alt_text":"Centro Cultural de Gri\u00f1\u00f3n donde se celebra WordCamp Gri\u00f1\u00f3n","src":"https:\/\/i0.wp.com\/grinon.wordcamp.org\/2024\/files\/2024\/04\/centro-cultural-de-grinon-wordcamp-grinon-2022-1-1024x521-1.webp?fit=1024%2C521&ssl=1&resize=350%2C200","width":350,"height":200,"srcset":"https:\/\/i0.wp.com\/grinon.wordcamp.org\/2024\/files\/2024\/04\/centro-cultural-de-grinon-wordcamp-grinon-2022-1-1024x521-1.webp?fit=1024%2C521&ssl=1&resize=350%2C200 1x, https:\/\/i0.wp.com\/grinon.wordcamp.org\/2024\/files\/2024\/04\/centro-cultural-de-grinon-wordcamp-grinon-2022-1-1024x521-1.webp?fit=1024%2C521&ssl=1&resize=525%2C300 1.5x, https:\/\/i0.wp.com\/grinon.wordcamp.org\/2024\/files\/2024\/04\/centro-cultural-de-grinon-wordcamp-grinon-2022-1-1024x521-1.webp?fit=1024%2C521&ssl=1&resize=700%2C400 2x"},"classes":[]},{"id":14,"url":"https:\/\/grinon.wordcamp.org\/2024\/asistentes\/","url_meta":{"origin":2938,"position":2},"title":"Asistentes","author":"David Plaza","date":"05\/05\/2024","format":false,"excerpt":"Listado de asistentes que han comprado su entrada para WordCamp Gri\u00f1\u00f3n y han autorizado aparecer en este listado.","rel":"","context":"Entrada similar","block_context":{"text":"Entrada similar","link":""},"img":{"alt_text":"comida wordcamp grin\u0303on 2022","src":"https:\/\/i0.wp.com\/grinon.wordcamp.org\/2024\/files\/2024\/04\/comida-wordcamp-grinon.webp?fit=1200%2C375&ssl=1&resize=350%2C200","width":350,"height":200,"srcset":"https:\/\/i0.wp.com\/grinon.wordcamp.org\/2024\/files\/2024\/04\/comida-wordcamp-grinon.webp?fit=1200%2C375&ssl=1&resize=350%2C200 1x, https:\/\/i0.wp.com\/grinon.wordcamp.org\/2024\/files\/2024\/04\/comida-wordcamp-grinon.webp?fit=1200%2C375&ssl=1&resize=525%2C300 1.5x, https:\/\/i0.wp.com\/grinon.wordcamp.org\/2024\/files\/2024\/04\/comida-wordcamp-grinon.webp?fit=1200%2C375&ssl=1&resize=700%2C400 2x, https:\/\/i0.wp.com\/grinon.wordcamp.org\/2024\/files\/2024\/04\/comida-wordcamp-grinon.webp?fit=1200%2C375&ssl=1&resize=1050%2C600 3x"},"classes":[]},{"id":17,"url":"https:\/\/grinon.wordcamp.org\/2024\/contacto\/","url_meta":{"origin":2938,"position":3},"title":"Contacto","author":"flopez1977","date":"16\/05\/2024","format":false,"excerpt":"P\u00e1gina para contactar con la organizaci\u00f3n de WordCamp Gri\u00f1\u00f3n 2024.","rel":"","context":"Entrada similar","block_context":{"text":"Entrada similar","link":""},"img":{"alt_text":"","src":"https:\/\/i0.wp.com\/grinon.wordcamp.org\/2024\/files\/2024\/05\/entrada-wordcamp-grinon-2024-4.webp?fit=1200%2C613&ssl=1&resize=350%2C200","width":350,"height":200,"srcset":"https:\/\/i0.wp.com\/grinon.wordcamp.org\/2024\/files\/2024\/05\/entrada-wordcamp-grinon-2024-4.webp?fit=1200%2C613&ssl=1&resize=350%2C200 1x, https:\/\/i0.wp.com\/grinon.wordcamp.org\/2024\/files\/2024\/05\/entrada-wordcamp-grinon-2024-4.webp?fit=1200%2C613&ssl=1&resize=525%2C300 1.5x, https:\/\/i0.wp.com\/grinon.wordcamp.org\/2024\/files\/2024\/05\/entrada-wordcamp-grinon-2024-4.webp?fit=1200%2C613&ssl=1&resize=700%2C400 2x, https:\/\/i0.wp.com\/grinon.wordcamp.org\/2024\/files\/2024\/05\/entrada-wordcamp-grinon-2024-4.webp?fit=1200%2C613&ssl=1&resize=1050%2C600 3x"},"classes":[]},{"id":13,"url":"https:\/\/grinon.wordcamp.org\/2024\/tickets\/","url_meta":{"origin":2938,"position":4},"title":"Comprar Entradas","author":"David Plaza","date":"17\/06\/2024","format":false,"excerpt":"Compra tu entrada para WordCamp Gri\u00f1\u00f3n 2024.","rel":"","context":"Entrada similar","block_context":{"text":"Entrada similar","link":""},"img":{"alt_text":"","src":"https:\/\/i0.wp.com\/grinon.wordcamp.org\/2024\/files\/2024\/05\/entrada-wordcamp-grinon-2024-4.webp?fit=1200%2C613&ssl=1&resize=350%2C200","width":350,"height":200,"srcset":"https:\/\/i0.wp.com\/grinon.wordcamp.org\/2024\/files\/2024\/05\/entrada-wordcamp-grinon-2024-4.webp?fit=1200%2C613&ssl=1&resize=350%2C200 1x, https:\/\/i0.wp.com\/grinon.wordcamp.org\/2024\/files\/2024\/05\/entrada-wordcamp-grinon-2024-4.webp?fit=1200%2C613&ssl=1&resize=525%2C300 1.5x, https:\/\/i0.wp.com\/grinon.wordcamp.org\/2024\/files\/2024\/05\/entrada-wordcamp-grinon-2024-4.webp?fit=1200%2C613&ssl=1&resize=700%2C400 2x, https:\/\/i0.wp.com\/grinon.wordcamp.org\/2024\/files\/2024\/05\/entrada-wordcamp-grinon-2024-4.webp?fit=1200%2C613&ssl=1&resize=1050%2C600 3x"},"classes":[]},{"id":283,"url":"https:\/\/grinon.wordcamp.org\/2024\/","url_meta":{"origin":2938,"position":5},"title":"Inicio","author":"flopez1977","date":"06\/04\/2024","format":false,"excerpt":"Si tienes un negocio online, vendes a trav\u00e9s de Internet o te dedicas a crear este tipo de sitios web para tus clientes. WordCamp Gri\u00f1\u00f3n 2024. Enfocada en e-commerce.","rel":"","context":"Entrada similar","block_context":{"text":"Entrada similar","link":""},"img":{"alt_text":"","src":"https:\/\/i0.wp.com\/grinon.wordcamp.org\/2024\/files\/2024\/05\/entrada-wordcamp-grinon-2024-4.webp?fit=1200%2C613&ssl=1&resize=350%2C200","width":350,"height":200,"srcset":"https:\/\/i0.wp.com\/grinon.wordcamp.org\/2024\/files\/2024\/05\/entrada-wordcamp-grinon-2024-4.webp?fit=1200%2C613&ssl=1&resize=350%2C200 1x, https:\/\/i0.wp.com\/grinon.wordcamp.org\/2024\/files\/2024\/05\/entrada-wordcamp-grinon-2024-4.webp?fit=1200%2C613&ssl=1&resize=525%2C300 1.5x, https:\/\/i0.wp.com\/grinon.wordcamp.org\/2024\/files\/2024\/05\/entrada-wordcamp-grinon-2024-4.webp?fit=1200%2C613&ssl=1&resize=700%2C400 2x, https:\/\/i0.wp.com\/grinon.wordcamp.org\/2024\/files\/2024\/05\/entrada-wordcamp-grinon-2024-4.webp?fit=1200%2C613&ssl=1&resize=1050%2C600 3x"},"classes":[]}],"jetpack_shortlink":"https:\/\/wp.me\/PeSE0T-Lo","_links":{"self":[{"href":"https:\/\/grinon.wordcamp.org\/2024\/wp-json\/wp\/v2\/pages\/2938","targetHints":{"allow":["GET"]}}],"collection":[{"href":"https:\/\/grinon.wordcamp.org\/2024\/wp-json\/wp\/v2\/pages"}],"about":[{"href":"https:\/\/grinon.wordcamp.org\/2024\/wp-json\/wp\/v2\/types\/page"}],"author":[{"embeddable":true,"href":"https:\/\/grinon.wordcamp.org\/2024\/wp-json\/wp\/v2\/users\/14297363"}],"replies":[{"embeddable":true,"href":"https:\/\/grinon.wordcamp.org\/2024\/wp-json\/wp\/v2\/comments?post=2938"}],"version-history":[{"count":8,"href":"https:\/\/grinon.wordcamp.org\/2024\/wp-json\/wp\/v2\/pages\/2938\/revisions"}],"predecessor-version":[{"id":3374,"href":"https:\/\/grinon.wordcamp.org\/2024\/wp-json\/wp\/v2\/pages\/2938\/revisions\/3374"}],"wp:featuredmedia":[{"embeddable":true,"href":"https:\/\/grinon.wordcamp.org\/2024\/wp-json\/wp\/v2\/media\/2012"}],"wp:attachment":[{"href":"https:\/\/grinon.wordcamp.org\/2024\/wp-json\/wp\/v2\/media?parent=2938"}],"curies":[{"name":"wp","href":"https:\/\/api.w.org\/{rel}","templated":true}]}}