{"id":646,"date":"2024-05-05T20:54:07","date_gmt":"2024-05-05T18:54:07","guid":{"rendered":"https:\/\/grinon.wordcamp.org\/2024\/?page_id=646"},"modified":"2024-07-12T17:21:43","modified_gmt":"2024-07-12T15:21:43","slug":"transporte","status":"publish","type":"page","link":"https:\/\/grinon.wordcamp.org\/2024\/transporte\/","title":{"rendered":"Transporte"},"content":{"rendered":"\n<div class=\"wp-block-group alignwide is-vertical is-layout-flex wp-container-core-group-is-layout-a3e3f3e1 wp-block-group-is-layout-flex\" style=\"margin-top:0;margin-bottom:0;padding-right:0;padding-left:0\">\n<h1 class=\"wp-block-heading\">Informaci\u00f3n de TRANSPORTE<\/h1>\n<\/div>\n\n\n\n<div class=\"wp-block-group alignfull has-custom-leyendas-background-color has-background is-vertical is-content-justification-stretch is-layout-flex wp-container-core-group-is-layout-86fa23f1 wp-block-group-is-layout-flex\" id=\"bus-gratis\" style=\"border-radius:24px;padding-top:var(--wp--preset--spacing--20);padding-right:var(--wp--preset--spacing--20);padding-bottom:var(--wp--preset--spacing--20);padding-left:var(--wp--preset--spacing--20)\">\n<h2 class=\"wp-block-heading has-text-align-left is-style-default has-contrast-color has-text-color has-link-color wp-elements-bfac037119f1971efd86a90e3d8c07aa\" style=\"padding-right:var(--wp--preset--spacing--20);padding-left:var(--wp--preset--spacing--20);font-size:clamp(1.837em, 1.837rem + ((1vw - 0.2em) * 2.042), 3.2em);font-style:normal;font-weight:700\">Autobuses gratuitos desde Atocha<\/h2>\n\n\n\n<p>Si pasas de rutas, atascos, sem\u00e1foros y no te apetece buscar aparcamiento, puedes venir en el <strong>servicio gratuito de autobuses<\/strong> que nos proporciona el Ayuntamiento de Gri\u00f1\u00f3n.<\/p>\n\n\n\n<p class=\"has-text-align-left\">Subes en la estaci\u00f3n <a href=\"https:\/\/maps.app.goo.gl\/3StwMudB62aGLaEp8\">Atocha \u2013 Renfe<\/a> (en el centro de Madrid, junto al Bar El Brillante) y te deja en la puerta de la WordCamp.<\/p>\n\n\n\n<div class=\"wp-block-group is-vertical is-content-justification-center is-layout-flex wp-container-core-group-is-layout-ce155fab wp-block-group-is-layout-flex\">\n<figure class=\"wp-block-image alignwide size-large has-custom-border is-style-rounded is-style-rounded--1\"><img data-recalc-dims=\"1\" loading=\"lazy\" decoding=\"async\" width=\"1024\" height=\"475\" src=\"https:\/\/i0.wp.com\/grinon.wordcamp.org\/2024\/files\/2024\/04\/trasnporte.webp?resize=1024%2C475&#038;ssl=1\" alt=\"\" class=\"wp-image-709\" style=\"border-radius:24px\" srcset=\"https:\/\/i0.wp.com\/grinon.wordcamp.org\/2024\/files\/2024\/04\/trasnporte.webp?resize=1024%2C475&amp;ssl=1 1024w, https:\/\/i0.wp.com\/grinon.wordcamp.org\/2024\/files\/2024\/04\/trasnporte.webp?resize=300%2C139&amp;ssl=1 300w, https:\/\/i0.wp.com\/grinon.wordcamp.org\/2024\/files\/2024\/04\/trasnporte.webp?resize=768%2C356&amp;ssl=1 768w, https:\/\/i0.wp.com\/grinon.wordcamp.org\/2024\/files\/2024\/04\/trasnporte.webp?resize=500%2C232&amp;ssl=1 500w, https:\/\/i0.wp.com\/grinon.wordcamp.org\/2024\/files\/2024\/04\/trasnporte.webp?w=1280&amp;ssl=1 1280w\" sizes=\"auto, (max-width: 1000px) 100vw, 1000px\" \/><\/figure>\n<\/div>\n<\/div>\n\n\n\n<div class=\"wp-block-group alignfull has-custom-encabezados-background-color has-background is-vertical is-content-justification-stretch is-layout-flex wp-container-core-group-is-layout-86fa23f1 wp-block-group-is-layout-flex\" id=\"sabado-23\" style=\"border-radius:24px;padding-top:var(--wp--preset--spacing--20);padding-right:var(--wp--preset--spacing--20);padding-bottom:var(--wp--preset--spacing--20);padding-left:var(--wp--preset--spacing--20)\">\n<h2 class=\"wp-block-heading is-style-default has-base-color has-text-color has-link-color wp-elements-8bcfdebd65ed1e02f0013a9cbaeb2729\" style=\"padding-right:var(--wp--preset--spacing--20);padding-left:var(--wp--preset--spacing--20);font-size:clamp(1.837em, 1.837rem + ((1vw - 0.2em) * 2.042), 3.2em);font-style:normal;font-weight:700\">S\u00e1bado 23 de noviembre<\/h2>\n\n\n\n<div class=\"wp-block-media-text alignfull is-stacked-on-mobile has-base-color has-text-color has-link-color wp-elements-9e82eb3e175f7b15a2796a2de061db1e\" style=\"padding-top:0;padding-right:0;padding-bottom:0;padding-left:0;grid-template-columns:46% auto\"><figure class=\"wp-block-media-text__media\"><img data-recalc-dims=\"1\" loading=\"lazy\" decoding=\"async\" width=\"1024\" height=\"616\" src=\"https:\/\/i0.wp.com\/grinon.wordcamp.org\/2024\/files\/2024\/04\/bus-wordcamp-grinon-2024.webp?resize=1024%2C616&#038;ssl=1\" alt=\"\" class=\"wp-image-795 size-full\" srcset=\"https:\/\/i0.wp.com\/grinon.wordcamp.org\/2024\/files\/2024\/04\/bus-wordcamp-grinon-2024.webp?resize=1024%2C616&amp;ssl=1 1024w, https:\/\/i0.wp.com\/grinon.wordcamp.org\/2024\/files\/2024\/04\/bus-wordcamp-grinon-2024.webp?resize=300%2C180&amp;ssl=1 300w, https:\/\/i0.wp.com\/grinon.wordcamp.org\/2024\/files\/2024\/04\/bus-wordcamp-grinon-2024.webp?resize=768%2C462&amp;ssl=1 768w, https:\/\/i0.wp.com\/grinon.wordcamp.org\/2024\/files\/2024\/04\/bus-wordcamp-grinon-2024.webp?resize=500%2C300&amp;ssl=1 500w, https:\/\/i0.wp.com\/grinon.wordcamp.org\/2024\/files\/2024\/04\/bus-wordcamp-grinon-2024.webp?w=1280&amp;ssl=1 1280w\" sizes=\"auto, (max-width: 1000px) 100vw, 1000px\" \/><\/figure><div class=\"wp-block-media-text__content\">\n<p>Te esperamos en el centro cultural de Gri\u00f1\u00f3n. Un espacio privilegiado con distintos ambientes para que puedas disfrutar de conferencias, talleres y mucho networking, a solo <strong>30 minutos<\/strong> del centro de Madrid.<\/p>\n\n\n\n<figure class=\"wp-block-table has-small-font-size\"><table><thead><tr><th><strong>Paradas<\/strong><\/th><th><strong>Horarios<\/strong><\/th><\/tr><\/thead><tbody><tr><td>Salida de Estaci\u00f3n de Atocha Renfe (Madrid), el autob\u00fas estar\u00e1 frente al <a href=\"https:\/\/goo.gl\/maps\/7R4MF4xuQsKdW8X76\" target=\"_blank\" rel=\"noreferrer noopener nofollow\">restaurante El Brillante<\/a><\/td><td>08:00 y 09:00<\/td><\/tr><tr><td>Vuelta de WordCamp Gri\u00f1\u00f3n a Atocha Renfe (Madrid)<\/td><td>19:30  y 23:30 <\/td><\/tr><\/tbody><\/table><\/figure>\n\n\n\n<p>Habr\u00e1 dos horarios <strong>de ida<\/strong>, a las <strong>8:00h<\/strong> para los m\u00e1s madrugadores y a las <strong>9:00h<\/strong>, si te quedas dormido.<\/p>\n\n\n\n<p>Para <strong>la vuelta<\/strong> habr\u00e1 un autob\u00fas a las <strong>19:30h<\/strong>, aunque te recomendamos quedarte a la After Party e irte despu\u00e9s, en el autob\u00fas que sale a las <strong>23:30h.<\/strong><\/p>\n<\/div><\/div>\n<\/div>\n\n\n\n<div class=\"wp-block-group alignfull has-custom-leyendas-background-color has-background is-vertical is-content-justification-stretch is-layout-flex wp-container-core-group-is-layout-86fa23f1 wp-block-group-is-layout-flex\" id=\"como-llegar\" style=\"border-radius:24px;padding-top:var(--wp--preset--spacing--20);padding-right:var(--wp--preset--spacing--20);padding-bottom:var(--wp--preset--spacing--20);padding-left:var(--wp--preset--spacing--20)\">\n<h2 class=\"wp-block-heading has-text-align-left is-style-default has-contrast-color has-text-color has-link-color wp-elements-567777e1877a43e414e84af3468b3d3a\" style=\"padding-right:var(--wp--preset--spacing--20);padding-left:var(--wp--preset--spacing--20);font-size:clamp(1.837em, 1.837rem + ((1vw - 0.2em) * 2.042), 3.2em);font-style:normal;font-weight:700\">\u00bfC\u00f3mo llegar EN COCHE?<\/h2>\n\n\n\n<div class=\"wp-block-columns is-layout-flex wp-container-core-columns-is-layout-28f84493 wp-block-columns-is-layout-flex\">\n<div class=\"wp-block-column is-layout-flow wp-block-column-is-layout-flow\" style=\"flex-basis:33.33%\">\n<figure class=\"wp-block-image size-full has-custom-border\"><img data-recalc-dims=\"1\" loading=\"lazy\" decoding=\"async\" width=\"515\" height=\"515\" src=\"https:\/\/i0.wp.com\/grinon.wordcamp.org\/2024\/files\/2024\/04\/mapa-grinon-wordcamp.gif?resize=515%2C515&#038;ssl=1\" alt=\"\" class=\"wp-image-815\" style=\"border-radius:24px\" \/><\/figure>\n<\/div>\n\n\n\n<div class=\"wp-block-column is-layout-flow wp-block-column-is-layout-flow\" style=\"flex-basis:66.66%\">\n<p>El municipio tiene salida directa a:<\/p>\n\n\n\n<ul class=\"wp-block-list\">\n<li><strong>Autov\u00eda M407:<\/strong> conecta con la M50.<\/li>\n\n\n\n<li><strong>M-405:<\/strong> discurre de Gri\u00f1\u00f3n a Fuenlabrada, atravesando Humanes de Madrid.<\/li>\n\n\n\n<li><strong>M-410:<\/strong> une Arroyomolinos y Parla.<\/li>\n\n\n\n<li><strong>M-417:<\/strong> va de Gri\u00f1\u00f3n a Casarrubuelos por Cubas de la Sagra y conecta con la A-42.<\/li>\n\n\n\n<li><strong>M-415:<\/strong> conecta el municipio con Illescas (Toledo).<\/li>\n\n\n\n<li><strong>M-404:<\/strong> enlaza todo el extremo sur de Madrid, entre Navalcarnero y Villarejo de Salvan\u00e9s, y conecta Gri\u00f1\u00f3n con las autov\u00edas A-4 (Andaluc\u00eda), A-5 (Extremadura) y A-42 (Toledo).<\/li>\n<\/ul>\n<\/div>\n<\/div>\n<\/div>\n\n\n\n<div class=\"wp-block-group alignfull has-base-color has-custom-encabezados-background-color has-text-color has-background has-link-color wp-elements-6ddd0d37b1ae5c8485d30039f7b903d4 is-vertical is-content-justification-stretch is-layout-flex wp-container-core-group-is-layout-86fa23f1 wp-block-group-is-layout-flex\" id=\"aparcamiento\" style=\"border-radius:24px;padding-top:var(--wp--preset--spacing--20);padding-right:var(--wp--preset--spacing--20);padding-bottom:var(--wp--preset--spacing--20);padding-left:var(--wp--preset--spacing--20)\">\n<h2 class=\"wp-block-heading is-style-default has-base-color has-text-color has-link-color wp-elements-7411afea17612d2e9d87729ae3cae6a6\" style=\"padding-right:var(--wp--preset--spacing--20);padding-left:var(--wp--preset--spacing--20);font-size:clamp(1.837em, 1.837rem + ((1vw - 0.2em) * 2.042), 3.2em);font-style:normal;font-weight:700\">APARCAMIENTO<\/h2>\n\n\n\n<p>Si decides venir en coche, dispones de&nbsp;<strong>varias zonas de aparcamiento gratuito<\/strong>, distribuidas por el pueblo.<\/p>\n\n\n\n<div class=\"wp-block-group alignwide has-base-color has-text-color has-link-color wp-elements-2b87710419aeb1dae03026dbac0984d7 is-vertical is-content-justification-left is-layout-flex wp-container-core-group-is-layout-0c39fd5e wp-block-group-is-layout-flex\">\n<div class=\"wp-block-columns is-layout-flex wp-container-core-columns-is-layout-28f84493 wp-block-columns-is-layout-flex\">\n<div class=\"wp-block-column is-vertically-aligned-center is-layout-flow wp-block-column-is-layout-flow\">\n<p>Y si no encuentras sitio libre y no te importa dar un paseo por Gri\u00f1\u00f3n de no m\u00e1s de <strong>10 minutos<\/strong>, tambi\u00e9n puedes aparcar en:<\/p>\n\n\n\n<div class=\"wp-block-buttons is-layout-flex wp-block-buttons-is-layout-flex\" style=\"margin-top:var(--wp--preset--spacing--20)\">\n<div class=\"wp-block-button is-style-fill\"><a class=\"wp-block-button__link wp-element-button\" href=\"#mas-aparcamientos\">M\u00e1s aparcamientos<\/a><\/div>\n<\/div>\n<\/div>\n<\/div>\n\n\n\n<div class=\"wp-block-columns is-layout-flex wp-container-core-columns-is-layout-65e523f9 wp-block-columns-is-layout-flex\">\n<div class=\"wp-block-column is-vertically-aligned-center is-layout-flow wp-block-column-is-layout-flow\" style=\"flex-basis:50%\">\n<h3 class=\"wp-block-heading has-text-align-left has-base-color has-text-color has-link-color wp-elements-2335c86037e64d6b4fd93e60bfc684bd\" style=\"font-size:clamp(2.066em, 2.066rem + ((1vw - 0.2em) * 2.448), 3.7em);\">APARCAMIENTO PLAZA DE LAS COLIFLORES<\/h3>\n\n\n\n<p>Calle&nbsp;Fuente de la Salud 3,&nbsp;28971, (entrada por Calle Miguel Hern\u00e1ndez)<\/p>\n<\/div>\n\n\n\n<div class=\"wp-block-column is-layout-flow wp-block-column-is-layout-flow\" style=\"padding-right:0;padding-left:0\">\n<figure class=\"wp-block-image size-full has-custom-border\"><a href=\"https:\/\/goo.gl\/maps\/sC17xKErBSopzpMx5\" target=\"_blank\" rel=\"noreferrer noopener\"><img data-recalc-dims=\"1\" loading=\"lazy\" decoding=\"async\" width=\"515\" height=\"515\" src=\"https:\/\/i0.wp.com\/grinon.wordcamp.org\/2024\/files\/2024\/04\/aparcamiento-calle-fuente-de-la-salud-3.gif?resize=515%2C515&#038;ssl=1\" alt=\"\" class=\"wp-image-825\" style=\"border-radius:24px\" \/><\/a><\/figure>\n<\/div>\n<\/div>\n\n\n\n<div class=\"wp-block-columns is-layout-flex wp-container-core-columns-is-layout-67b9e5b1 wp-block-columns-is-layout-flex\" style=\"padding-top:var(--wp--preset--spacing--20)\">\n<div class=\"wp-block-column is-layout-flow wp-block-column-is-layout-flow\" style=\"padding-right:0;padding-left:0em\">\n<figure class=\"wp-block-image size-full has-custom-border\"><a href=\"https:\/\/goo.gl\/maps\/gB8oKAmBcqEVijfK7\" target=\"_blank\" rel=\"noreferrer noopener\"><img data-recalc-dims=\"1\" loading=\"lazy\" decoding=\"async\" width=\"515\" height=\"515\" src=\"https:\/\/i0.wp.com\/grinon.wordcamp.org\/2024\/files\/2024\/04\/apacamiento-calle-de-la-ermita-20.gif?resize=515%2C515&#038;ssl=1\" alt=\"\" class=\"wp-image-826\" style=\"border-radius:24px\" \/><\/a><\/figure>\n<\/div>\n\n\n\n<div class=\"wp-block-column is-vertically-aligned-center is-layout-flow wp-block-column-is-layout-flow\">\n<h3 class=\"wp-block-heading has-text-align-left has-base-color has-text-color has-link-color wp-elements-3c92c3fdf6a888a6b738c427d341927e\" style=\"font-size:clamp(2.066em, 2.066rem + ((1vw - 0.2em) * 2.448), 3.7em);\">APARCAMIENTO ESCUELA INFANTIL<\/h3>\n\n\n\n<p>Calle de la&nbsp;Ermita 20&nbsp;(detr\u00e1s del complejo deportivo \u2013 cultural)<\/p>\n<\/div>\n<\/div>\n<\/div>\n\n\n\n<div class=\"wp-block-group alignwide is-vertical is-content-justification-stretch is-layout-flex wp-container-core-group-is-layout-353c4f5a wp-block-group-is-layout-flex\">\n<h2 class=\"wp-block-heading has-text-align-left is-style-default has-base-color has-text-color has-link-color wp-elements-a77e6958bc1f5f4fc5819fb467ae61d7\" id=\"mas-aparcamientos\" style=\"font-size:clamp(2.2em, 2.2rem + ((1vw - 0.2em) * 2.697), 4em);\">M\u00c1S Aparcamientos<\/h2>\n\n\n\n<div class=\"wp-block-group is-vertical is-content-justification-center is-layout-flex wp-container-core-group-is-layout-6363bf74 wp-block-group-is-layout-flex\">\n<div class=\"wp-block-columns are-vertically-aligned-center is-layout-flex wp-container-core-columns-is-layout-65e523f9 wp-block-columns-is-layout-flex\">\n<div class=\"wp-block-column is-vertically-aligned-center is-layout-flow wp-block-column-is-layout-flow\" style=\"flex-basis:50%\">\n<p>Paseo de la Mina 5<\/p>\n\n\n\n<div style=\"height:47px\" aria-hidden=\"true\" class=\"wp-block-spacer\"><\/div>\n\n\n\n<figure class=\"wp-block-image size-full has-custom-border\"><a href=\"https:\/\/goo.gl\/maps\/VbXRiPgtYALfRmST7\" target=\"_blank\" rel=\"noreferrer noopener\"><img data-recalc-dims=\"1\" loading=\"lazy\" decoding=\"async\" width=\"515\" height=\"515\" src=\"https:\/\/i0.wp.com\/grinon.wordcamp.org\/2024\/files\/2024\/04\/apacamiento-calle-paseo-de-la-mina-5.gif?resize=515%2C515&#038;ssl=1\" alt=\"\" class=\"wp-image-841\" style=\"border-radius:24px;object-fit:cover\" \/><\/a><\/figure>\n<\/div>\n\n\n\n<div class=\"wp-block-column is-vertically-aligned-center is-layout-flow wp-block-column-is-layout-flow\" style=\"flex-basis:50%\">\n<p>Parking Municipal C\/Mayor <\/p>\n\n\n\n<div style=\"height:47px\" aria-hidden=\"true\" class=\"wp-block-spacer\"><\/div>\n\n\n\n<figure class=\"wp-block-image size-full has-custom-border\"><a href=\"https:\/\/goo.gl\/maps\/x3ShRqQ4PtncHasN8\" target=\"_blank\" rel=\"noreferrer noopener\"><img data-recalc-dims=\"1\" loading=\"lazy\" decoding=\"async\" width=\"515\" height=\"515\" src=\"https:\/\/i0.wp.com\/grinon.wordcamp.org\/2024\/files\/2024\/04\/parking-municipal-calle-mayor.gif?resize=515%2C515&#038;ssl=1\" alt=\"\" class=\"wp-image-843\" style=\"border-radius:24px\" \/><\/a><\/figure>\n<\/div>\n<\/div>\n<\/div>\n<\/div>\n<\/div>\n\n\n\n<div class=\"wp-block-group alignfull has-custom-leyendas-background-color has-background is-vertical is-content-justification-stretch is-layout-flex wp-container-core-group-is-layout-86fa23f1 wp-block-group-is-layout-flex\" id=\"transporte-publico\" style=\"border-radius:24px;padding-top:var(--wp--preset--spacing--20);padding-right:var(--wp--preset--spacing--20);padding-bottom:var(--wp--preset--spacing--20);padding-left:var(--wp--preset--spacing--20)\">\n<h2 class=\"wp-block-heading has-text-align-left is-style-default has-contrast-color has-text-color has-link-color wp-elements-5904066c68af8c8803bcc98667752a37\" style=\"padding-right:var(--wp--preset--spacing--20);padding-left:var(--wp--preset--spacing--20);font-size:clamp(1.837em, 1.837rem + ((1vw - 0.2em) * 2.042), 3.2em);font-style:normal;font-weight:700\">Transporte P\u00fablico<\/h2>\n\n\n\n<div class=\"wp-block-columns is-layout-flex wp-container-core-columns-is-layout-28f84493 wp-block-columns-is-layout-flex\">\n<div class=\"wp-block-column is-layout-flow wp-block-column-is-layout-flow\" style=\"flex-basis:33.33%\">\n<figure class=\"wp-block-image size-full\"><img data-recalc-dims=\"1\" loading=\"lazy\" decoding=\"async\" width=\"985\" height=\"768\" src=\"https:\/\/i0.wp.com\/grinon.wordcamp.org\/2024\/files\/2024\/04\/consorcio-regional-de-transportes-de-madrid.webp?resize=985%2C768&#038;ssl=1\" alt=\"Logotipo de consorcio de transportes de Madrid\" class=\"wp-image-846\" srcset=\"https:\/\/i0.wp.com\/grinon.wordcamp.org\/2024\/files\/2024\/04\/consorcio-regional-de-transportes-de-madrid.webp?w=985&amp;ssl=1 985w, https:\/\/i0.wp.com\/grinon.wordcamp.org\/2024\/files\/2024\/04\/consorcio-regional-de-transportes-de-madrid.webp?resize=300%2C234&amp;ssl=1 300w, https:\/\/i0.wp.com\/grinon.wordcamp.org\/2024\/files\/2024\/04\/consorcio-regional-de-transportes-de-madrid.webp?resize=768%2C599&amp;ssl=1 768w, https:\/\/i0.wp.com\/grinon.wordcamp.org\/2024\/files\/2024\/04\/consorcio-regional-de-transportes-de-madrid.webp?resize=385%2C300&amp;ssl=1 385w\" sizes=\"auto, (max-width: 985px) 100vw, 985px\" \/><figcaption class=\"wp-element-caption\">Logotipo de consorcio de transportes de Madrid<\/figcaption><\/figure>\n<\/div>\n\n\n\n<div class=\"wp-block-column is-layout-flow wp-block-column-is-layout-flow\" style=\"flex-basis:66.66%\">\n<p>Y si, por ubicaci\u00f3n o por horario prefieres otra opci\u00f3n, tambi\u00e9n puedes llegar en&nbsp;<strong>transporte p\u00fablico<\/strong>:<\/p>\n\n\n\n<ul class=\"wp-block-list\">\n<li><a href=\"https:\/\/www.crtm.es\/tu-transporte-publico\/autobuses-interurbanos\/lineas\/8__460___.aspx\">L\u00ednea 460<\/a>: Madrid (Plaza El\u00edptica) \u2013 Parla \u2013 Batres (puedes llegar hasta Parla con la l\u00ednea <a href=\"https:\/\/www.crtm.es\/tu-transporte-publico\/cercanias-renfe\/lineas\/5__3___\">C3<\/a> de Renfe \u2013 Cercan\u00edas).<\/li>\n\n\n\n<li><a href=\"https:\/\/www.crtm.es\/tu-transporte-publico\/autobuses-interurbanos\/lineas\/8__468___.aspx\">L\u00ednea 468<\/a>: Getafe \u2013 Gri\u00f1\u00f3n \u2013 Casarrubuelos \u2013 Serranillos del Valle (puedes llegar hasta Humanes de Madrid con la l\u00ednea <a href=\"https:\/\/www.crtm.es\/tu-transporte-publico\/cercanias-renfe\/lineas\/5__5___\">C5<\/a> de Renfe \u2013 Cercan\u00edas).<\/li>\n\n\n\n<li><a href=\"https:\/\/www.crtm.es\/tu-transporte-publico\/autobuses-interurbanos\/lineas\/8_n_807___.aspx\">L\u00ednea noctura N-807<\/a>: Madrid (Atocha) \u2013 Getafe \u2013 Humanes de Madrid \u2013 Gri\u00f1\u00f3n<\/li>\n\n\n\n<li>Existe el cercan\u00edas de Renfe l\u00ednea <a href=\"https:\/\/www.crtm.es\/tu-transporte-publico\/cercanias-renfe\/lineas\/5__5___\">C5<\/a> que te lleva directo desde Atocha hasta \u201cHumanes de Madrid\u201d. Hay puedes coger las l\u00edneas de autobuses <a href=\"https:\/\/www.crtm.es\/tu-transporte-publico\/autobuses-interurbanos\/lineas\/8__460___.aspx\">460<\/a> y <a href=\"https:\/\/www.crtm.es\/tu-transporte-publico\/autobuses-interurbanos\/lineas\/8__468___.aspx\">468<\/a> y en 5 minutos estar\u00e1s en Gri\u00f1\u00f3n, donde deberas bajar en la \u201cPlaza de las Coliflores\u201d tienes las foto de la parada en la cabecera de esta misma p\u00e1gina.&nbsp;<\/li>\n<\/ul>\n<\/div>\n<\/div>\n<\/div>\n","protected":false},"excerpt":{"rendered":"<p>Informaci\u00f3n de c\u00f3mo llegar a WordCamp Gri\u00f1\u00f3n 2024<\/p>\n","protected":false},"author":14297363,"featured_media":795,"parent":0,"menu_order":0,"comment_status":"closed","ping_status":"closed","template":"page-no-title","meta":{"advanced_seo_description":"Autob\u00fas gratuito desde Madrid cerca de la estaci\u00f3n de Atocha e informaci\u00f3n de c\u00f3mo llegar en transporte p\u00fablico, en coche y aparcamientos cercanos.","jetpack_seo_html_title":"C\u00f3mo llegar y Aparcar - WordCamp Gri\u00f1\u00f3n 2024","jetpack_seo_noindex":false,"jetpack_post_was_ever_published":false,"footnotes":""},"class_list":["post-646","page","type-page","status-publish","has-post-thumbnail","hentry"],"jetpack_sharing_enabled":true,"jetpack-related-posts":[{"id":3504,"url":"https:\/\/grinon.wordcamp.org\/2024\/ubicacion\/","url_meta":{"origin":646,"position":0},"title":"ubicaci\u00f3n","author":"David Plaza","date":"20\/11\/2024","format":false,"excerpt":"C\u00f3mo llegar a WordCamp Gri\u00f1\u00f3n 2024","rel":"","context":"Entrada similar","block_context":{"text":"Entrada similar","link":""},"img":{"alt_text":"Centro Cultural de Gri\u00f1\u00f3n donde se celebra WordCamp Gri\u00f1\u00f3n","src":"https:\/\/i0.wp.com\/grinon.wordcamp.org\/2024\/files\/2024\/04\/centro-cultural-de-grinon-wordcamp-grinon-2022-1-1024x521-1.webp?fit=1024%2C521&ssl=1&resize=350%2C200","width":350,"height":200,"srcset":"https:\/\/i0.wp.com\/grinon.wordcamp.org\/2024\/files\/2024\/04\/centro-cultural-de-grinon-wordcamp-grinon-2022-1-1024x521-1.webp?fit=1024%2C521&ssl=1&resize=350%2C200 1x, https:\/\/i0.wp.com\/grinon.wordcamp.org\/2024\/files\/2024\/04\/centro-cultural-de-grinon-wordcamp-grinon-2022-1-1024x521-1.webp?fit=1024%2C521&ssl=1&resize=525%2C300 1.5x, https:\/\/i0.wp.com\/grinon.wordcamp.org\/2024\/files\/2024\/04\/centro-cultural-de-grinon-wordcamp-grinon-2022-1-1024x521-1.webp?fit=1024%2C521&ssl=1&resize=700%2C400 2x"},"classes":[]},{"id":648,"url":"https:\/\/grinon.wordcamp.org\/2024\/dormir\/","url_meta":{"origin":646,"position":1},"title":"alojamiento","author":"freelancesgroup","date":"07\/04\/2024","format":false,"excerpt":"Informaci\u00f3n de alojamientos cercanos a WordCamp Gri\u00f1\u00f3n 2024","rel":"","context":"Entrada similar","block_context":{"text":"Entrada similar","link":""},"img":{"alt_text":"","src":"https:\/\/i0.wp.com\/grinon.wordcamp.org\/2024\/files\/2024\/05\/entrada-wordcamp-grinon-2024-4.webp?fit=1200%2C613&ssl=1&resize=350%2C200","width":350,"height":200,"srcset":"https:\/\/i0.wp.com\/grinon.wordcamp.org\/2024\/files\/2024\/05\/entrada-wordcamp-grinon-2024-4.webp?fit=1200%2C613&ssl=1&resize=350%2C200 1x, https:\/\/i0.wp.com\/grinon.wordcamp.org\/2024\/files\/2024\/05\/entrada-wordcamp-grinon-2024-4.webp?fit=1200%2C613&ssl=1&resize=525%2C300 1.5x, https:\/\/i0.wp.com\/grinon.wordcamp.org\/2024\/files\/2024\/05\/entrada-wordcamp-grinon-2024-4.webp?fit=1200%2C613&ssl=1&resize=700%2C400 2x, https:\/\/i0.wp.com\/grinon.wordcamp.org\/2024\/files\/2024\/05\/entrada-wordcamp-grinon-2024-4.webp?fit=1200%2C613&ssl=1&resize=1050%2C600 3x"},"classes":[]},{"id":1975,"url":"https:\/\/grinon.wordcamp.org\/2024\/patrocinadores\/","url_meta":{"origin":646,"position":2},"title":"Patrocinadores","author":"flopez1977","date":"18\/06\/2024","format":false,"excerpt":"Patrocinadores de WordCamp Gri\u00f1\u00f3n.","rel":"","context":"Entrada similar","block_context":{"text":"Entrada similar","link":""},"img":{"alt_text":"","src":"https:\/\/i0.wp.com\/grinon.wordcamp.org\/2024\/files\/2024\/05\/cropped-logo-wordcamp-grinon-madrid-ico-2.png?fit=512%2C512&resize=350%2C200#038;ssl=1","width":350,"height":200},"classes":[]},{"id":2938,"url":"https:\/\/grinon.wordcamp.org\/2024\/programa-2024\/","url_meta":{"origin":646,"position":3},"title":"Programa wordcamp gri\u00f1\u00f3n 2024","author":"David Plaza","date":"15\/10\/2024","format":false,"excerpt":"Programa de WordCamp Gri\u00f1\u00f3n 2024","rel":"","context":"Entrada similar","block_context":{"text":"Entrada similar","link":""},"img":{"alt_text":"","src":"https:\/\/i0.wp.com\/grinon.wordcamp.org\/2024\/files\/2024\/05\/cropped-logo-wordcamp-grinon-madrid-ico-2.png?fit=512%2C512&resize=350%2C200#038;ssl=1","width":350,"height":200},"classes":[]},{"id":13,"url":"https:\/\/grinon.wordcamp.org\/2024\/tickets\/","url_meta":{"origin":646,"position":4},"title":"Comprar Entradas","author":"David Plaza","date":"17\/06\/2024","format":false,"excerpt":"Compra tu entrada para WordCamp Gri\u00f1\u00f3n 2024.","rel":"","context":"Entrada similar","block_context":{"text":"Entrada similar","link":""},"img":{"alt_text":"","src":"https:\/\/i0.wp.com\/grinon.wordcamp.org\/2024\/files\/2024\/05\/entrada-wordcamp-grinon-2024-4.webp?fit=1200%2C613&ssl=1&resize=350%2C200","width":350,"height":200,"srcset":"https:\/\/i0.wp.com\/grinon.wordcamp.org\/2024\/files\/2024\/05\/entrada-wordcamp-grinon-2024-4.webp?fit=1200%2C613&ssl=1&resize=350%2C200 1x, https:\/\/i0.wp.com\/grinon.wordcamp.org\/2024\/files\/2024\/05\/entrada-wordcamp-grinon-2024-4.webp?fit=1200%2C613&ssl=1&resize=525%2C300 1.5x, https:\/\/i0.wp.com\/grinon.wordcamp.org\/2024\/files\/2024\/05\/entrada-wordcamp-grinon-2024-4.webp?fit=1200%2C613&ssl=1&resize=700%2C400 2x, https:\/\/i0.wp.com\/grinon.wordcamp.org\/2024\/files\/2024\/05\/entrada-wordcamp-grinon-2024-4.webp?fit=1200%2C613&ssl=1&resize=1050%2C600 3x"},"classes":[]},{"id":2092,"url":"https:\/\/grinon.wordcamp.org\/2024\/codigo-de-conducta\/","url_meta":{"origin":646,"position":5},"title":"C\u00f3digo de conducta","author":"David Plaza","date":"16\/06\/2024","format":false,"excerpt":"C\u00f3digo de conducta que debes cumplir en WordCamp Gri\u00f1\u00f3n 2024.","rel":"","context":"Entrada similar","block_context":{"text":"Entrada similar","link":""},"img":{"alt_text":"","src":"https:\/\/i0.wp.com\/grinon.wordcamp.org\/2024\/files\/2024\/05\/cropped-logo-wordcamp-grinon-madrid-ico-2.png?fit=512%2C512&resize=350%2C200#038;ssl=1","width":350,"height":200},"classes":[]}],"jetpack_shortlink":"https:\/\/wp.me\/PeSE0T-aq","_links":{"self":[{"href":"https:\/\/grinon.wordcamp.org\/2024\/wp-json\/wp\/v2\/pages\/646","targetHints":{"allow":["GET"]}}],"collection":[{"href":"https:\/\/grinon.wordcamp.org\/2024\/wp-json\/wp\/v2\/pages"}],"about":[{"href":"https:\/\/grinon.wordcamp.org\/2024\/wp-json\/wp\/v2\/types\/page"}],"author":[{"embeddable":true,"href":"https:\/\/grinon.wordcamp.org\/2024\/wp-json\/wp\/v2\/users\/14297363"}],"replies":[{"embeddable":true,"href":"https:\/\/grinon.wordcamp.org\/2024\/wp-json\/wp\/v2\/comments?post=646"}],"version-history":[{"count":82,"href":"https:\/\/grinon.wordcamp.org\/2024\/wp-json\/wp\/v2\/pages\/646\/revisions"}],"predecessor-version":[{"id":2449,"href":"https:\/\/grinon.wordcamp.org\/2024\/wp-json\/wp\/v2\/pages\/646\/revisions\/2449"}],"wp:featuredmedia":[{"embeddable":true,"href":"https:\/\/grinon.wordcamp.org\/2024\/wp-json\/wp\/v2\/media\/795"}],"wp:attachment":[{"href":"https:\/\/grinon.wordcamp.org\/2024\/wp-json\/wp\/v2\/media?parent=646"}],"curies":[{"name":"wp","href":"https:\/\/api.w.org\/{rel}","templated":true}]}}