{"id":648,"date":"2024-04-07T11:04:04","date_gmt":"2024-04-07T09:04:04","guid":{"rendered":"https:\/\/grinon.wordcamp.org\/2024\/?page_id=648"},"modified":"2024-05-05T21:42:45","modified_gmt":"2024-05-05T19:42:45","slug":"dormir","status":"publish","type":"page","link":"https:\/\/grinon.wordcamp.org\/2024\/dormir\/","title":{"rendered":"alojamiento"},"content":{"rendered":"\n<div class=\"wp-block-group alignwide is-vertical is-layout-flex wp-container-core-group-is-layout-a3e3f3e1 wp-block-group-is-layout-flex\" style=\"margin-top:0;margin-bottom:0;padding-right:0;padding-left:0\">\n<h1 class=\"wp-block-heading\">informaci\u00f3n de alojamientos<\/h1>\n<\/div>\n\n\n\n<div class=\"wp-block-group alignfull has-custom-leyendas-background-color has-background is-vertical is-content-justification-stretch is-layout-flex wp-container-core-group-is-layout-86fa23f1 wp-block-group-is-layout-flex\" id=\"bus-gratis\" style=\"border-radius:24px;padding-top:var(--wp--preset--spacing--20);padding-right:var(--wp--preset--spacing--20);padding-bottom:var(--wp--preset--spacing--20);padding-left:var(--wp--preset--spacing--20)\">\n<h3 class=\"wp-block-heading has-text-align-left is-style-default has-contrast-color has-text-color has-link-color wp-elements-a5f7b3d071d7c4a8547004a3874bf6c1\" style=\"padding-right:var(--wp--preset--spacing--20);padding-left:var(--wp--preset--spacing--20);font-size:clamp(1.837em, 1.837rem + ((1vw - 0.2em) * 2.042), 3.2em);font-style:normal;font-weight:700\">alojamiento en madrid<\/h3>\n\n\n\n<p>Puedes tomarte este fin de semana como una peque\u00f1a escapada para relajarte al suroeste de Madrid.<\/p>\n\n\n\n<p>Pero si quieres aprovechar para hacer turismo por la capital o por el resto de la regi\u00f3n, aqu\u00ed tienes un mont\u00f3n de opciones m\u00e1s donde dormir.<\/p>\n\n\n\n<div class=\"wp-block-buttons is-content-justification-center is-nowrap is-layout-flex wp-container-core-buttons-is-layout-19b171d3 wp-block-buttons-is-layout-flex\">\n<div class=\"wp-block-button is-style-fill\"><a class=\"wp-block-button__link has-base-color has-custom-iconos-background-color has-text-color has-background has-link-color wp-element-button\" href=\"https:\/\/www.booking.com\/searchresults.es.html?ss=Gri%C3%B1%C3%B3n&amp;ssne=Gri%C3%B1%C3%B3n&amp;ssne_untouched=Gri%C3%B1%C3%B3n&amp;highlighted_hotels=1645164&amp;efdco=1&amp;label=metagha-link-LUES-hotel-1645164_dev-desktop_los-2_bw-94_dow-Friday_defdate-0_room-0_gstadt-2_rateid-0_aud-0_gacid-14531995631_mcid-10_ppa-1_clrid-0_ad-1_gstkid-0_checkin-20221118__lp-20282_r-18735357912110807023&amp;sid=aa58615d1e71bf24f5697a8162588b36&amp;aid=356935&amp;lang=es&amp;sb=1&amp;src_elem=sb&amp;src=searchresults&amp;dest_id=-384520&amp;dest_type=city&amp;checkin=2024-11-22&amp;checkout=2024-11-24&amp;group_adults=2&amp;no_rooms=1&amp;group_children=0#map_closed\" target=\"_blank\" rel=\"noreferrer noopener\">Otras opciones para dormir<\/a><\/div>\n<\/div>\n<\/div>\n\n\n\n<h2 class=\"wp-block-heading\" style=\"font-size:clamp(1.976em, 1.976rem + ((1vw - 0.2em) * 2.283), 3.5em);\">alojamientos CERCANOS a la WordCamp<\/h2>\n\n\n\n<div class=\"wp-block-media-text alignfull is-stacked-on-mobile is-vertically-aligned-center is-style-default grid-interior has-base-color has-custom-encabezados-background-color has-text-color has-background has-link-color wp-elements-a115f2c8b58f789b64a56240989bf66f\" style=\"grid-template-columns:56% auto\"><figure class=\"wp-block-media-text__media\"><img data-recalc-dims=\"1\" loading=\"lazy\" decoding=\"async\" width=\"550\" height=\"350\" src=\"https:\/\/i0.wp.com\/grinon.wordcamp.org\/2024\/files\/2024\/04\/hotel-vivar-general.webp?resize=550%2C350&#038;ssl=1\" alt=\"\" class=\"wp-image-721 size-full\" srcset=\"https:\/\/i0.wp.com\/grinon.wordcamp.org\/2024\/files\/2024\/04\/hotel-vivar-general.webp?w=550&amp;ssl=1 550w, https:\/\/i0.wp.com\/grinon.wordcamp.org\/2024\/files\/2024\/04\/hotel-vivar-general.webp?resize=300%2C191&amp;ssl=1 300w, https:\/\/i0.wp.com\/grinon.wordcamp.org\/2024\/files\/2024\/04\/hotel-vivar-general.webp?resize=471%2C300&amp;ssl=1 471w\" sizes=\"auto, (max-width: 550px) 100vw, 550px\" \/><\/figure><div class=\"wp-block-media-text__content\">\n<h3 class=\"wp-block-heading has-text-align-left is-style-default has-base-color has-text-color has-link-color wp-elements-f7752b694e5a9797276fe77a7a9e9fb9\" style=\"font-size:clamp(1.743em, 1.743rem + ((1vw - 0.2em) * 1.883), 3em);font-style:normal;font-weight:900\">Hotel Vivar Restaurante<\/h3>\n\n\n\n<p>Un hotelito familiar donde te sentir\u00e1s como en casa, a 5 minutos a pie del recinto de la WordCamp.<\/p>\n\n\n\n<div class=\"wp-block-buttons is-content-justification-center is-layout-flex wp-container-core-buttons-is-layout-a89b3969 wp-block-buttons-is-layout-flex\">\n<div class=\"wp-block-button is-style-fill\"><a class=\"wp-block-button__link has-base-color has-custom-iconos-background-color has-text-color has-background has-link-color wp-element-button\" href=\"https:\/\/hotelvivar.com\/\" style=\"border-radius:24px\" target=\"_blank\" rel=\"noreferrer noopener nofollow\">M\u00c1S INFORMACI\u00d3N HOTEL VIVAR<\/a><\/div>\n<\/div>\n<\/div><\/div>\n\n\n\n<div class=\"wp-block-media-text alignfull has-media-on-the-right is-stacked-on-mobile is-vertically-aligned-center is-style-default grid-interior has-custom-leyendas-background-color has-text-color has-background has-link-color wp-elements-db5ddfd0e2a55448dc71a8db2bfe4e47\" style=\"color:#000000;grid-template-columns:auto 56%\"><div class=\"wp-block-media-text__content\">\n<h3 class=\"wp-block-heading has-text-align-left is-style-default has-text-color has-link-color wp-elements-a630a81cfc334b461e1757aff6ea45ae\" style=\"color:#000000;font-size:clamp(1.743em, 1.743rem + ((1vw - 0.2em) * 1.883), 3em);font-style:normal;font-weight:900\">La posada<\/h3>\n\n\n\n<p>En pleno centro de Gri\u00f1\u00f3n se encuentra este peque\u00f1o hotel desde el que podr\u00e1s moverte sin problemas por todo el pueblo.<\/p>\n\n\n\n<div class=\"wp-block-buttons is-content-justification-center is-layout-flex wp-container-core-buttons-is-layout-a89b3969 wp-block-buttons-is-layout-flex\">\n<div class=\"wp-block-button is-style-fill\"><a class=\"wp-block-button__link has-base-color has-custom-iconos-background-color has-text-color has-background has-link-color wp-element-button\" href=\"https:\/\/www.facebook.com\/LaPosadaHostalBar\" target=\"_blank\" rel=\"noreferrer noopener nofollow\">M\u00e1s informaci\u00f3n la posada<\/a><\/div>\n<\/div>\n<\/div><figure class=\"wp-block-media-text__media\"><img data-recalc-dims=\"1\" loading=\"lazy\" decoding=\"async\" width=\"550\" height=\"350\" src=\"https:\/\/i0.wp.com\/grinon.wordcamp.org\/2024\/files\/2024\/04\/la-posada.webp?resize=550%2C350&#038;ssl=1\" alt=\"\" class=\"wp-image-719 size-full\" srcset=\"https:\/\/i0.wp.com\/grinon.wordcamp.org\/2024\/files\/2024\/04\/la-posada.webp?w=550&amp;ssl=1 550w, https:\/\/i0.wp.com\/grinon.wordcamp.org\/2024\/files\/2024\/04\/la-posada.webp?resize=300%2C191&amp;ssl=1 300w, https:\/\/i0.wp.com\/grinon.wordcamp.org\/2024\/files\/2024\/04\/la-posada.webp?resize=471%2C300&amp;ssl=1 471w\" sizes=\"auto, (max-width: 550px) 100vw, 550px\" \/><\/figure><\/div>\n\n\n\n<div class=\"wp-block-media-text alignfull is-stacked-on-mobile is-vertically-aligned-center is-style-default grid-interior has-base-color has-custom-encabezados-background-color has-text-color has-background has-link-color wp-elements-dd1e7f936243e19e2340570ffa5b5df0\" style=\"grid-template-columns:56% auto\"><figure class=\"wp-block-media-text__media\"><img data-recalc-dims=\"1\" loading=\"lazy\" decoding=\"async\" width=\"600\" height=\"400\" src=\"https:\/\/i0.wp.com\/grinon.wordcamp.org\/2024\/files\/2024\/04\/hotelpizarro.webp?resize=600%2C400&#038;ssl=1\" alt=\"\" class=\"wp-image-720 size-full\" srcset=\"https:\/\/i0.wp.com\/grinon.wordcamp.org\/2024\/files\/2024\/04\/hotelpizarro.webp?w=600&amp;ssl=1 600w, https:\/\/i0.wp.com\/grinon.wordcamp.org\/2024\/files\/2024\/04\/hotelpizarro.webp?resize=300%2C200&amp;ssl=1 300w, https:\/\/i0.wp.com\/grinon.wordcamp.org\/2024\/files\/2024\/04\/hotelpizarro.webp?resize=450%2C300&amp;ssl=1 450w\" sizes=\"auto, (max-width: 600px) 100vw, 600px\" \/><\/figure><div class=\"wp-block-media-text__content\">\n<h3 class=\"wp-block-heading has-text-align-left is-style-default has-base-color has-text-color has-link-color wp-elements-ebbaa21487c9a6857f79937d67d6b71c\" style=\"font-size:clamp(1.743em, 1.743rem + ((1vw - 0.2em) * 1.883), 3em);font-style:normal;font-weight:900\">Hotel Pizarro<\/h3>\n\n\n\n<p>El hotel pizarro cuenta con una muy buena comunicaci\u00f3n con los alrededores y el resto de la comunidad de madrid<\/p>\n\n\n\n<div class=\"wp-block-buttons is-content-justification-center is-layout-flex wp-container-core-buttons-is-layout-a89b3969 wp-block-buttons-is-layout-flex\">\n<div class=\"wp-block-button is-style-fill\"><a class=\"wp-block-button__link has-base-color has-custom-iconos-background-color has-text-color has-background has-link-color wp-element-button\" href=\"https:\/\/www.hotelpizarro.com\/\" target=\"_blank\" rel=\"noreferrer noopener nofollow\">M\u00e1s informaci\u00f3n hotel pizarro<\/a><\/div>\n<\/div>\n<\/div><\/div>\n\n\n\n<div class=\"wp-block-media-text alignfull has-media-on-the-right is-stacked-on-mobile is-vertically-aligned-center is-style-default grid-interior has-custom-leyendas-background-color has-text-color has-background has-link-color wp-elements-2d3f40792df5c9fd939336809dbe579b\" style=\"color:#000000;grid-template-columns:auto 56%\"><div class=\"wp-block-media-text__content\">\n<h3 class=\"wp-block-heading has-text-align-left is-style-default has-text-color has-link-color wp-elements-8ed1125f12ffea8d288fe0199b502fb5\" style=\"color:#000000;font-size:clamp(1.743em, 1.743rem + ((1vw - 0.2em) * 1.883), 3em);font-style:normal;font-weight:900\">Hotel Comendador<\/h3>\n\n\n\n<p>No est\u00e1 en Gri\u00f1\u00f3n, sino en la cercana localidad de Carranque, pero puedes alojarte en este hotel y completar el plan del fin de semana entre burbujas y masajes. Su spa, Domus \u00c1urea est\u00e1 considerado como uno de los mejores, en los alrededores de Madrid.<\/p>\n\n\n\n<div class=\"wp-block-buttons is-content-justification-center is-layout-flex wp-container-core-buttons-is-layout-a89b3969 wp-block-buttons-is-layout-flex\">\n<div class=\"wp-block-button is-style-fill\"><a class=\"wp-block-button__link has-base-color has-custom-iconos-background-color has-text-color has-background has-link-color wp-element-button\" href=\"https:\/\/www.hotelcomendador.es\/\" target=\"_blank\" rel=\"noreferrer noopener nofollow\">M\u00e1s informaci\u00f3n hotel comendador<\/a><\/div>\n<\/div>\n<\/div><figure class=\"wp-block-media-text__media\"><img data-recalc-dims=\"1\" loading=\"lazy\" decoding=\"async\" width=\"550\" height=\"349\" src=\"https:\/\/i0.wp.com\/grinon.wordcamp.org\/2024\/files\/2024\/04\/jardines-hotel-comendador.webp?resize=550%2C349&#038;ssl=1\" alt=\"\" class=\"wp-image-718 size-full\" srcset=\"https:\/\/i0.wp.com\/grinon.wordcamp.org\/2024\/files\/2024\/04\/jardines-hotel-comendador.webp?w=550&amp;ssl=1 550w, https:\/\/i0.wp.com\/grinon.wordcamp.org\/2024\/files\/2024\/04\/jardines-hotel-comendador.webp?resize=300%2C190&amp;ssl=1 300w, https:\/\/i0.wp.com\/grinon.wordcamp.org\/2024\/files\/2024\/04\/jardines-hotel-comendador.webp?resize=473%2C300&amp;ssl=1 473w\" sizes=\"auto, (max-width: 550px) 100vw, 550px\" \/><\/figure><\/div>\n\n\n\n<div style=\"height:100px\" aria-hidden=\"true\" class=\"wp-block-spacer\"><\/div>\n","protected":false},"excerpt":{"rendered":"<p>Informaci\u00f3n de alojamientos cercanos a WordCamp Gri\u00f1\u00f3n 2024<\/p>\n","protected":false},"author":14646883,"featured_media":1353,"parent":0,"menu_order":0,"comment_status":"closed","ping_status":"closed","template":"page-no-title","meta":{"advanced_seo_description":"","jetpack_seo_html_title":"","jetpack_seo_noindex":false,"jetpack_post_was_ever_published":false,"footnotes":""},"class_list":["post-648","page","type-page","status-publish","has-post-thumbnail","hentry"],"jetpack_sharing_enabled":true,"jetpack-related-posts":[{"id":1975,"url":"https:\/\/grinon.wordcamp.org\/2024\/patrocinadores\/","url_meta":{"origin":648,"position":0},"title":"Patrocinadores","author":"flopez1977","date":"18\/06\/2024","format":false,"excerpt":"Patrocinadores de WordCamp Gri\u00f1\u00f3n.","rel":"","context":"Entrada similar","block_context":{"text":"Entrada similar","link":""},"img":{"alt_text":"","src":"https:\/\/i0.wp.com\/grinon.wordcamp.org\/2024\/files\/2024\/05\/cropped-logo-wordcamp-grinon-madrid-ico-2.png?fit=512%2C512&resize=350%2C200#038;ssl=1","width":350,"height":200},"classes":[]},{"id":3504,"url":"https:\/\/grinon.wordcamp.org\/2024\/ubicacion\/","url_meta":{"origin":648,"position":1},"title":"ubicaci\u00f3n","author":"David Plaza","date":"20\/11\/2024","format":false,"excerpt":"C\u00f3mo llegar a WordCamp Gri\u00f1\u00f3n 2024","rel":"","context":"Entrada similar","block_context":{"text":"Entrada similar","link":""},"img":{"alt_text":"Centro Cultural de Gri\u00f1\u00f3n donde se celebra WordCamp Gri\u00f1\u00f3n","src":"https:\/\/i0.wp.com\/grinon.wordcamp.org\/2024\/files\/2024\/04\/centro-cultural-de-grinon-wordcamp-grinon-2022-1-1024x521-1.webp?fit=1024%2C521&ssl=1&resize=350%2C200","width":350,"height":200,"srcset":"https:\/\/i0.wp.com\/grinon.wordcamp.org\/2024\/files\/2024\/04\/centro-cultural-de-grinon-wordcamp-grinon-2022-1-1024x521-1.webp?fit=1024%2C521&ssl=1&resize=350%2C200 1x, https:\/\/i0.wp.com\/grinon.wordcamp.org\/2024\/files\/2024\/04\/centro-cultural-de-grinon-wordcamp-grinon-2022-1-1024x521-1.webp?fit=1024%2C521&ssl=1&resize=525%2C300 1.5x, https:\/\/i0.wp.com\/grinon.wordcamp.org\/2024\/files\/2024\/04\/centro-cultural-de-grinon-wordcamp-grinon-2022-1-1024x521-1.webp?fit=1024%2C521&ssl=1&resize=700%2C400 2x"},"classes":[]},{"id":2938,"url":"https:\/\/grinon.wordcamp.org\/2024\/programa-2024\/","url_meta":{"origin":648,"position":2},"title":"Programa wordcamp gri\u00f1\u00f3n 2024","author":"David Plaza","date":"15\/10\/2024","format":false,"excerpt":"Programa de WordCamp Gri\u00f1\u00f3n 2024","rel":"","context":"Entrada similar","block_context":{"text":"Entrada similar","link":""},"img":{"alt_text":"","src":"https:\/\/i0.wp.com\/grinon.wordcamp.org\/2024\/files\/2024\/05\/cropped-logo-wordcamp-grinon-madrid-ico-2.png?fit=512%2C512&resize=350%2C200#038;ssl=1","width":350,"height":200},"classes":[]},{"id":646,"url":"https:\/\/grinon.wordcamp.org\/2024\/transporte\/","url_meta":{"origin":648,"position":3},"title":"Transporte","author":"David Plaza","date":"05\/05\/2024","format":false,"excerpt":"Informaci\u00f3n de c\u00f3mo llegar a WordCamp Gri\u00f1\u00f3n 2024","rel":"","context":"Entrada similar","block_context":{"text":"Entrada similar","link":""},"img":{"alt_text":"Autob\u00fas gratuito desde Madrid cerca de la estaci\u00f3n de Atocha","src":"https:\/\/i0.wp.com\/grinon.wordcamp.org\/2024\/files\/2024\/04\/bus-wordcamp-grinon-2024.webp?fit=1200%2C722&ssl=1&resize=350%2C200","width":350,"height":200,"srcset":"https:\/\/i0.wp.com\/grinon.wordcamp.org\/2024\/files\/2024\/04\/bus-wordcamp-grinon-2024.webp?fit=1200%2C722&ssl=1&resize=350%2C200 1x, https:\/\/i0.wp.com\/grinon.wordcamp.org\/2024\/files\/2024\/04\/bus-wordcamp-grinon-2024.webp?fit=1200%2C722&ssl=1&resize=525%2C300 1.5x, https:\/\/i0.wp.com\/grinon.wordcamp.org\/2024\/files\/2024\/04\/bus-wordcamp-grinon-2024.webp?fit=1200%2C722&ssl=1&resize=700%2C400 2x, https:\/\/i0.wp.com\/grinon.wordcamp.org\/2024\/files\/2024\/04\/bus-wordcamp-grinon-2024.webp?fit=1200%2C722&ssl=1&resize=1050%2C600 3x"},"classes":[]},{"id":2092,"url":"https:\/\/grinon.wordcamp.org\/2024\/codigo-de-conducta\/","url_meta":{"origin":648,"position":4},"title":"C\u00f3digo de conducta","author":"David Plaza","date":"16\/06\/2024","format":false,"excerpt":"C\u00f3digo de conducta que debes cumplir en WordCamp Gri\u00f1\u00f3n 2024.","rel":"","context":"Entrada similar","block_context":{"text":"Entrada similar","link":""},"img":{"alt_text":"","src":"https:\/\/i0.wp.com\/grinon.wordcamp.org\/2024\/files\/2024\/05\/cropped-logo-wordcamp-grinon-madrid-ico-2.png?fit=512%2C512&resize=350%2C200#038;ssl=1","width":350,"height":200},"classes":[]},{"id":14,"url":"https:\/\/grinon.wordcamp.org\/2024\/asistentes\/","url_meta":{"origin":648,"position":5},"title":"Asistentes","author":"David Plaza","date":"05\/05\/2024","format":false,"excerpt":"Listado de asistentes que han comprado su entrada para WordCamp Gri\u00f1\u00f3n y han autorizado aparecer en este listado.","rel":"","context":"Entrada similar","block_context":{"text":"Entrada similar","link":""},"img":{"alt_text":"comida wordcamp grin\u0303on 2022","src":"https:\/\/i0.wp.com\/grinon.wordcamp.org\/2024\/files\/2024\/04\/comida-wordcamp-grinon.webp?fit=1200%2C375&ssl=1&resize=350%2C200","width":350,"height":200,"srcset":"https:\/\/i0.wp.com\/grinon.wordcamp.org\/2024\/files\/2024\/04\/comida-wordcamp-grinon.webp?fit=1200%2C375&ssl=1&resize=350%2C200 1x, https:\/\/i0.wp.com\/grinon.wordcamp.org\/2024\/files\/2024\/04\/comida-wordcamp-grinon.webp?fit=1200%2C375&ssl=1&resize=525%2C300 1.5x, https:\/\/i0.wp.com\/grinon.wordcamp.org\/2024\/files\/2024\/04\/comida-wordcamp-grinon.webp?fit=1200%2C375&ssl=1&resize=700%2C400 2x, https:\/\/i0.wp.com\/grinon.wordcamp.org\/2024\/files\/2024\/04\/comida-wordcamp-grinon.webp?fit=1200%2C375&ssl=1&resize=1050%2C600 3x"},"classes":[]}],"jetpack_shortlink":"https:\/\/wp.me\/PeSE0T-as","_links":{"self":[{"href":"https:\/\/grinon.wordcamp.org\/2024\/wp-json\/wp\/v2\/pages\/648","targetHints":{"allow":["GET"]}}],"collection":[{"href":"https:\/\/grinon.wordcamp.org\/2024\/wp-json\/wp\/v2\/pages"}],"about":[{"href":"https:\/\/grinon.wordcamp.org\/2024\/wp-json\/wp\/v2\/types\/page"}],"author":[{"embeddable":true,"href":"https:\/\/grinon.wordcamp.org\/2024\/wp-json\/wp\/v2\/users\/14646883"}],"replies":[{"embeddable":true,"href":"https:\/\/grinon.wordcamp.org\/2024\/wp-json\/wp\/v2\/comments?post=648"}],"version-history":[{"count":35,"href":"https:\/\/grinon.wordcamp.org\/2024\/wp-json\/wp\/v2\/pages\/648\/revisions"}],"predecessor-version":[{"id":1462,"href":"https:\/\/grinon.wordcamp.org\/2024\/wp-json\/wp\/v2\/pages\/648\/revisions\/1462"}],"wp:featuredmedia":[{"embeddable":true,"href":"https:\/\/grinon.wordcamp.org\/2024\/wp-json\/wp\/v2\/media\/1353"}],"wp:attachment":[{"href":"https:\/\/grinon.wordcamp.org\/2024\/wp-json\/wp\/v2\/media?parent=648"}],"curies":[{"name":"wp","href":"https:\/\/api.w.org\/{rel}","templated":true}]}}